{"id":251971,"date":"2023-07-02T20:22:57","date_gmt":"2023-07-02T19:22:57","guid":{"rendered":"https:\/\/www.moskito.cz\/produkt\/zatvaraci-noz-spyderco-dragonfly-2-c28pbk2\/"},"modified":"2024-04-17T08:41:30","modified_gmt":"2024-04-17T07:41:30","slug":"zatvaraci-noz-spyderco-dragonfly-2-c28pbk2","status":"publish","type":"product","link":"https:\/\/www.moskito.cz\/sk\/produkt\/zatvaraci-noz-spyderco-dragonfly-2-c28pbk2\/","title":{"rendered":"Zatv\u00e1rac\u00ed N\u00f4\u017e Spyderco Dragonfly 2 C28PBK2"},"content":{"rendered":"<p>Zatv\u00e1rac\u00ed N\u00f4\u017e <strong>Spyderco<\/strong> Dragonfly 2 C28PBK2<\/p>\n<p>CQI \u2013 Neust\u00e1le zlep\u0161ovanie kvality je proces, ktor\u00fd <strong>Spyderco<\/strong> pou\u017e\u00edva na hodnotenie a zdokona\u013eovanie dlhodobo zaveden\u00fdch modelov no\u017eov. Niekedy s\u00fa zmeny CQI ve\u013ek\u00e9 a vidite\u013en\u00e9, niekedy s\u00fa to men\u0161ie vylep\u0161enia. Ned\u00e1vno sme aplikovali CQI na klasick\u00fa Dragonfly a vytvorili sme nov\u00fa Dragonfly 2. Dragonfly 2 vylep\u0161uje niektor\u00e9 pozoruhodn\u00e9 funkcie oproti klasickej verzii, pri\u010dom zachov\u00e1va d\u00f4le\u017eit\u00e9 z\u00e1klady.<\/p>\n<p>Medzi vlastnosti, ktor\u00e9 sa pren\u00e1\u0161aj\u00fa do novej verzie, patr\u00ed osved\u010den\u00e1 stredne ve\u013ek\u00e1 \u010depe\u013e a ergonomick\u00e1 rukov\u00e4\u0165 spolu s n\u00e1stavcom na predn\u00fd prst a chrbtom. Tie\u017e zachovanie geometrie medzi \u010depe\u013eou a rukov\u00e4\u0165ou a p\u00e1kov\u00fdch bodov, v\u010faka ktor\u00fdm Dragonfly re\u017ee a pri dr\u017ean\u00ed p\u00f4sob\u00ed ako ove\u013ea v\u00e4\u010d\u0161\u00ed n\u00f4\u017e.<\/p>\n<p>Medzi nov\u00e9 vylep\u0161enia patria: pridanie \u013eavej\/pravej vykl\u00e1pacej dr\u00f4tenej spony, patentovan\u00e9 obojsmern\u00e9 text\u00farovanie na rukov\u00e4ti, choil a spine imping a zoskrutkovan\u00e1 kon\u0161trukcia rukov\u00e4te. \u010cepe\u013e je st\u00e1le pr\u00e9miov\u00e1 VG-10, teraz vo vysoko v\u00fdkonnom plochom br\u00fasen\u00ed.<\/p>\n<p>Poloha roz\u0161\u00edren\u00e9ho okr\u00fahleho otvoru Spyderco vzh\u013eadom k \u010dapu vedie k hladk\u00e9mu otv\u00e1raniu a rukov\u00e4\u0165 FRN (nylon vystu\u017een\u00fd sklenen\u00fdmi vl\u00e1knami) ergonomicky padne do ruky s radom uhlov \u00fachopu a p\u00e1kov\u00fdch bodov.<\/p>\n<p>\u0160pecifik\u00e1cia:<br \/>\nD\u013a\u017eka \u010depele: 5.8 cm<br \/>\nHr\u00fabka \u010depele: 0.25 cm<br \/>\nCelkov\u00e1 d\u013a\u017eka: 13.8 cm<br \/>\nD\u013a\u017eka v zatvorenom stave: 8.2 cm<br \/>\nOce\u013e \u010depele: VG-10<br \/>\nHmotnos\u0165: 1,2 oz. (33 g)<br \/>\nMateri\u00e1l rukov\u00e4te: FRN<br \/>\nVyroben\u00e9 v Seki-City, Japonsko<\/p>\n","protected":false},"excerpt":{"rendered":"<p><strong>CQI \u2013 Neust\u00e1le zlep\u0161ovanie kvality je proces, ktor\u00fd Spyderco pou\u017e\u00edva na hodnotenie a zdokona\u013eovanie dlhodobo zaveden\u00fdch modelov no\u017eov.<\/strong><\/p>\n","protected":false},"featured_media":251960,"comment_status":"open","ping_status":"closed","template":"","meta":[],"pwb-brand":[3261],"product_brand":[],"product_cat":[3233,3186],"product_tag":[3668],"class_list":{"0":"post-251971","1":"product","2":"type-product","3":"status-publish","4":"has-post-thumbnail","6":"pwb-brand-zatvaraci-noz-spyderco-endura-flat-ground-gray-frn-c10fpgy","7":"product_cat-zatvaracie-noze","8":"product_cat-noze-sk","9":"product_tag-b2b-sk","11":"first","12":"instock","13":"taxable","14":"shipping-taxable","15":"purchasable","16":"product-type-simple"},"brands":[{"id":3261,"name":"Zatv\u00e1rac\u00ed N\u00f4\u017e Spyderco Endura Flat Ground Gray FRN C10FPGY","slug":"zatvaraci-noz-spyderco-endura-flat-ground-gray-frn-c10fpgy"}],"_links":{"self":[{"href":"https:\/\/www.moskito.cz\/sk\/wp-json\/wp\/v2\/product\/251971","targetHints":{"allow":["GET"]}}],"collection":[{"href":"https:\/\/www.moskito.cz\/sk\/wp-json\/wp\/v2\/product"}],"about":[{"href":"https:\/\/www.moskito.cz\/sk\/wp-json\/wp\/v2\/types\/product"}],"replies":[{"embeddable":true,"href":"https:\/\/www.moskito.cz\/sk\/wp-json\/wp\/v2\/comments?post=251971"}],"wp:featuredmedia":[{"embeddable":true,"href":"https:\/\/www.moskito.cz\/sk\/wp-json\/wp\/v2\/media\/251960"}],"wp:attachment":[{"href":"https:\/\/www.moskito.cz\/sk\/wp-json\/wp\/v2\/media?parent=251971"}],"wp:term":[{"taxonomy":"pwb-brand","embeddable":true,"href":"https:\/\/www.moskito.cz\/sk\/wp-json\/wp\/v2\/pwb-brand?post=251971"},{"taxonomy":"product_brand","embeddable":true,"href":"https:\/\/www.moskito.cz\/sk\/wp-json\/wp\/v2\/product_brand?post=251971"},{"taxonomy":"product_cat","embeddable":true,"href":"https:\/\/www.moskito.cz\/sk\/wp-json\/wp\/v2\/product_cat?post=251971"},{"taxonomy":"product_tag","embeddable":true,"href":"https:\/\/www.moskito.cz\/sk\/wp-json\/wp\/v2\/product_tag?post=251971"}],"curies":[{"name":"wp","href":"https:\/\/api.w.org\/{rel}","templated":true}]}}