{"id":252185,"date":"2023-07-03T18:35:30","date_gmt":"2023-07-03T17:35:30","guid":{"rendered":"https:\/\/www.moskito.cz\/produkt\/vystrelovaci-noz-microtech-borka-stitch-artic-camo-full-serrated-169-3acs\/"},"modified":"2025-05-07T10:51:51","modified_gmt":"2025-05-07T09:51:51","slug":"vystrelovaci-noz-microtech-borka-stitch-artic-camo-full-serrated-169-3acs","status":"publish","type":"product","link":"https:\/\/www.moskito.cz\/sk\/produkt\/vystrelovaci-noz-microtech-borka-stitch-artic-camo-full-serrated-169-3acs\/","title":{"rendered":"Vystre\u013eovac\u00ed N\u00f4\u017e Microtech Borka Stitch Artic Camo Full Serrated 169-3ACS"},"content":{"rendered":"<p>Vystre\u013eovac\u00ed N\u00f4\u017e <strong>Microtech<\/strong> Borka Stitch Artic Camo Full Serrated 169-3ACS<\/p>\n<p>Automatic Stitch je kr\u00e1sna taktick\u00e1 spolupr\u00e1ca medzi Tonym Marfione a Sebastijanom Berenjim, AKA Borka. Vyu\u017e\u00edva \u00fa\u017easn\u00fd Sebastijanov dizajn Stitch a sp\u00e1ja ho s \u00fa\u017easn\u00fdm Tonyho automatick\u00fdm otv\u00e1rac\u00edm mechanizmom, aby vytvoril jednu z naj\u00fa\u017easnej\u0161\u00edch produk\u010dn\u00fdch spolupr\u00e1c roku 2017. 3,625&#8243; \u010depe\u013e s hrotom kopije sa vyzna\u010duje ploch\u00fdm br\u00fasen\u00edm, mestsk\u00fdm camo povrchom a p\u00e1skovan\u00edm na prstoch a palcoch. pre vynikaj\u00faci n\u00e1kup pri jemnej\u0161\u00edch rezac\u00edch \u00fakonoch. Rukov\u00e4\u0165 je silne fr\u00e9zovan\u00fd hlin\u00edk s eloxovan\u00fdm povrchom Arctic camo Mil-Spec Hardcoat a hlin\u00edkov\u00fdm backspacerom. Vystrel\u00ed ako raketa a pevne sa uzamkne, \u010do vzh\u013eadom na to, \u017ee sa jedn\u00e1 o AUTO, je p\u00f4sobiv\u00fd po\u010din. Toto je dlho o\u010dak\u00e1van\u00fd produk\u010dn\u00fd model sl\u00e1vneho customu, v\u010faka ktor\u00e9mu m\u00e1te \u0161ancu ma\u0165 n\u00f4\u017e <strong>Borka za zlomok ceny<\/strong> .<\/p>\n<p>\u0160pecifik\u00e1cia<br \/>\nD\u013a\u017eka \u010depele: 9 cm<br \/>\nD\u013a\u017eka rukov\u00e4te: 12.5 cm<br \/>\nCelkov\u00e1 d\u013a\u017eka: 21.25 cm<br \/>\nOce\u013e: M390<br \/>\nHr\u00fabka \u010depele: 0,190&#8243;<br \/>\n\u0160t\u00fdl \u010depele: Spear Point<br \/>\nBr\u00fasenie \u010depele: Ploch\u00e9<br \/>\nPovrchov\u00e1 \u00faprava \u010depele: Arctic Camo<br \/>\nMateri\u00e1l rukov\u00e4te: Fr\u00e9zovan\u00fd hlin\u00edk, eloxovan\u00fd tvrd\u00fd povlak Urban Camo Mil-Spec<br \/>\nHr\u00fabka rukov\u00e4te: 0,62&#8243;<br \/>\nUzamykac\u00ed mechanizmus: Tla\u010didlo<br \/>\nVreckov\u00fd klip: Nerezov\u00e1 oce\u013e (vykl\u00e1pacie, prav\u00e9 nosenie)<br \/>\nHmotnos\u0165: 6,3 oz.<br \/>\nDizajn\u00e9ri: Sebastijan Berenji a Tony Marfione<br \/>\nVyroben\u00e9 v USA<\/p>\n<p><iframe title=\"Microtech Combat Troodon Torture Test\" width=\"800\" height=\"450\" src=\"https:\/\/www.youtube.com\/embed\/xE9TeOFYEjg?feature=oembed\" frameborder=\"0\" allow=\"accelerometer; autoplay; clipboard-write; encrypted-media; gyroscope; picture-in-picture; web-share\" allowfullscreen><\/iframe><\/p>\n<p>&nbsp;<\/p>\n","protected":false},"excerpt":{"rendered":"<p>V priebehu rokov <strong>Microtech\u00ae Knives<\/strong> naplnil v\u00e1\u0161\u0148ou a zru\u010dnos\u0165ou v\u00fdrobu no\u017eov, a\u017e z nich vytvoril takmer umeleck\u00e9 diela, ktor\u00e9 s\u00fa vrcholom funk\u010dnosti. V\u0161etky diely s\u00fa vyroben\u00e9 v USA.<br \/>\n<strong>Na v\u0161etky no\u017ee Microtech je do\u017eivotn\u00e1 z\u00e1ruka.<\/strong><\/p>\n<p><strong>Doprava zadarmo.<\/strong><\/p>\n","protected":false},"featured_media":252181,"comment_status":"open","ping_status":"closed","template":"","meta":[],"pwb-brand":[3200],"product_brand":[],"product_cat":[3186,3197],"product_tag":[3668],"class_list":{"0":"post-252185","1":"product","2":"type-product","3":"status-publish","4":"has-post-thumbnail","6":"pwb-brand-microtech-sk","7":"product_cat-noze-sk","8":"product_cat-vystrelovacie-noze-sk","9":"product_tag-b2b-sk","11":"first","12":"instock","13":"taxable","14":"shipping-taxable","15":"purchasable","16":"product-type-simple"},"brands":[{"id":3200,"name":"Microtech","slug":"microtech-sk"}],"_links":{"self":[{"href":"https:\/\/www.moskito.cz\/sk\/wp-json\/wp\/v2\/product\/252185","targetHints":{"allow":["GET"]}}],"collection":[{"href":"https:\/\/www.moskito.cz\/sk\/wp-json\/wp\/v2\/product"}],"about":[{"href":"https:\/\/www.moskito.cz\/sk\/wp-json\/wp\/v2\/types\/product"}],"replies":[{"embeddable":true,"href":"https:\/\/www.moskito.cz\/sk\/wp-json\/wp\/v2\/comments?post=252185"}],"wp:featuredmedia":[{"embeddable":true,"href":"https:\/\/www.moskito.cz\/sk\/wp-json\/wp\/v2\/media\/252181"}],"wp:attachment":[{"href":"https:\/\/www.moskito.cz\/sk\/wp-json\/wp\/v2\/media?parent=252185"}],"wp:term":[{"taxonomy":"pwb-brand","embeddable":true,"href":"https:\/\/www.moskito.cz\/sk\/wp-json\/wp\/v2\/pwb-brand?post=252185"},{"taxonomy":"product_brand","embeddable":true,"href":"https:\/\/www.moskito.cz\/sk\/wp-json\/wp\/v2\/product_brand?post=252185"},{"taxonomy":"product_cat","embeddable":true,"href":"https:\/\/www.moskito.cz\/sk\/wp-json\/wp\/v2\/product_cat?post=252185"},{"taxonomy":"product_tag","embeddable":true,"href":"https:\/\/www.moskito.cz\/sk\/wp-json\/wp\/v2\/product_tag?post=252185"}],"curies":[{"name":"wp","href":"https:\/\/api.w.org\/{rel}","templated":true}]}}