{"id":252392,"date":"2023-07-04T15:21:12","date_gmt":"2023-07-04T14:21:12","guid":{"rendered":"https:\/\/www.moskito.cz\/?post_type=product&#038;p=252392"},"modified":"2025-05-07T10:51:58","modified_gmt":"2025-05-07T09:51:58","slug":"zaviraci-nuz-spyderco-dragonfly-2-lightweight-c28fp2wk390","status":"publish","type":"product","link":"https:\/\/www.moskito.cz\/sk\/produkt\/zaviraci-nuz-spyderco-dragonfly-2-lightweight-c28fp2wk390\/","title":{"rendered":"Zav\u00edrac\u00ed N\u016f\u017e Spyderco Dragonfly 2 Lightweight C28FP2WK390"},"content":{"rendered":"<p>Zav\u00edrac\u00ed N\u016f\u017e <strong>Spyderco<\/strong> Dragonfly 2 Lightweight C28FP2WK390<\/p>\n<p>Dragonfly 2 je jedn\u00edm z velikostn\u011b nej\u00fa\u010dinn\u011bj\u0161\u00edch zav\u00edrac\u00edch no\u017e\u016f, kter\u00e9 byly kdy vytvo\u0159eny, zvl\u00e1\u0161t\u011b kdy\u017e je s \u010depel\u00ed ve stylu Wharncliffe s rovn\u00fdm ost\u0159\u00edm. Kdy\u017e je tento kotou\u010d vyroben z hou\u017eevnat\u00e9 n\u00e1strojov\u00e9 oceli K390 odoln\u00e9 proti opot\u0159eben\u00ed, v\u00fdsledkem je kompaktn\u00ed, v\u00fdkonn\u00fd \u0159ezn\u00fd n\u00e1stroj, kter\u00fd zaujme a udr\u017e\u00ed v\u00fdjime\u010dnou hranu. Stejn\u011b jako standardn\u00ed Dragonfly 2 je i tento n\u016f\u017e vybaven u\u017eivatelsky p\u0159\u00edv\u011btiv\u00fdm zadn\u00edm z\u00e1mkem a oboustrannou dr\u00e1t\u011bnou sponou s hlubokou kapsou, ale jeho bezvlo\u017ekov\u00e1 rukoje\u0165 FRN je vylisov\u00e1na v typick\u00e9 modr\u00e9 barv\u011b no\u017e\u016f rodiny Spyderco K390.<\/p>\n<p>Pozn\u00e1mka: K390 je vysoce v\u00fdkonn\u00e1 nerezov\u00e1 ocel, kter\u00e1 m\u016f\u017ee p\u0159i nespr\u00e1vn\u00e9 p\u00e9\u010di rezav\u011bt. Po pou\u017eit\u00ed \u010depel v\u017edy o\u010dist\u011bte a osu\u0161te a v p\u0159\u00edpad\u011b pot\u0159eby naneste olej nebo jin\u00e9 p\u0159\u00edpravky zabra\u0148uj\u00edc\u00ed korozi.<br \/>\nSpecifikace<\/p>\n<p>D\u00e9lka \u010depele: 5.8 cm<br \/>\n\u0158ezn\u00e1 hrana: 4.8 cm<br \/>\nD\u00e9lka v zav\u0159en\u00e9m stavu: 8.5 cm<br \/>\nCelkov\u00e1 d\u00e9lka: 14.2 cm<br \/>\nTlou\u0161\u0165ka \u010depele: 0.25 cm<\/p>\n<p>Materi\u00e1l \u010depele: N\u00e1strojov\u00e1 ocel K390<br \/>\nStyl \u010depele: Wharncliffe<br \/>\nBrou\u0161en\u00ed \u010depele: Pln\u011b ploch\u00e9<br \/>\nPovrchov\u00e1 \u00faprava \u010depele: sat\u00e9n<br \/>\nOst\u0159\u00ed \u010depele: Hladk\u00e9<br \/>\nMateri\u00e1l rukojeti: FRN<br \/>\nBarva rukojeti: kobaltov\u00e1 modr\u00e1<br \/>\nUzamykac\u00ed mechanismus: Lockback<br \/>\nKapesn\u00ed spona: dr\u00e1t (skl\u00e1p\u011bc\u00ed, prav\u00e9\/lev\u00e9 no\u0161en\u00ed)<br \/>\n\u010c\u00edslo modelu: C28FP2WK390<br \/>\nN\u00e1zev modelu: Dragonfly 2 Lightweight Wharncliffe K390<br \/>\nHmotnost: 1,20 oz. (34 g)<br \/>\nVyrobeno v Japonsku<\/p>\n<p>&nbsp;<\/p>\n","protected":false},"excerpt":{"rendered":"<p><strong>Dragonfly 2 je jedn\u00edm z velikostn\u011b nej\u00fa\u010dinn\u011bj\u0161\u00edch zav\u00edrac\u00edch no\u017e\u016f, kter\u00e9 byly kdy vytvo\u0159eny, zvl\u00e1\u0161t\u011b kdy\u017e je s \u010depel\u00ed ve stylu Wharncliffe s rovn\u00fdm ost\u0159\u00edm.<\/strong><\/p>\n","protected":false},"featured_media":252393,"comment_status":"open","ping_status":"closed","template":"","meta":[],"pwb-brand":[567],"product_brand":[],"product_cat":[22,17],"product_tag":[3667],"class_list":{"0":"post-252392","1":"product","2":"type-product","3":"status-publish","4":"has-post-thumbnail","6":"pwb-brand-spyderco","7":"product_cat-zaviraci-noze","8":"product_cat-noze","9":"product_tag-b2b","11":"first","12":"instock","13":"taxable","14":"shipping-taxable","15":"purchasable","16":"product-type-simple"},"brands":[{"id":567,"name":"Spyderco","slug":"spyderco"}],"_links":{"self":[{"href":"https:\/\/www.moskito.cz\/sk\/wp-json\/wp\/v2\/product\/252392","targetHints":{"allow":["GET"]}}],"collection":[{"href":"https:\/\/www.moskito.cz\/sk\/wp-json\/wp\/v2\/product"}],"about":[{"href":"https:\/\/www.moskito.cz\/sk\/wp-json\/wp\/v2\/types\/product"}],"replies":[{"embeddable":true,"href":"https:\/\/www.moskito.cz\/sk\/wp-json\/wp\/v2\/comments?post=252392"}],"wp:featuredmedia":[{"embeddable":true,"href":"https:\/\/www.moskito.cz\/sk\/wp-json\/wp\/v2\/media\/252393"}],"wp:attachment":[{"href":"https:\/\/www.moskito.cz\/sk\/wp-json\/wp\/v2\/media?parent=252392"}],"wp:term":[{"taxonomy":"pwb-brand","embeddable":true,"href":"https:\/\/www.moskito.cz\/sk\/wp-json\/wp\/v2\/pwb-brand?post=252392"},{"taxonomy":"product_brand","embeddable":true,"href":"https:\/\/www.moskito.cz\/sk\/wp-json\/wp\/v2\/product_brand?post=252392"},{"taxonomy":"product_cat","embeddable":true,"href":"https:\/\/www.moskito.cz\/sk\/wp-json\/wp\/v2\/product_cat?post=252392"},{"taxonomy":"product_tag","embeddable":true,"href":"https:\/\/www.moskito.cz\/sk\/wp-json\/wp\/v2\/product_tag?post=252392"}],"curies":[{"name":"wp","href":"https:\/\/api.w.org\/{rel}","templated":true}]}}