{"id":252524,"date":"2023-07-04T17:55:49","date_gmt":"2023-07-04T16:55:49","guid":{"rendered":"https:\/\/www.moskito.cz\/?post_type=product&#038;p=252524"},"modified":"2025-05-07T10:52:00","modified_gmt":"2025-05-07T09:52:00","slug":"zaviraci-nuz-spyderco-pacific-salt-2-c91syl2","status":"publish","type":"product","link":"https:\/\/www.moskito.cz\/sk\/produkt\/zaviraci-nuz-spyderco-pacific-salt-2-c91syl2\/","title":{"rendered":"Zav\u00edrac\u00ed N\u016f\u017e Spyderco Pacific Salt 2 C91SYL2"},"content":{"rendered":"<p>Zav\u00edrac\u00ed N\u016f\u017e <strong>Spyderco<\/strong> Pacific Salt 2 C91SYL2<\/p>\n<p>Pacific Salt 2 zt\u011bles\u0148uje ne\u00fanavnou snahu spole\u010dnosti Spyderco o neust\u00e1l\u00e9 zlep\u0161ov\u00e1n\u00ed kvality (CQI) ve v\u0161em, co d\u011blaj\u00ed. Kombinuje ultra-korozn\u00ed vlastnosti oceli \u010depele H2 s vyt\u0159\u00edbenou ergonomi\u00ed a \u010dty\u0159polohovou sponou na kapsy nejlep\u0161\u00edho Endura 4 Lightweight ve sv\u00e9 t\u0159\u00edd\u011b. Jeho konstrukce bez vlo\u017eky tak\u00e9 d\u00e1le sni\u017euje hmotnost no\u017ee a jeho zranitelnost v\u016f\u010di korozi. Tato verze Pacific Salt 2 se vyzna\u010duje jasn\u011b \u017elutou rukojet\u00ed, kter\u00e1 je snadno viditeln\u00e1 ve vod\u011b i kolem n\u00ed s mo\u017enost\u00ed v\u00fdb\u011bru \u010depele PlainEdge nebo pln\u011b zoubkovan\u00e9 \u010depele SpyderEdge.<br \/>\nSpecifikace<\/p>\n<p>D\u00e9lka \u010depele: 9.6 cm<br \/>\nD\u00e9lka v zav\u0159en\u00e9m stavu: 12.6 cm<br \/>\nCelkov\u00e1 d\u00e9lka: 22.1 cm<br \/>\nTlou\u0161\u0165ka \u010depele: 0.29 cm<br \/>\nMateri\u00e1l \u010depele: H2 ultra-korozi odoln\u00e1 ocel<br \/>\nStyl \u010depele: Drop Point<br \/>\nBrou\u0161en\u00ed \u010depele: Dut\u00e9<br \/>\nPovrchov\u00e1 \u00faprava \u010depele: sat\u00e9n<br \/>\nOst\u0159\u00ed \u010depele: Vroubkovan\u00e9<br \/>\nMateri\u00e1l rukojeti: FRN<br \/>\nBarva rukojeti: \u017elut\u00e1<br \/>\nUzamykac\u00ed mechanismus: Lockback<br \/>\nKapesn\u00ed spona: Nerezov\u00e1 ocel (Tip-Up\/Down, Right\/Left carry)<br \/>\n\u010c\u00edslo modelu: C91PYL2<br \/>\nN\u00e1zev modelu: Pacific Salt 2 Yellow<br \/>\nHmotnost: 2,8 oz. (79 g)<br \/>\nVyrobeno v Japonsku<\/p>\n<p>&nbsp;<\/p>\n","protected":false},"excerpt":{"rendered":"<p><strong>Pacific Salt 2 zt\u011bles\u0148uje ne\u00fanavnou snahu spole\u010dnosti Spyderco o neust\u00e1l\u00e9 zlep\u0161ov\u00e1n\u00ed kvality (CQI) ve v\u0161em, co d\u011blaj\u00ed.<\/strong><\/p>\n","protected":false},"featured_media":252525,"comment_status":"open","ping_status":"closed","template":"","meta":[],"pwb-brand":[567],"product_brand":[],"product_cat":[22,17],"product_tag":[3667],"class_list":{"0":"post-252524","1":"product","2":"type-product","3":"status-publish","4":"has-post-thumbnail","6":"pwb-brand-spyderco","7":"product_cat-zaviraci-noze","8":"product_cat-noze","9":"product_tag-b2b","11":"first","12":"instock","13":"taxable","14":"shipping-taxable","15":"purchasable","16":"product-type-simple"},"brands":[{"id":567,"name":"Spyderco","slug":"spyderco"}],"_links":{"self":[{"href":"https:\/\/www.moskito.cz\/sk\/wp-json\/wp\/v2\/product\/252524","targetHints":{"allow":["GET"]}}],"collection":[{"href":"https:\/\/www.moskito.cz\/sk\/wp-json\/wp\/v2\/product"}],"about":[{"href":"https:\/\/www.moskito.cz\/sk\/wp-json\/wp\/v2\/types\/product"}],"replies":[{"embeddable":true,"href":"https:\/\/www.moskito.cz\/sk\/wp-json\/wp\/v2\/comments?post=252524"}],"wp:featuredmedia":[{"embeddable":true,"href":"https:\/\/www.moskito.cz\/sk\/wp-json\/wp\/v2\/media\/252525"}],"wp:attachment":[{"href":"https:\/\/www.moskito.cz\/sk\/wp-json\/wp\/v2\/media?parent=252524"}],"wp:term":[{"taxonomy":"pwb-brand","embeddable":true,"href":"https:\/\/www.moskito.cz\/sk\/wp-json\/wp\/v2\/pwb-brand?post=252524"},{"taxonomy":"product_brand","embeddable":true,"href":"https:\/\/www.moskito.cz\/sk\/wp-json\/wp\/v2\/product_brand?post=252524"},{"taxonomy":"product_cat","embeddable":true,"href":"https:\/\/www.moskito.cz\/sk\/wp-json\/wp\/v2\/product_cat?post=252524"},{"taxonomy":"product_tag","embeddable":true,"href":"https:\/\/www.moskito.cz\/sk\/wp-json\/wp\/v2\/product_tag?post=252524"}],"curies":[{"name":"wp","href":"https:\/\/api.w.org\/{rel}","templated":true}]}}