{"id":252955,"date":"2023-07-05T21:19:26","date_gmt":"2023-07-05T20:19:26","guid":{"rendered":"https:\/\/www.moskito.cz\/produkt\/vystrelovaci-noz-microtech-ultratech-signature-spartan-ultratec-bronze-apocalyptic-123-13mls\/"},"modified":"2025-05-07T10:52:07","modified_gmt":"2025-05-07T09:52:07","slug":"vystrelovaci-noz-microtech-ultratech-signature-spartan-ultratec-bronze-apocalyptic-123-13mls","status":"publish","type":"product","link":"https:\/\/www.moskito.cz\/sk\/produkt\/vystrelovaci-noz-microtech-ultratech-signature-spartan-ultratec-bronze-apocalyptic-123-13mls\/","title":{"rendered":"Vystre\u013eovac\u00ed N\u00f4\u017e Microtech Ultratech Signature Spartan Ultratec Bronze Apocalyptic 123-13MLS"},"content":{"rendered":"<p>Vystre\u013eovac\u00ed N\u00f4\u017e <strong>Microtech<\/strong> Ultratech Signature Spartan Ultratec Bronze Apocalyptic 123-13MLS<\/p>\n<p>Ultratech nav\u017edy nastav\u00ed \u0161tandard pre v\u0161etky predn\u00e9 no\u017ee. Ultratech je origin\u00e1lny dvoj\u010dinn\u00fd predn\u00fd n\u00f4\u017e Microtech a bol z\u00e1kladom cel\u00e9ho radu OTF. V priebehu rokov pre\u0161iel nieko\u013ek\u00fdmi \u00fapravami, z ktor\u00fdch ka\u017ed\u00e1 sa stala \u00fa\u010dinnej\u0161ou a spo\u013eahlivej\u0161ou. T\u00e1to verzia m\u00e1 vylep\u0161en\u00fa text\u00faru tri-grip na skl\u00ed\u010dku palca pre pozit\u00edvnej\u0161\u00ed n\u00e1kup a bronzov\u00fd hardv\u00e9r pre pekn\u00fd kontrast. Nosn\u00e9 hlin\u00edkov\u00e9 rukov\u00e4te maj\u00fa \u013eav\u00fa polovicu spartskej helmy s gr\u00e9ckym cit\u00e1tom \u201eMolon Labe\u201c, ktor\u00fd presl\u00e1vil kr\u00e1\u013e Leonidas v Thermopyl\u00e1ch na bronzovej apokalyptickej \u010depeli tanto, \u010do v preklade znamen\u00e1 \u201epr\u00eds\u0165 a vzia\u0165\u201c. Pru\u017eina Ultratechu zost\u00e1va v \u201ek\u013eudovej\u201c polohe po cel\u00fa dobu, s v\u00fdnimkou roztiahnutia. T\u00fdm je zaisten\u00e9, \u017ee sa stla\u010den\u00e1 pru\u017eina neunav\u00ed, uistenie u\u017e\u00edvate\u013eov, \u017ee ke\u010f je n\u00f4\u017e vystrelen\u00fd, bude fungova\u0165 efekt\u00edvne. N\u00edzka hmotnos\u0165, otv\u00e1ranie a zatv\u00e1ranie jednou rukou, \u0161t\u00edhly tvar a \u010depe\u013e ostr\u00e1 skalpelom z neho robia jedine\u010dn\u00fd n\u00f4\u017e, ktor\u00fd je k dispoz\u00edcii iba u <strong>Microtech<\/strong> . Tento n\u00f4\u017e znova a znova preuk\u00e1zal, \u017ee odol\u00e1 akejko\u013evek prek\u00e1\u017eke a u\u017e \u010doskoro bude h\u013eada\u0165 druh\u00fa polovicu tejto dvoj\u010depe\u013eovej sady.<\/p>\n<p>\u0160pecifik\u00e1cia<br \/>\nAutomatick\u00e9 otv\u00e1ranie\/zatv\u00e1ranie &#8211; predn\u00fd otv\u00e1ra\u010d<br \/>\nAkcia: Dvojit\u00e9 akcie &#8211; Automatick\u00fd v\u00fdstrel\/zatiahnutie<br \/>\nOce\u013e: M390<br \/>\nD\u013a\u017eka \u010depele: 9 cm<br \/>\n\u0160t\u00fdl \u010depele: Single Edge Tanto, Bronze Apocalyptic<br \/>\nHr\u00fabka rukov\u00e4te: 1.6 cm<br \/>\nMateri\u00e1l rukov\u00e4te: hlin\u00edk 6061-T6 s \u010diernym eloxovan\u00edm Mil-Spec Hard Coat<br \/>\nD\u013a\u017eka v zatvorenom stave: 12.1 cm<br \/>\nD\u013a\u017eka v otvorenom stave: 21 cm<br \/>\nMateri\u00e1l vreckov\u00e9 spony: 301 Stainless<br \/>\n\u0160tandardn\u00e9 horn\u00e9: 6061-T6 AL zliatina<br \/>\nSp\u00fa\u0161\u0165: 303 Nerez<br \/>\nRozb\u00edja\u010d okien<br \/>\nVyroben\u00e9 v USA<\/p>\n<p><iframe title=\"Microtech Combat Troodon Torture Test\" width=\"800\" height=\"450\" src=\"https:\/\/www.youtube.com\/embed\/xE9TeOFYEjg?feature=oembed\" frameborder=\"0\" allow=\"accelerometer; autoplay; clipboard-write; encrypted-media; gyroscope; picture-in-picture; web-share\" allowfullscreen><\/iframe><\/p>\n<p>&nbsp;<\/p>\n","protected":false},"excerpt":{"rendered":"<p>V priebehu rokov <strong>Microtech\u00ae Knives<\/strong> naplnil v\u00e1\u0161\u0148ou a zru\u010dnos\u0165ou v\u00fdrobu no\u017eov, a\u017e z nich vytvoril takmer umeleck\u00e9 diela, ktor\u00e9 s\u00fa vrcholom funk\u010dnosti. V\u0161etky diely s\u00fa vyroben\u00e9 v USA.<br \/>\n<strong>Na v\u0161etky no\u017ee Microtech je do\u017eivotn\u00e1 z\u00e1ruka.<\/strong><\/p>\n<p><strong>Doprava zadarmo.<\/strong><\/p>\n","protected":false},"featured_media":252941,"comment_status":"open","ping_status":"closed","template":"","meta":[],"pwb-brand":[3200],"product_brand":[],"product_cat":[3186,3197],"product_tag":[3668],"class_list":{"0":"post-252955","1":"product","2":"type-product","3":"status-publish","4":"has-post-thumbnail","6":"pwb-brand-microtech-sk","7":"product_cat-noze-sk","8":"product_cat-vystrelovacie-noze-sk","9":"product_tag-b2b-sk","11":"first","12":"outofstock","13":"taxable","14":"shipping-taxable","15":"purchasable","16":"product-type-simple"},"brands":[{"id":3200,"name":"Microtech","slug":"microtech-sk"}],"_links":{"self":[{"href":"https:\/\/www.moskito.cz\/sk\/wp-json\/wp\/v2\/product\/252955","targetHints":{"allow":["GET"]}}],"collection":[{"href":"https:\/\/www.moskito.cz\/sk\/wp-json\/wp\/v2\/product"}],"about":[{"href":"https:\/\/www.moskito.cz\/sk\/wp-json\/wp\/v2\/types\/product"}],"replies":[{"embeddable":true,"href":"https:\/\/www.moskito.cz\/sk\/wp-json\/wp\/v2\/comments?post=252955"}],"wp:featuredmedia":[{"embeddable":true,"href":"https:\/\/www.moskito.cz\/sk\/wp-json\/wp\/v2\/media\/252941"}],"wp:attachment":[{"href":"https:\/\/www.moskito.cz\/sk\/wp-json\/wp\/v2\/media?parent=252955"}],"wp:term":[{"taxonomy":"pwb-brand","embeddable":true,"href":"https:\/\/www.moskito.cz\/sk\/wp-json\/wp\/v2\/pwb-brand?post=252955"},{"taxonomy":"product_brand","embeddable":true,"href":"https:\/\/www.moskito.cz\/sk\/wp-json\/wp\/v2\/product_brand?post=252955"},{"taxonomy":"product_cat","embeddable":true,"href":"https:\/\/www.moskito.cz\/sk\/wp-json\/wp\/v2\/product_cat?post=252955"},{"taxonomy":"product_tag","embeddable":true,"href":"https:\/\/www.moskito.cz\/sk\/wp-json\/wp\/v2\/product_tag?post=252955"}],"curies":[{"name":"wp","href":"https:\/\/api.w.org\/{rel}","templated":true}]}}