{"id":252973,"date":"2023-07-05T21:39:19","date_gmt":"2023-07-05T20:39:19","guid":{"rendered":"https:\/\/www.moskito.cz\/produkt\/vystrelovaci-noz-microtech-ludt-apocalyptic-135-10ap\/"},"modified":"2025-05-07T10:52:07","modified_gmt":"2025-05-07T09:52:07","slug":"vystrelovaci-noz-microtech-ludt-apocalyptic-135-10ap","status":"publish","type":"product","link":"https:\/\/www.moskito.cz\/sk\/produkt\/vystrelovaci-noz-microtech-ludt-apocalyptic-135-10ap\/","title":{"rendered":"Vystre\u013eovac\u00ed N\u00f4\u017e Microtech LUDT Apocalyptic 135-10AP"},"content":{"rendered":"<p>Vystre\u013eovac\u00ed N\u00f4\u017e Microtech LUDT Apocalyptic 135-10AP<\/p>\n<p>LUDT je \u200b\u200bve\u013ek\u00e1 verzia no\u017ea Underwater Demolition Team. V polovici 90. rokov sa dostal na trh no\u017eov a r\u00fdchlo sa stal jedn\u00fdm z najr\u00fdchlej\u0161ie pred\u00e1van\u00fdch no\u017eov v hist\u00f3rii Microtechu. V priebehu rokov bol LUDT tvarovan\u00fd a menen\u00fd tak, aby vyhovoval neust\u00e1le sa meniacemu trhu. LUDT bol na ur\u010dit\u00fa dobu preru\u0161en\u00fd z radu Microtech, tak\u017ee sme pote\u0161en\u00ed, \u017ee sa k n\u00e1m dostal.<\/p>\n<p>\u010cepe\u013e 135-10AP LUDT m\u00e1 klenut\u00fd chrb\u00e1t, n\u00e1beh na palec a zosilnen\u00fa \u0161pi\u010dku pre maxim\u00e1lnu \u00fa\u010dinnos\u0165 prieniku bez toho, aby bola ohrozen\u00e1 \u0161pi\u010dka. Tmav\u00e1 povrchov\u00e1 \u00faprava \u010depele je extr\u00e9mne odoln\u00e1 a \u010dierna rukov\u00e4\u0165 z nej rob\u00ed ide\u00e1lnu zlo\u017eku pre EDC. V\u0161etok hardv\u00e9r tohto no\u017ea vr\u00e1tane sp\u00fa\u0161\u0165acieho tla\u010didla a vreckovej spony je umyt\u00fd, rovnako ako \u010depe\u013e. Rukov\u00e4\u0165 je vyroben\u00e1 z fr\u00e9zovan\u00e9ho leteck\u00e9ho hlin\u00edka pre pevnos\u0165 a udr\u017eanie n\u00edzkej hmotnosti. Je ergonomick\u00e1, bleskur\u00fdchla a jednoducho \u00fa\u017easn\u00e1 v\u0161estrann\u00e1 \u010depe\u013e. Tento n\u00f4\u017e je opakovane osved\u010den\u00fd a sme ve\u013emi radi, \u017ee sa k nemu op\u00e4\u0165 vraciame. Obsahuje \u0161n\u00farku na \u0161n\u00farku a skrutky odoln\u00e9 proti neopr\u00e1vnenej manipul\u00e1cii.<\/p>\n<p>\u0160pecifik\u00e1cia<br \/>\nAutomatick\u00e9 otv\u00e1ranie &#8211; bo\u010dn\u00fd otv\u00e1ra\u010d<br \/>\nOce\u013e: M390<br \/>\nD\u013a\u017eka \u010depele: 8.42 cm<br \/>\nHr\u00fabka \u010depele: 0.31 cm<br \/>\n\u0160t\u00fdl \u010depele: Apocalyptic Drop Point<br \/>\nHr\u00fabka rukov\u00e4te: 1.2 cm<br \/>\nMateri\u00e1l rukov\u00e4te: \u010dierny hlin\u00edk 6061-T6<br \/>\nD\u013a\u017eka v zatvorenom stave: 12 cm<br \/>\nD\u013a\u017eka v otvorenom stave: 20 cm<br \/>\nHmotnos\u0165: 3,5 oz.<br \/>\nMateri\u00e1l vreckov\u00e9 spony: 301 Stainless<br \/>\nVyroben\u00e9 v USA<\/p>\n","protected":false},"excerpt":{"rendered":"<p>V priebehu rokov Microtech\u00ae Knives naplnil v\u00e1\u0161\u0148ou a zru\u010dnos\u0165ou v\u00fdrobu no\u017eov, a\u017e z nich vytvoril takmer umeleck\u00e9 diela, ktor\u00e9 s\u00fa vrcholom funk\u010dnosti. V\u0161etky diely s\u00fa vyroben\u00e9 v USA.<br \/>\nNa v\u0161etky no\u017ee Microtech je do\u017eivotn\u00e1 z\u00e1ruka.<\/p>\n<p>Doprava zadarmo.<\/p>\n","protected":false},"featured_media":252959,"comment_status":"open","ping_status":"closed","template":"","meta":[],"pwb-brand":[3200],"product_brand":[],"product_cat":[3186,3197],"product_tag":[3668],"class_list":{"0":"post-252973","1":"product","2":"type-product","3":"status-publish","4":"has-post-thumbnail","6":"pwb-brand-microtech-sk","7":"product_cat-noze-sk","8":"product_cat-vystrelovacie-noze-sk","9":"product_tag-b2b-sk","11":"first","12":"outofstock","13":"taxable","14":"shipping-taxable","15":"purchasable","16":"product-type-simple"},"brands":[{"id":3200,"name":"Microtech","slug":"microtech-sk"}],"_links":{"self":[{"href":"https:\/\/www.moskito.cz\/sk\/wp-json\/wp\/v2\/product\/252973","targetHints":{"allow":["GET"]}}],"collection":[{"href":"https:\/\/www.moskito.cz\/sk\/wp-json\/wp\/v2\/product"}],"about":[{"href":"https:\/\/www.moskito.cz\/sk\/wp-json\/wp\/v2\/types\/product"}],"replies":[{"embeddable":true,"href":"https:\/\/www.moskito.cz\/sk\/wp-json\/wp\/v2\/comments?post=252973"}],"wp:featuredmedia":[{"embeddable":true,"href":"https:\/\/www.moskito.cz\/sk\/wp-json\/wp\/v2\/media\/252959"}],"wp:attachment":[{"href":"https:\/\/www.moskito.cz\/sk\/wp-json\/wp\/v2\/media?parent=252973"}],"wp:term":[{"taxonomy":"pwb-brand","embeddable":true,"href":"https:\/\/www.moskito.cz\/sk\/wp-json\/wp\/v2\/pwb-brand?post=252973"},{"taxonomy":"product_brand","embeddable":true,"href":"https:\/\/www.moskito.cz\/sk\/wp-json\/wp\/v2\/product_brand?post=252973"},{"taxonomy":"product_cat","embeddable":true,"href":"https:\/\/www.moskito.cz\/sk\/wp-json\/wp\/v2\/product_cat?post=252973"},{"taxonomy":"product_tag","embeddable":true,"href":"https:\/\/www.moskito.cz\/sk\/wp-json\/wp\/v2\/product_tag?post=252973"}],"curies":[{"name":"wp","href":"https:\/\/api.w.org\/{rel}","templated":true}]}}