{"id":253435,"date":"2023-07-09T19:55:16","date_gmt":"2023-07-09T18:55:16","guid":{"rendered":"https:\/\/www.moskito.cz\/produkt\/zatvaraci-noz-spyderco-native-chief-c244gp\/"},"modified":"2025-05-07T10:52:14","modified_gmt":"2025-05-07T09:52:14","slug":"zatvaraci-noz-spyderco-native-chief-c244gp","status":"publish","type":"product","link":"https:\/\/www.moskito.cz\/sk\/produkt\/zatvaraci-noz-spyderco-native-chief-c244gp\/","title":{"rendered":"Zatv\u00e1rac\u00ed N\u00f4\u017e Spyderco Native Chief C244GP"},"content":{"rendered":"<p>Ergonomick\u00e1 rukov\u00e4\u0165 Native Chief pon\u00faka mno\u017estvo priestoru pre ve\u013ek\u00e9 ruky a je vyroben\u00e1 zo \u0161up\u00edn G10 s odlupovacou vrstvou a pevnej nerezovej ocele backspacer. T\u00e1to elegantne jednoduch\u00e1 kon\u0161trukcia vytv\u00e1ra vynikaj\u00facu kombin\u00e1ciu rovnov\u00e1hy a \u0161truktur\u00e1lnej pevnosti a poskytuje podporu pre vysoko prepracovan\u00fd mechanizmus z\u00e1mku no\u017ea. Presn\u00e9 obrobenie s presn\u00fdmi toleranciami pon\u00faka p\u00f4sobiv\u00fa pevnos\u0165, v\u00fdnimo\u010dne hladk\u00fd chod, robustn\u00fa funkciu samozatv\u00e1rania a bezkonkuren\u010dn\u00fa odolnos\u0165 proti opotrebovaniu. Aby bolo zaisten\u00e9 presn\u00e9 vyrovnanie a nastavenie v\u0161etk\u00fdch dielov a umo\u017enen\u00e9 pou\u017eitie \u0161tvorpolohovej spony pres\u00fdpac\u00edch hod\u00edn, je rukov\u00e4\u0165 zmontovan\u00e1 ploch\u00fdmi skrutkami Torx. Spona je ukotven\u00e1 \u0161tyrmi sadami z\u00e1vitov\u00fdch vlo\u017eiek v stupniciach a podperami n\u00e1klonu nahor alebo nadol na oboch stran\u00e1ch tela.<\/p>\n<p>Dobr\u00e9 veci skuto\u010dne prich\u00e1dzaj\u00fa k t\u00fdm, ktor\u00ed \u010dakaj\u00fa. Ako posledn\u00e1 kapitola hrdej hist\u00f3rie domorodcov je toho d\u00f4kazom Native Chief.<\/p>\n<p>\u0160pecifik\u00e1cia<br \/>\nD\u013a\u017eka \u010depele: 10.4 cm<br \/>\nRezn\u00e1 hrana: 9.1 cm<br \/>\nD\u013a\u017eka v zatvorenom stave: 12.9 cm<br \/>\nCelkov\u00e1 d\u013a\u017eka: 23.1 cm<br \/>\nHr\u00fabka \u010depele: 0.32 cm<br \/>\nMateri\u00e1l \u010depele: CPM-S30V Nerezov\u00e1 oce\u013e<br \/>\n\u0160t\u00fdl \u010depele: Drop Point<br \/>\nBr\u00fasenie \u010depele: Plne ploch\u00e9<br \/>\nPovrchov\u00e1 \u00faprava \u010depele: sat\u00e9n<br \/>\nOstrie \u010depele: Hladk\u00e9<br \/>\nMateri\u00e1l rukov\u00e4te: Texturovan\u00fd G10<br \/>\nFarba rukov\u00e4te: \u010cierna<br \/>\nUzamykac\u00ed mechanizmus: Lockback<br \/>\nVreckov\u00fd klip: Sklopenie hore\/dole, nosenie v\u013eavo\/vpravo<br \/>\n\u010c\u00edslo modelu: C244GP<br \/>\nN\u00e1zov modelu: Native Chief<br \/>\nHmotnos\u0165: 3,9 oz. (111 g)<br \/>\nVyroben\u00e9 v USA<\/p>\n","protected":false},"excerpt":{"rendered":"<p>P\u00f4vodn\u00fd Spyderco Native, ktor\u00fd bol prv\u00fdkr\u00e1t uveden\u00fd na trh v roku 1997, r\u00fdchlo nastavil vysok\u00fd \u0161tandard v cenovo dostupn\u00fdch, plnohodnotn\u00fdch a \u013eahk\u00fdch zatv\u00e1rac\u00edch no\u017eoch.<\/p>\n","protected":false},"featured_media":253424,"comment_status":"open","ping_status":"closed","template":"","meta":[],"pwb-brand":[3261],"product_brand":[],"product_cat":[3233,3186],"product_tag":[3668],"class_list":{"0":"post-253435","1":"product","2":"type-product","3":"status-publish","4":"has-post-thumbnail","6":"pwb-brand-zatvaraci-noz-spyderco-endura-flat-ground-gray-frn-c10fpgy","7":"product_cat-zatvaracie-noze","8":"product_cat-noze-sk","9":"product_tag-b2b-sk","11":"first","12":"instock","13":"taxable","14":"shipping-taxable","15":"purchasable","16":"product-type-simple"},"brands":[{"id":3261,"name":"Zatv\u00e1rac\u00ed N\u00f4\u017e Spyderco Endura Flat Ground Gray FRN C10FPGY","slug":"zatvaraci-noz-spyderco-endura-flat-ground-gray-frn-c10fpgy"}],"_links":{"self":[{"href":"https:\/\/www.moskito.cz\/sk\/wp-json\/wp\/v2\/product\/253435","targetHints":{"allow":["GET"]}}],"collection":[{"href":"https:\/\/www.moskito.cz\/sk\/wp-json\/wp\/v2\/product"}],"about":[{"href":"https:\/\/www.moskito.cz\/sk\/wp-json\/wp\/v2\/types\/product"}],"replies":[{"embeddable":true,"href":"https:\/\/www.moskito.cz\/sk\/wp-json\/wp\/v2\/comments?post=253435"}],"wp:featuredmedia":[{"embeddable":true,"href":"https:\/\/www.moskito.cz\/sk\/wp-json\/wp\/v2\/media\/253424"}],"wp:attachment":[{"href":"https:\/\/www.moskito.cz\/sk\/wp-json\/wp\/v2\/media?parent=253435"}],"wp:term":[{"taxonomy":"pwb-brand","embeddable":true,"href":"https:\/\/www.moskito.cz\/sk\/wp-json\/wp\/v2\/pwb-brand?post=253435"},{"taxonomy":"product_brand","embeddable":true,"href":"https:\/\/www.moskito.cz\/sk\/wp-json\/wp\/v2\/product_brand?post=253435"},{"taxonomy":"product_cat","embeddable":true,"href":"https:\/\/www.moskito.cz\/sk\/wp-json\/wp\/v2\/product_cat?post=253435"},{"taxonomy":"product_tag","embeddable":true,"href":"https:\/\/www.moskito.cz\/sk\/wp-json\/wp\/v2\/product_tag?post=253435"}],"curies":[{"name":"wp","href":"https:\/\/api.w.org\/{rel}","templated":true}]}}