{"id":253453,"date":"2023-07-09T20:13:39","date_gmt":"2023-07-09T19:13:39","guid":{"rendered":"https:\/\/www.moskito.cz\/produkt\/zatvaraci-noz-spyderco-endela-lightweight-c243sbk\/"},"modified":"2025-05-07T10:52:15","modified_gmt":"2025-05-07T09:52:15","slug":"zatvaraci-noz-spyderco-endela-lightweight-c243sbk","status":"publish","type":"product","link":"https:\/\/www.moskito.cz\/sk\/produkt\/zatvaraci-noz-spyderco-endela-lightweight-c243sbk\/","title":{"rendered":"Zatv\u00e1rac\u00ed N\u00f4\u017e Spyderco Endela Lightweight C243SBK"},"content":{"rendered":"<p>Bez oh\u013eadu na to, ak\u00fa presn\u00fa formu m\u00e1, sme si ist\u00ed, \u017ee Endela sa uk\u00e1\u017ee ako d\u00f4stojn\u00fd spolo\u010dn\u00edk Delica a Endura a hrd\u00e9 pokra\u010dovanie ich odkazu.<\/p>\n<p>\u0160pecifik\u00e1cia<br \/>\nD\u013a\u017eka \u010depele: 8.7 cm<br \/>\nRezn\u00e1 hrana: 7.6 cm<br \/>\nD\u013a\u017eka v zatvorenom stave: 11.9 cm<br \/>\nCelkov\u00e1 d\u013a\u017eka: 20.6 cm<br \/>\nHr\u00fabka \u010depele: 0.3 cm<br \/>\nMateri\u00e1l \u010depele: VG10 Nerezov\u00e1 oce\u013e<br \/>\n\u0160t\u00fdl \u010depele: Drop Point<br \/>\nBr\u00fasenie \u010depele: Plne ploch\u00e9<br \/>\nPovrchov\u00e1 \u00faprava \u010depele: sat\u00e9n<br \/>\nOstrie \u010depele: Vr\u00fabkovan\u00e9<br \/>\nMateri\u00e1l rukov\u00e4te: Obojsmern\u00e1 text\u00farovan\u00e1 FRN<br \/>\nFarba rukov\u00e4te: \u010cierna<br \/>\nUzamykac\u00ed mechanizmus: Lockback<br \/>\nVreckov\u00fd klip: Sklopenie hore\/dole, nosenie v\u013eavo\/vpravo<br \/>\n\u010c\u00edslo modelu: C243SBK<br \/>\nN\u00e1zov modelu: Endela<br \/>\nHmotnos\u0165: 3,1 oz. (88 g)<br \/>\nVyroben\u00e9 v Japonsku<\/p>\n","protected":false},"excerpt":{"rendered":"<p>Modely Delica a Endura spolo\u010dnosti Spyderco s\u00fa dva z najpopul\u00e1rnej\u0161\u00edch a najpou\u017e\u00edvanej\u0161\u00edch zatv\u00e1rac\u00edch no\u017eov v hist\u00f3rii.<\/p>\n","protected":false},"featured_media":253439,"comment_status":"open","ping_status":"closed","template":"","meta":[],"pwb-brand":[3261],"product_brand":[],"product_cat":[3186,3233],"product_tag":[3668],"class_list":{"0":"post-253453","1":"product","2":"type-product","3":"status-publish","4":"has-post-thumbnail","6":"pwb-brand-zatvaraci-noz-spyderco-endura-flat-ground-gray-frn-c10fpgy","7":"product_cat-noze-sk","8":"product_cat-zatvaracie-noze","9":"product_tag-b2b-sk","11":"first","12":"instock","13":"taxable","14":"shipping-taxable","15":"purchasable","16":"product-type-simple"},"brands":[{"id":3261,"name":"Zatv\u00e1rac\u00ed N\u00f4\u017e Spyderco Endura Flat Ground Gray FRN C10FPGY","slug":"zatvaraci-noz-spyderco-endura-flat-ground-gray-frn-c10fpgy"}],"_links":{"self":[{"href":"https:\/\/www.moskito.cz\/sk\/wp-json\/wp\/v2\/product\/253453","targetHints":{"allow":["GET"]}}],"collection":[{"href":"https:\/\/www.moskito.cz\/sk\/wp-json\/wp\/v2\/product"}],"about":[{"href":"https:\/\/www.moskito.cz\/sk\/wp-json\/wp\/v2\/types\/product"}],"replies":[{"embeddable":true,"href":"https:\/\/www.moskito.cz\/sk\/wp-json\/wp\/v2\/comments?post=253453"}],"wp:featuredmedia":[{"embeddable":true,"href":"https:\/\/www.moskito.cz\/sk\/wp-json\/wp\/v2\/media\/253439"}],"wp:attachment":[{"href":"https:\/\/www.moskito.cz\/sk\/wp-json\/wp\/v2\/media?parent=253453"}],"wp:term":[{"taxonomy":"pwb-brand","embeddable":true,"href":"https:\/\/www.moskito.cz\/sk\/wp-json\/wp\/v2\/pwb-brand?post=253453"},{"taxonomy":"product_brand","embeddable":true,"href":"https:\/\/www.moskito.cz\/sk\/wp-json\/wp\/v2\/product_brand?post=253453"},{"taxonomy":"product_cat","embeddable":true,"href":"https:\/\/www.moskito.cz\/sk\/wp-json\/wp\/v2\/product_cat?post=253453"},{"taxonomy":"product_tag","embeddable":true,"href":"https:\/\/www.moskito.cz\/sk\/wp-json\/wp\/v2\/product_tag?post=253453"}],"curies":[{"name":"wp","href":"https:\/\/api.w.org\/{rel}","templated":true}]}}