{"id":253483,"date":"2023-07-09T20:53:03","date_gmt":"2023-07-09T19:53:03","guid":{"rendered":"https:\/\/www.moskito.cz\/produkt\/zatvaraci-noz-spyderco-kelly-mccann-canis-c248cfp\/"},"modified":"2025-05-07T10:52:16","modified_gmt":"2025-05-07T09:52:16","slug":"zatvaraci-noz-spyderco-kelly-mccann-canis-c248cfp","status":"publish","type":"product","link":"https:\/\/www.moskito.cz\/sk\/produkt\/zatvaraci-noz-spyderco-kelly-mccann-canis-c248cfp\/","title":{"rendered":"Zatv\u00e1rac\u00ed N\u00f4\u017e Spyderco Kelly McCann Canis C248CFP"},"content":{"rendered":"<p>Canis je skuto\u010dne v\u00fdnimo\u010dn\u00fd zatv\u00e1rac\u00ed n\u00f4\u017e, ktor\u00fd odr\u00e1\u017ea jedine\u010dn\u00e9 prev\u00e1dzkov\u00e9 sk\u00fasenosti Kellyho McCanna a jeho postrehy ako jedn\u00e9ho z najuzn\u00e1vanej\u0161\u00edch svetov\u00fdch tr\u00e9nerov boja zbl\u00edzka. Spyderco je nesmierne hrd\u00e9 na to, \u017ee na tomto dizajne spolupracovalo s McCannom, a s\u00fa nad\u0161en\u00ed, \u017ee ho m\u00f4\u017eu prida\u0165 do svojho produktov\u00e9ho radu.<\/p>\n<p>\u0160pecifik\u00e1cia<br \/>\nD\u013a\u017eka \u010depele: 8.5 cm<br \/>\nD\u013a\u017eka v zatvorenom stave: 12 cm<br \/>\nCelkov\u00e1 d\u013a\u017eka: 20.4 cm<br \/>\nHr\u00fabka \u010depele: 0.28 cm<br \/>\nMateri\u00e1l \u010depele: CPM-S30V Nerezov\u00e1 oce\u013e<br \/>\n\u0160t\u00fdl \u010depele: Wharncliffe<br \/>\nBr\u00fasenie \u010depele: Dut\u00e9<br \/>\nPovrchov\u00e1 \u00faprava \u010depele: sat\u00e9n<br \/>\nOstrie \u010depele: Hladk\u00e9<br \/>\nMateri\u00e1l rukov\u00e4te: Peel-Ply Carbon Fiber\/G10 Lamin\u00e1t<br \/>\nFarba rukov\u00e4te: \u010cierna<br \/>\nUzamykac\u00ed mechanizmus: Kompresn\u00fd z\u00e1mok<br \/>\nVreckov\u00e1 spona: Nerezov\u00e1 oce\u013e (Tip-Up\/Down, Right\/Left carry)<br \/>\n\u010c\u00edslo modelu: C248CFP<br \/>\nN\u00e1zov modelu: Canis<br \/>\nDizajn\u00e9r: Kelly McCann<br \/>\nHmotnos\u0165: 3,9 oz. (111 g)<\/p>\n","protected":false},"excerpt":{"rendered":"<p>Canis, pomenovan\u00fd po rode z pod\u010de\u013eade Caninae, ktor\u00fd zah\u0155\u0148a vlkov, psov, kojoty a \u0161akaly, je praktick\u00fd zatv\u00e1rac\u00ed n\u00f4\u017e ur\u010den\u00fd pre \u0161irok\u00fa \u0161k\u00e1lu uplatnenia.<\/p>\n","protected":false},"featured_media":253472,"comment_status":"open","ping_status":"closed","template":"","meta":[],"pwb-brand":[3261],"product_brand":[],"product_cat":[3186,3233],"product_tag":[3668],"class_list":{"0":"post-253483","1":"product","2":"type-product","3":"status-publish","4":"has-post-thumbnail","6":"pwb-brand-zatvaraci-noz-spyderco-endura-flat-ground-gray-frn-c10fpgy","7":"product_cat-noze-sk","8":"product_cat-zatvaracie-noze","9":"product_tag-b2b-sk","11":"first","12":"instock","13":"taxable","14":"shipping-taxable","15":"purchasable","16":"product-type-simple"},"brands":[{"id":3261,"name":"Zatv\u00e1rac\u00ed N\u00f4\u017e Spyderco Endura Flat Ground Gray FRN C10FPGY","slug":"zatvaraci-noz-spyderco-endura-flat-ground-gray-frn-c10fpgy"}],"_links":{"self":[{"href":"https:\/\/www.moskito.cz\/sk\/wp-json\/wp\/v2\/product\/253483","targetHints":{"allow":["GET"]}}],"collection":[{"href":"https:\/\/www.moskito.cz\/sk\/wp-json\/wp\/v2\/product"}],"about":[{"href":"https:\/\/www.moskito.cz\/sk\/wp-json\/wp\/v2\/types\/product"}],"replies":[{"embeddable":true,"href":"https:\/\/www.moskito.cz\/sk\/wp-json\/wp\/v2\/comments?post=253483"}],"wp:featuredmedia":[{"embeddable":true,"href":"https:\/\/www.moskito.cz\/sk\/wp-json\/wp\/v2\/media\/253472"}],"wp:attachment":[{"href":"https:\/\/www.moskito.cz\/sk\/wp-json\/wp\/v2\/media?parent=253483"}],"wp:term":[{"taxonomy":"pwb-brand","embeddable":true,"href":"https:\/\/www.moskito.cz\/sk\/wp-json\/wp\/v2\/pwb-brand?post=253483"},{"taxonomy":"product_brand","embeddable":true,"href":"https:\/\/www.moskito.cz\/sk\/wp-json\/wp\/v2\/product_brand?post=253483"},{"taxonomy":"product_cat","embeddable":true,"href":"https:\/\/www.moskito.cz\/sk\/wp-json\/wp\/v2\/product_cat?post=253483"},{"taxonomy":"product_tag","embeddable":true,"href":"https:\/\/www.moskito.cz\/sk\/wp-json\/wp\/v2\/product_tag?post=253483"}],"curies":[{"name":"wp","href":"https:\/\/api.w.org\/{rel}","templated":true}]}}