{"id":253498,"date":"2023-07-09T21:12:43","date_gmt":"2023-07-09T20:12:43","guid":{"rendered":"https:\/\/www.moskito.cz\/produkt\/zatvaraci-noz-spyderco-resilience-lightweight-c142pbl\/"},"modified":"2023-11-20T17:36:12","modified_gmt":"2023-11-20T16:36:12","slug":"zatvaraci-noz-spyderco-resilience-lightweight-c142pbl","status":"publish","type":"product","link":"https:\/\/www.moskito.cz\/sk\/produkt\/zatvaraci-noz-spyderco-resilience-lightweight-c142pbl\/","title":{"rendered":"Zatv\u00e1rac\u00ed N\u00f4\u017e Spyderco Resilience Lightweight C142PBL"},"content":{"rendered":"<p>Resilience je extr\u00e9mne schopn\u00fd dizajn, ktor\u00fd sa ide\u00e1lne hod\u00ed pre potreby u\u017e\u00edvate\u013eov s ve\u013ek\u00fdmi rukami a t\u00fdch, ktor\u00ed jednoducho preferuj\u00fa mohutnej\u0161\u00ed zatv\u00e1rac\u00ed n\u00f4\u017e. Bez oh\u013eadu na to, ktor\u00fa verziu si vyberiete, sme si ist\u00ed, \u017ee bude dobre sl\u00fa\u017ei\u0165 v\u00e1m aj va\u0161ej pe\u0148a\u017eenke.<\/p>\n<p>\u0160pecifik\u00e1cia<br \/>\nD\u013a\u017eka \u010depele: 10.7 cm<br \/>\nD\u013a\u017eka v zatvorenom stave: 13.2 cm<br \/>\nCelkov\u00e1 d\u013a\u017eka: 23.9 cm<br \/>\nHr\u00fabka \u010depele: 0.31 cm<br \/>\nMateri\u00e1l \u010depele: CPM-S35VN Nerezov\u00e1 oce\u013e<br \/>\n\u0160t\u00fdl \u010depele: v tvare olova<br \/>\nBr\u00fasenie \u010depele: Plne ploch\u00e9<br \/>\nPovrchov\u00e1 \u00faprava \u010depele: sat\u00e9n<br \/>\nOstrie \u010depele: Hladk\u00e9<br \/>\nMateri\u00e1l rukov\u00e4te: FRN<br \/>\nFarba rukov\u00e4te: Modr\u00e1<br \/>\nUzamykac\u00ed mechanizmus: Liner Lock<br \/>\nVreckov\u00e1 spona: Nerezov\u00e1 oce\u013e (Tip-Up\/Down, Right\/Left carry)<br \/>\n\u010c\u00edslo modelu: C142PBL<br \/>\nN\u00e1zov modelu: Resilience Lightweight CPM-S35VN<br \/>\nHmotnos\u0165: 4,41 oz. (125 g)<\/p>\n","protected":false},"excerpt":{"rendered":"<p>Sk\u00fasen\u00ed nad\u0161enci no\u017eov vedia, \u017ee najlep\u0161\u00edm sp\u00f4sobom, ako dosiahnu\u0165 \u0161pi\u010dkov\u00fd v\u00fdkon, je investova\u0165 do vysoko kvalitn\u00fdch produktov. Od roku 1981, kedy Spyderco vyrobilo svoj prv\u00fd n\u00f4\u017e, sa v\u017edy zameriavalo na v\u00fdrobu absol\u00fatne najlep\u0161\u00edch rezn\u00fdch n\u00e1strojov a na vzdel\u00e1vanie na\u0161ich z\u00e1kazn\u00edkov, aby ocenili ich v\u00fdhody.<\/p>\n","protected":false},"featured_media":253487,"comment_status":"open","ping_status":"closed","template":"","meta":[],"pwb-brand":[3261],"product_brand":[],"product_cat":[3233,3186],"product_tag":[3668],"class_list":{"0":"post-253498","1":"product","2":"type-product","3":"status-publish","4":"has-post-thumbnail","6":"pwb-brand-zatvaraci-noz-spyderco-endura-flat-ground-gray-frn-c10fpgy","7":"product_cat-zatvaracie-noze","8":"product_cat-noze-sk","9":"product_tag-b2b-sk","11":"first","12":"instock","13":"sale","14":"taxable","15":"shipping-taxable","16":"purchasable","17":"product-type-simple"},"brands":[{"id":3261,"name":"Zatv\u00e1rac\u00ed N\u00f4\u017e Spyderco Endura Flat Ground Gray FRN C10FPGY","slug":"zatvaraci-noz-spyderco-endura-flat-ground-gray-frn-c10fpgy"}],"_links":{"self":[{"href":"https:\/\/www.moskito.cz\/sk\/wp-json\/wp\/v2\/product\/253498","targetHints":{"allow":["GET"]}}],"collection":[{"href":"https:\/\/www.moskito.cz\/sk\/wp-json\/wp\/v2\/product"}],"about":[{"href":"https:\/\/www.moskito.cz\/sk\/wp-json\/wp\/v2\/types\/product"}],"replies":[{"embeddable":true,"href":"https:\/\/www.moskito.cz\/sk\/wp-json\/wp\/v2\/comments?post=253498"}],"wp:featuredmedia":[{"embeddable":true,"href":"https:\/\/www.moskito.cz\/sk\/wp-json\/wp\/v2\/media\/253487"}],"wp:attachment":[{"href":"https:\/\/www.moskito.cz\/sk\/wp-json\/wp\/v2\/media?parent=253498"}],"wp:term":[{"taxonomy":"pwb-brand","embeddable":true,"href":"https:\/\/www.moskito.cz\/sk\/wp-json\/wp\/v2\/pwb-brand?post=253498"},{"taxonomy":"product_brand","embeddable":true,"href":"https:\/\/www.moskito.cz\/sk\/wp-json\/wp\/v2\/product_brand?post=253498"},{"taxonomy":"product_cat","embeddable":true,"href":"https:\/\/www.moskito.cz\/sk\/wp-json\/wp\/v2\/product_cat?post=253498"},{"taxonomy":"product_tag","embeddable":true,"href":"https:\/\/www.moskito.cz\/sk\/wp-json\/wp\/v2\/product_tag?post=253498"}],"curies":[{"name":"wp","href":"https:\/\/api.w.org\/{rel}","templated":true}]}}