{"id":253513,"date":"2023-07-09T21:32:25","date_gmt":"2023-07-09T20:32:25","guid":{"rendered":"https:\/\/www.moskito.cz\/produkt\/zatvaraci-noz-spyderco-marcin-slysz-spydiechef-c211tip\/"},"modified":"2025-05-07T10:52:16","modified_gmt":"2025-05-07T09:52:16","slug":"zatvaraci-noz-spyderco-marcin-slysz-spydiechef-c211tip","status":"publish","type":"product","link":"https:\/\/www.moskito.cz\/sk\/produkt\/zatvaraci-noz-spyderco-marcin-slysz-spydiechef-c211tip\/","title":{"rendered":"Zatv\u00e1rac\u00ed N\u00f4\u017e Spyderco Marcin Slysz SpydieChef C211TIP"},"content":{"rendered":"<p>Spydiechef je \u00fa\u017easn\u00fdm spojen\u00edm pokro\u010dil\u00e9ho dizajnu, z\u00e1kazkovej kvality remeseln\u00e9ho spracovania a najmodernej\u0161\u00edch materi\u00e1lov odoln\u00fdch proti kor\u00f3zii, ako je keramick\u00e1 areta\u010dn\u00e1 guli\u010dka. Pokia\u013e h\u013ead\u00e1te seri\u00f3zny rezn\u00fd v\u00fdkon v n\u00e1stroji, ktor\u00fd je im\u00fanny aj vo\u010di najdrsnej\u0161iemu prostrediu, n\u00e1jdete ho v Spydiechef.<\/p>\n<p>\u0160pecifik\u00e1cia<br \/>\nD\u013a\u017eka \u010depele: 8.3 cm<br \/>\nD\u013a\u017eka v zatvorenom stave: 11.15 cm<br \/>\nCelkov\u00e1 d\u013a\u017eka: 19.45 cm<br \/>\nHr\u00fabka \u010depele: 0.28 cm<br \/>\nMateri\u00e1l \u010depele: LC200 N<br \/>\nBr\u00fasenie \u010depele: Plne ploch\u00e9<br \/>\nOstrie \u010depele: Hladk\u00e9<br \/>\n\u0160t\u00fdl \u010depele: Upraven\u00fd bod p\u00e1du<br \/>\nMateri\u00e1l rukov\u00e4te: Titan<br \/>\nUzamykac\u00ed mechanizmus: Reeve Integral Lock (RIL)<br \/>\nVreckov\u00fd klip: Vykl\u00e1pac\u00ed<br \/>\n\u010c\u00edslo modelu: C211TIP<br \/>\nMeno modelu: SpydieChef<br \/>\nDizajn\u00e9r: Marcin Slysz<br \/>\nHmotnos\u0165: 3,8 oz.<\/p>\n","protected":false},"excerpt":{"rendered":"<p>SpydieChef je najnov\u0161ia spolupr\u00e1ca Spyderca s po\u013esk\u00fdm no\u017eiarom Marcinom Slyszom. Slysz, presl\u00e1ven\u00fd svojim elegantne jednoduch\u00fdm dizajnom a dokonal\u00fdm remeseln\u00fdm spracovan\u00edm, za\u010dal s v\u00fdrobou no\u017eov s pevnou \u010depe\u013eou v roku 2006 a r\u00fdchlo sa rozvinul v zru\u010dnostiach na prechod na high-tech zatv\u00e1racie no\u017ee, ktor\u00e9 s\u00fa teraz jeho \u0161pecializ\u00e1ciou.<\/p>\n","protected":false},"featured_media":253502,"comment_status":"open","ping_status":"closed","template":"","meta":[],"pwb-brand":[3261],"product_brand":[],"product_cat":[3186,3233],"product_tag":[3668],"class_list":{"0":"post-253513","1":"product","2":"type-product","3":"status-publish","4":"has-post-thumbnail","6":"pwb-brand-zatvaraci-noz-spyderco-endura-flat-ground-gray-frn-c10fpgy","7":"product_cat-noze-sk","8":"product_cat-zatvaracie-noze","9":"product_tag-b2b-sk","11":"first","12":"instock","13":"taxable","14":"shipping-taxable","15":"purchasable","16":"product-type-simple"},"brands":[{"id":3261,"name":"Zatv\u00e1rac\u00ed N\u00f4\u017e Spyderco Endura Flat Ground Gray FRN C10FPGY","slug":"zatvaraci-noz-spyderco-endura-flat-ground-gray-frn-c10fpgy"}],"_links":{"self":[{"href":"https:\/\/www.moskito.cz\/sk\/wp-json\/wp\/v2\/product\/253513","targetHints":{"allow":["GET"]}}],"collection":[{"href":"https:\/\/www.moskito.cz\/sk\/wp-json\/wp\/v2\/product"}],"about":[{"href":"https:\/\/www.moskito.cz\/sk\/wp-json\/wp\/v2\/types\/product"}],"replies":[{"embeddable":true,"href":"https:\/\/www.moskito.cz\/sk\/wp-json\/wp\/v2\/comments?post=253513"}],"wp:featuredmedia":[{"embeddable":true,"href":"https:\/\/www.moskito.cz\/sk\/wp-json\/wp\/v2\/media\/253502"}],"wp:attachment":[{"href":"https:\/\/www.moskito.cz\/sk\/wp-json\/wp\/v2\/media?parent=253513"}],"wp:term":[{"taxonomy":"pwb-brand","embeddable":true,"href":"https:\/\/www.moskito.cz\/sk\/wp-json\/wp\/v2\/pwb-brand?post=253513"},{"taxonomy":"product_brand","embeddable":true,"href":"https:\/\/www.moskito.cz\/sk\/wp-json\/wp\/v2\/product_brand?post=253513"},{"taxonomy":"product_cat","embeddable":true,"href":"https:\/\/www.moskito.cz\/sk\/wp-json\/wp\/v2\/product_cat?post=253513"},{"taxonomy":"product_tag","embeddable":true,"href":"https:\/\/www.moskito.cz\/sk\/wp-json\/wp\/v2\/product_tag?post=253513"}],"curies":[{"name":"wp","href":"https:\/\/api.w.org\/{rel}","templated":true}]}}