{"id":253632,"date":"2023-07-10T21:24:51","date_gmt":"2023-07-10T20:24:51","guid":{"rendered":"https:\/\/www.moskito.cz\/produkt\/zatvaraci-noz-spyderco-leafjumper-c262sbk\/"},"modified":"2025-05-07T10:52:18","modified_gmt":"2025-05-07T09:52:18","slug":"zatvaraci-noz-spyderco-leafjumper-c262sbk","status":"publish","type":"product","link":"https:\/\/www.moskito.cz\/sk\/produkt\/zatvaraci-noz-spyderco-leafjumper-c262sbk\/","title":{"rendered":"Zatv\u00e1rac\u00ed N\u00f4\u017e Spyderco LeafJumper C262SBK"},"content":{"rendered":"<p>LeafJumper je impozantn\u00fd rezn\u00fd n\u00e1stroj, ktor\u00fd preber\u00e1 v\u0161etky osved\u010den\u00e9 vlastnosti RockJumperu a vyjadruje ich v\u00fdhodami \u010depele v tvare listu. Pokia\u013e h\u013ead\u00e1te zatv\u00e1rac\u00ed n\u00f4\u017e strednej ve\u013ekosti, ktor\u00fd pon\u00faka ako neut\u00edchaj\u00faci v\u00fdkon, tak ikonick\u00fd \u0161t\u00fdl Spyderco, u\u017e neh\u013eadajte.<\/p>\n<p>\u0160pecifik\u00e1cia<br \/>\nD\u013a\u017eka \u010depele: 7.8 cm<br \/>\nD\u013a\u017eka v zatvorenom stave: 11.3 cm<br \/>\nCelkov\u00e1 d\u013a\u017eka: 19.1 cm<br \/>\nHr\u00fabka \u010depele: 0.3 cm<br \/>\nMateri\u00e1l \u010depele: Nerezov\u00e1 oce\u013e VG-10<br \/>\n\u0160t\u00fdl \u010depele: Tvar listu<br \/>\nBr\u00fasenie \u010depele: Plne ploch\u00e9<br \/>\nPovrchov\u00e1 \u00faprava \u010depele: sat\u00e9n<br \/>\nOstrie \u010depele: Vr\u00fabkovan\u00e9<br \/>\nMateri\u00e1l rukov\u00e4te: FRN<br \/>\nFarba rukov\u00e4te: \u010cierna<br \/>\nUzamykac\u00ed mechanizmus: Lockback<br \/>\nVreckov\u00e1 spona: Nerezov\u00e1 oce\u013e (Tip-Up\/Down, Right\/Left carry)<br \/>\n\u010c\u00edslo modelu: C262SBK<br \/>\nN\u00e1zov modelu: LeafJumper<br \/>\nDizajn\u00e9r: Sal Glesser<br \/>\nHmotnos\u0165: 3,00 oz. (85 g)<br \/>\nVyroben\u00e9 v Japonsku<\/p>\n","protected":false},"excerpt":{"rendered":"<p>Spoluzakladate\u013e Spyderco Sal Glesser mal v\u017edy ve\u013ek\u00fd z\u00e1ujem o navrhovanie no\u017eov, ktor\u00e9 sp\u013a\u0148aj\u00fa \u0161pecifick\u00e9 v\u00fdkonnostn\u00e9 krit\u00e9ri\u00e1.<\/p>\n","protected":false},"featured_media":253618,"comment_status":"open","ping_status":"closed","template":"","meta":[],"pwb-brand":[3261],"product_brand":[],"product_cat":[3233,3186],"product_tag":[3668],"class_list":{"0":"post-253632","1":"product","2":"type-product","3":"status-publish","4":"has-post-thumbnail","6":"pwb-brand-zatvaraci-noz-spyderco-endura-flat-ground-gray-frn-c10fpgy","7":"product_cat-zatvaracie-noze","8":"product_cat-noze-sk","9":"product_tag-b2b-sk","11":"first","12":"instock","13":"taxable","14":"shipping-taxable","15":"purchasable","16":"product-type-simple"},"brands":[{"id":3261,"name":"Zatv\u00e1rac\u00ed N\u00f4\u017e Spyderco Endura Flat Ground Gray FRN C10FPGY","slug":"zatvaraci-noz-spyderco-endura-flat-ground-gray-frn-c10fpgy"}],"_links":{"self":[{"href":"https:\/\/www.moskito.cz\/sk\/wp-json\/wp\/v2\/product\/253632","targetHints":{"allow":["GET"]}}],"collection":[{"href":"https:\/\/www.moskito.cz\/sk\/wp-json\/wp\/v2\/product"}],"about":[{"href":"https:\/\/www.moskito.cz\/sk\/wp-json\/wp\/v2\/types\/product"}],"replies":[{"embeddable":true,"href":"https:\/\/www.moskito.cz\/sk\/wp-json\/wp\/v2\/comments?post=253632"}],"wp:featuredmedia":[{"embeddable":true,"href":"https:\/\/www.moskito.cz\/sk\/wp-json\/wp\/v2\/media\/253618"}],"wp:attachment":[{"href":"https:\/\/www.moskito.cz\/sk\/wp-json\/wp\/v2\/media?parent=253632"}],"wp:term":[{"taxonomy":"pwb-brand","embeddable":true,"href":"https:\/\/www.moskito.cz\/sk\/wp-json\/wp\/v2\/pwb-brand?post=253632"},{"taxonomy":"product_brand","embeddable":true,"href":"https:\/\/www.moskito.cz\/sk\/wp-json\/wp\/v2\/product_brand?post=253632"},{"taxonomy":"product_cat","embeddable":true,"href":"https:\/\/www.moskito.cz\/sk\/wp-json\/wp\/v2\/product_cat?post=253632"},{"taxonomy":"product_tag","embeddable":true,"href":"https:\/\/www.moskito.cz\/sk\/wp-json\/wp\/v2\/product_tag?post=253632"}],"curies":[{"name":"wp","href":"https:\/\/api.w.org\/{rel}","templated":true}]}}