{"id":253691,"date":"2023-07-11T21:11:20","date_gmt":"2023-07-11T20:11:20","guid":{"rendered":"https:\/\/www.moskito.cz\/produkt\/zatvaraci-noz-spyderco-endela-lightweight-c243fpk390\/"},"modified":"2025-05-07T10:52:20","modified_gmt":"2025-05-07T09:52:20","slug":"zatvaraci-noz-spyderco-endela-lightweight-c243fpk390","status":"publish","type":"product","link":"https:\/\/www.moskito.cz\/sk\/produkt\/zatvaraci-noz-spyderco-endela-lightweight-c243fpk390\/","title":{"rendered":"Zatv\u00e1rac\u00ed N\u00f4\u017e Spyderco Endela Lightweight C243FPK390"},"content":{"rendered":"<p>Zatv\u00e1rac\u00ed N\u00f4\u017e Spyderco Endela Lightweight C243FPK390<\/p>\n<p>K390 MICROCLEAN je najmodernej\u0161ia n\u00e1strojov\u00e1 oce\u013e na tvarovanie za studena od firmy Bohler-Uddeholm. \u0160peci\u00e1lne navrhnut\u00fd tak, aby odolal \u00faskaliam n\u00e1ro\u010dn\u00fdch priemyseln\u00fdch aplik\u00e1ci\u00ed, jeho pokro\u010dil\u00e9 zliatinov\u00e9 zlo\u017eenie z neho tie\u017e rob\u00ed v\u00fdnimo\u010dn\u00fa \u010depe\u013eov\u00fa oce\u013e \u2013 a definuj\u00facu rys elitnej rodiny \u013eahk\u00fdch no\u017eov Spyderco. K390 Endela, hrd\u00fd pr\u00edrastok tohto plemena, predstavuje tento pozoruhodn\u00fd materi\u00e1l \u010depele v dokonalej ve\u013ekosti &#8222;medzi&#8220; na ka\u017edodenn\u00e9 nosenie no\u017ea. Jeho dvojsmern\u00e1 text\u00farovan\u00e1 rukov\u00e4\u0165 je tie\u017e vstrekovan\u00e1 v v\u00fdraznej modrej farbe vyhradenej pre t\u00fato vysoko v\u00fdkonn\u00fa rodinu rezn\u00fdch n\u00e1strojov.<\/p>\n<p>Pozn\u00e1mka: K390 je vysoko v\u00fdkonn\u00e1 nerezov\u00e1 oce\u013e, ktor\u00e1 m\u00f4\u017ee pri nespr\u00e1vnej starostlivosti hrdzavie\u0165. Po pou\u017eit\u00ed \u010depe\u013e v\u017edy o\u010distite a osu\u0161te av pr\u00edpade potreby naneste olej alebo in\u00e9 pr\u00edpravky zabra\u0148uj\u00face kor\u00f3zii.<\/p>\n<p>\u0160pecifik\u00e1cia<br \/>\nD\u013a\u017eka \u010depele: 8.7 cm<br \/>\nD\u013a\u017eka v zatvorenom stave: 11.9 cm<br \/>\nCelkov\u00e1 d\u013a\u017eka: 20.6 cm<br \/>\nMateri\u00e1l \u010depele: N\u00e1strojov\u00e1 oce\u013e Bohler K390<br \/>\nHr\u00fabka \u010depele: 0.3 cm<br \/>\n\u0160t\u00fdl \u010depele: Drop Point<br \/>\nBr\u00fasenie \u010depele: Plne ploch\u00e9<br \/>\nPovrchov\u00e1 \u00faprava \u010depele: sat\u00e9n<br \/>\nMateri\u00e1l rukov\u00e4te: Modr\u00e1 FRN<br \/>\nMateri\u00e1l vlo\u017eky: Nerezov\u00e1 oce\u013e<br \/>\nUzamykac\u00ed mechanizmus: Lockback<br \/>\nVreckov\u00e1 spona: \u010cierna nerezov\u00e1 oce\u013e (Tip-Up\/Down, Right\/Left carry)<br \/>\nHmotnos\u0165: 3,1 oz. (88 g)<br \/>\nVyroben\u00e9 v Japonsku<\/p>\n","protected":false},"excerpt":{"rendered":"<p>K390 MICROCLEAN je najmodernej\u0161ia n\u00e1strojov\u00e1 oce\u013e na tvarovanie za studena od firmy Bohler-Uddeholm.<\/p>\n","protected":false},"featured_media":253680,"comment_status":"open","ping_status":"closed","template":"","meta":[],"pwb-brand":[3261],"product_brand":[],"product_cat":[3186,3233],"product_tag":[3668],"class_list":{"0":"post-253691","1":"product","2":"type-product","3":"status-publish","4":"has-post-thumbnail","6":"pwb-brand-zatvaraci-noz-spyderco-endura-flat-ground-gray-frn-c10fpgy","7":"product_cat-noze-sk","8":"product_cat-zatvaracie-noze","9":"product_tag-b2b-sk","11":"first","12":"instock","13":"taxable","14":"shipping-taxable","15":"purchasable","16":"product-type-simple"},"brands":[{"id":3261,"name":"Zatv\u00e1rac\u00ed N\u00f4\u017e Spyderco Endura Flat Ground Gray FRN C10FPGY","slug":"zatvaraci-noz-spyderco-endura-flat-ground-gray-frn-c10fpgy"}],"_links":{"self":[{"href":"https:\/\/www.moskito.cz\/sk\/wp-json\/wp\/v2\/product\/253691","targetHints":{"allow":["GET"]}}],"collection":[{"href":"https:\/\/www.moskito.cz\/sk\/wp-json\/wp\/v2\/product"}],"about":[{"href":"https:\/\/www.moskito.cz\/sk\/wp-json\/wp\/v2\/types\/product"}],"replies":[{"embeddable":true,"href":"https:\/\/www.moskito.cz\/sk\/wp-json\/wp\/v2\/comments?post=253691"}],"wp:featuredmedia":[{"embeddable":true,"href":"https:\/\/www.moskito.cz\/sk\/wp-json\/wp\/v2\/media\/253680"}],"wp:attachment":[{"href":"https:\/\/www.moskito.cz\/sk\/wp-json\/wp\/v2\/media?parent=253691"}],"wp:term":[{"taxonomy":"pwb-brand","embeddable":true,"href":"https:\/\/www.moskito.cz\/sk\/wp-json\/wp\/v2\/pwb-brand?post=253691"},{"taxonomy":"product_brand","embeddable":true,"href":"https:\/\/www.moskito.cz\/sk\/wp-json\/wp\/v2\/product_brand?post=253691"},{"taxonomy":"product_cat","embeddable":true,"href":"https:\/\/www.moskito.cz\/sk\/wp-json\/wp\/v2\/product_cat?post=253691"},{"taxonomy":"product_tag","embeddable":true,"href":"https:\/\/www.moskito.cz\/sk\/wp-json\/wp\/v2\/product_tag?post=253691"}],"curies":[{"name":"wp","href":"https:\/\/api.w.org\/{rel}","templated":true}]}}