{"id":253707,"date":"2023-07-11T21:29:31","date_gmt":"2023-07-11T20:29:31","guid":{"rendered":"https:\/\/www.moskito.cz\/produkt\/zatvaraci-noz-spyderco-persistence-lightweight-c136psbl\/"},"modified":"2023-11-20T17:36:20","modified_gmt":"2023-11-20T16:36:20","slug":"zatvaraci-noz-spyderco-persistence-lightweight-c136psbl","status":"publish","type":"product","link":"https:\/\/www.moskito.cz\/sk\/produkt\/zatvaraci-noz-spyderco-persistence-lightweight-c136psbl\/","title":{"rendered":"Zatv\u00e1rac\u00ed N\u00f4\u017e Spyderco Persistence Lightweight C136PSBL"},"content":{"rendered":"<p>Zatv\u00e1rac\u00ed N\u00f4\u017e Spyderco Persistence Lightweight C136PSBL<\/p>\n<p>Persistence Lightweight spojila kompaktn\u00fa ve\u013ekos\u0165 a osved\u010den\u00e9 vlastnosti tohto \u010dasom preveren\u00e9ho dizajnu s v\u00fdhodami \u00faspory hmotnosti vstrekovan\u00fdch rukov\u00e4te z nylonu vystu\u017een\u00e9ho sklen\u00fdm vl\u00e1knom (FRN). T\u00e1to verzia pos\u00fava t\u00fato evol\u00faciu o krok \u010falej a prep\u013a\u0148a svoj v\u00fdkon ocel\u00ed \u010depele CPM-S35VN vyrobenej v USA. Jedine\u010dn\u00e9 chemick\u00e9 zlo\u017eenie tejto ocele podporuje tvorbu karbidov ni\u00f3bu spolu s karbidmi van\u00e1du a chr\u00f3mu, \u010d\u00edm sa zvy\u0161uje jej h\u00fa\u017eevnatos\u0165 bez obetovania odolnosti proti opotrebovaniu. Plne ploch\u00e1 \u010depe\u013e tohto no\u017ea je k dispoz\u00edcii vo v\u0161etk\u00fdch troch konfigur\u00e1ci\u00e1ch ostria a je sp\u00e1rovan\u00e1 s rukov\u00e4\u0165ou s jasne modr\u00fdmi stupnicami FRN, proti\u0161mykovou obojsmernou text\u00farou, robustn\u00fdm mechanizmom LinerLock a univerz\u00e1lnou \u0161tvorpolohovou vreckovou sponou. .<\/p>\n<p>\u0160pecifik\u00e1cia<br \/>\nD\u013a\u017eka \u010depele: 7 cm<br \/>\nCelkov\u00e1 d\u013a\u017eka: 17.4 cm<br \/>\nD\u013a\u017eka v zatvorenom stave: 10.5 cm<br \/>\nHr\u00fabka \u010depele: 0.31 cm<br \/>\nMateri\u00e1l \u010depele: CPM-S35VN Nerezov\u00e1 oce\u013e<br \/>\n\u0160t\u00fdl \u010depele: v tvare olova<br \/>\nBr\u00fasenie \u010depele: Plne ploch\u00e9<br \/>\nPovrchov\u00e1 \u00faprava \u010depele: sat\u00e9n<br \/>\nBlade Edge: Combo<br \/>\nMateri\u00e1l rukov\u00e4te: FRN<br \/>\nFarba rukov\u00e4te: Modr\u00e1<br \/>\nUzamykac\u00ed mechanizmus: Liner Lock<br \/>\nVreckov\u00e1 spona: Nerezov\u00e1 oce\u013e (Tip-Up\/Down, Right\/Left carry)<br \/>\n\u010c\u00edslo modelu: C136PSBL<br \/>\nN\u00e1zov modelu: Persistence Lightweight CPM-S35VN<br \/>\nHmotnos\u0165: 3,32 oz. (94 g)<\/p>\n","protected":false},"excerpt":{"rendered":"<p>Persistence Lightweight spojila kompaktn\u00fa ve\u013ekos\u0165 a osved\u010den\u00e9 vlastnosti tohto \u010dasom preveren\u00e9ho dizajnu s v\u00fdhodami \u00faspory hmotnosti vstrekovan\u00fdch rukov\u00e4te z nylonu vystu\u017een\u00e9ho sklen\u00fdm vl\u00e1knom (FRN).<\/p>\n","protected":false},"featured_media":253696,"comment_status":"open","ping_status":"closed","template":"","meta":[],"pwb-brand":[3261],"product_brand":[],"product_cat":[3233,3186],"product_tag":[3668],"class_list":{"0":"post-253707","1":"product","2":"type-product","3":"status-publish","4":"has-post-thumbnail","6":"pwb-brand-zatvaraci-noz-spyderco-endura-flat-ground-gray-frn-c10fpgy","7":"product_cat-zatvaracie-noze","8":"product_cat-noze-sk","9":"product_tag-b2b-sk","11":"first","12":"instock","13":"taxable","14":"shipping-taxable","15":"purchasable","16":"product-type-simple"},"brands":[{"id":3261,"name":"Zatv\u00e1rac\u00ed N\u00f4\u017e Spyderco Endura Flat Ground Gray FRN C10FPGY","slug":"zatvaraci-noz-spyderco-endura-flat-ground-gray-frn-c10fpgy"}],"_links":{"self":[{"href":"https:\/\/www.moskito.cz\/sk\/wp-json\/wp\/v2\/product\/253707","targetHints":{"allow":["GET"]}}],"collection":[{"href":"https:\/\/www.moskito.cz\/sk\/wp-json\/wp\/v2\/product"}],"about":[{"href":"https:\/\/www.moskito.cz\/sk\/wp-json\/wp\/v2\/types\/product"}],"replies":[{"embeddable":true,"href":"https:\/\/www.moskito.cz\/sk\/wp-json\/wp\/v2\/comments?post=253707"}],"wp:featuredmedia":[{"embeddable":true,"href":"https:\/\/www.moskito.cz\/sk\/wp-json\/wp\/v2\/media\/253696"}],"wp:attachment":[{"href":"https:\/\/www.moskito.cz\/sk\/wp-json\/wp\/v2\/media?parent=253707"}],"wp:term":[{"taxonomy":"pwb-brand","embeddable":true,"href":"https:\/\/www.moskito.cz\/sk\/wp-json\/wp\/v2\/pwb-brand?post=253707"},{"taxonomy":"product_brand","embeddable":true,"href":"https:\/\/www.moskito.cz\/sk\/wp-json\/wp\/v2\/product_brand?post=253707"},{"taxonomy":"product_cat","embeddable":true,"href":"https:\/\/www.moskito.cz\/sk\/wp-json\/wp\/v2\/product_cat?post=253707"},{"taxonomy":"product_tag","embeddable":true,"href":"https:\/\/www.moskito.cz\/sk\/wp-json\/wp\/v2\/product_tag?post=253707"}],"curies":[{"name":"wp","href":"https:\/\/api.w.org\/{rel}","templated":true}]}}