{"id":254041,"date":"2023-07-15T10:40:44","date_gmt":"2023-07-15T09:40:44","guid":{"rendered":"https:\/\/www.moskito.cz\/produkt\/vystrelovaci-noz-otf-andre-de-villiers\/"},"modified":"2025-05-07T10:52:28","modified_gmt":"2025-05-07T09:52:28","slug":"vystrelovaci-noz-otf-andre-de-villiers","status":"publish","type":"product","link":"https:\/\/www.moskito.cz\/sk\/produkt\/vystrelovaci-noz-otf-andre-de-villiers\/","title":{"rendered":"Vystre\u013eovac\u00ed N\u00f4\u017e OTF Andre De Villiers"},"content":{"rendered":"<p>Vystre\u013eovac\u00ed N\u00f4\u017e OTF Andre De Villiers<\/p>\n<p>Andre\/ADV Tactical vyr\u00e1ba najlep\u0161ie z\u00e1kazkov\u00e9 no\u017ee na svete. Jeho no\u017ee s\u00fa tvrd\u00e9 ako klince a \u00faplne na z\u00e1kazku, ru\u010dne vyr\u00e1ban\u00e9.<\/p>\n<p>Kr\u00e1sny dvoj\u010dinn\u00fd ru\u010dne vyr\u00e1ban\u00fd predn\u00fd automat ve\u013ekost\u00ed tak akur\u00e1t na ka\u017edodenn\u00e9 nosenie.<\/p>\n<p>N\u00f4\u017e m\u00e1 vylep\u0161en\u00fa tvarovan\u00fa rukov\u00e4\u0165 s text\u00farovan\u00fdm posuvn\u00fdm jazdcom pre pozit\u00edvnej\u0161ie vystrelenie. Pru\u017eina no\u017ea zost\u00e1va v \u201ek\u013eudovej\u201c polohe po cel\u00fa dobu, s v\u00fdnimkou vystrelenia. T\u00fdm je zaisten\u00e9, \u017ee sa stla\u010den\u00e1 pru\u017eina neunav\u00ed, \u010do pou\u017e\u00edvate\u013eom zais\u0165uje, \u017ee ke\u010f je n\u00f4\u017e vystrelen\u00fd, bude fungova\u0165 efekt\u00edvne. Farba rukov\u00e4te je \u010dierna.<\/p>\n<p>\u010cepe\u013e je vyroben\u00e1 z ocele D2, m\u00e1 tvar d\u00fdky so zubat\u00fdm ostr\u00edm po oboch stran\u00e1ch, ktor\u00fdm sa lep\u0161ie re\u017e\u00fa lan\u00e1, kart\u00f3ny, odevy at\u010f. a vydr\u017eia ove\u013ea dlh\u0161ie ostrej\u0161ie ako klasick\u00e9 ostrie. Farba na \u010depeli je \u010dierna.<\/p>\n<p>N\u00f4\u017e m\u00e1 oce\u013eov\u00fd klip na \u013eahk\u00e9 nosenie ukon\u010den\u00fd val\u010dekom, aby klip netrhal vrecko.<\/p>\n<p>Naozaj \u00fa\u017easn\u00e9 remeslo, kvalitn\u00fd n\u00f4\u017e s vynikaj\u00facim dizajnom a prec\u00edznym spracovan\u00edm. Ve\u013emi podaren\u00fd OTF n\u00f4\u017e za prijate\u013en\u00fa cenu.<\/p>\n<p>\u0160pecifik\u00e1cia:<\/p>\n<p>D\u013a\u017eka \u010depele: 9 cm<br \/>\nD\u013a\u017eka rukov\u00e4te: 12.5 cm<br \/>\nCelkov\u00e1 d\u013a\u017eka: 21.5 cm<br \/>\nMateri\u00e1l \u010depele: N\u00e1strojov\u00e1 oce\u013e D2<br \/>\nBr\u00fasenie \u010depele: Ploch\u00e9<br \/>\nPovrchov\u00e1 \u00faprava \u010depele: \u010cierna<br \/>\nMateri\u00e1l rukov\u00e4te: Eloxovan\u00fd hlin\u00edk 6061-T6<\/p>\n<p>Dizajn\u00e9r: Andre De Villiers<\/p>\n","protected":false},"excerpt":{"rendered":"<p>Andre\/ADV Tactical vyr\u00e1ba najlep\u0161ie z\u00e1kazkov\u00e9 no\u017ee na svete. Jeho no\u017ee s\u00fa tvrd\u00e9 ako klince a \u00faplne na z\u00e1kazku, ru\u010dne vyr\u00e1ban\u00e9.<\/p>\n","protected":false},"featured_media":254038,"comment_status":"open","ping_status":"closed","template":"","meta":[],"pwb-brand":[3244],"product_brand":[],"product_cat":[3197,3186],"product_tag":[],"class_list":{"0":"post-254041","1":"product","2":"type-product","3":"status-publish","4":"has-post-thumbnail","6":"pwb-brand-zatvaraci-noz-andre-de-villiers-tanto-s35vn-satin-tanto-blade-acid-rain-frag-milled-titanium","7":"product_cat-vystrelovacie-noze-sk","8":"product_cat-noze-sk","10":"first","11":"instock","12":"taxable","13":"shipping-taxable","14":"purchasable","15":"product-type-simple"},"brands":[{"id":3244,"name":"Zatv\u00e1rac\u00ed N\u00f4\u017e Andre De Villiers Tanto S35VN Satin Tanto Blade Acid Rain Frag Milled Titanium","slug":"zatvaraci-noz-andre-de-villiers-tanto-s35vn-satin-tanto-blade-acid-rain-frag-milled-titanium"}],"_links":{"self":[{"href":"https:\/\/www.moskito.cz\/sk\/wp-json\/wp\/v2\/product\/254041","targetHints":{"allow":["GET"]}}],"collection":[{"href":"https:\/\/www.moskito.cz\/sk\/wp-json\/wp\/v2\/product"}],"about":[{"href":"https:\/\/www.moskito.cz\/sk\/wp-json\/wp\/v2\/types\/product"}],"replies":[{"embeddable":true,"href":"https:\/\/www.moskito.cz\/sk\/wp-json\/wp\/v2\/comments?post=254041"}],"wp:featuredmedia":[{"embeddable":true,"href":"https:\/\/www.moskito.cz\/sk\/wp-json\/wp\/v2\/media\/254038"}],"wp:attachment":[{"href":"https:\/\/www.moskito.cz\/sk\/wp-json\/wp\/v2\/media?parent=254041"}],"wp:term":[{"taxonomy":"pwb-brand","embeddable":true,"href":"https:\/\/www.moskito.cz\/sk\/wp-json\/wp\/v2\/pwb-brand?post=254041"},{"taxonomy":"product_brand","embeddable":true,"href":"https:\/\/www.moskito.cz\/sk\/wp-json\/wp\/v2\/product_brand?post=254041"},{"taxonomy":"product_cat","embeddable":true,"href":"https:\/\/www.moskito.cz\/sk\/wp-json\/wp\/v2\/product_cat?post=254041"},{"taxonomy":"product_tag","embeddable":true,"href":"https:\/\/www.moskito.cz\/sk\/wp-json\/wp\/v2\/product_tag?post=254041"}],"curies":[{"name":"wp","href":"https:\/\/api.w.org\/{rel}","templated":true}]}}