{"id":254109,"date":"2023-07-16T18:02:54","date_gmt":"2023-07-16T17:02:54","guid":{"rendered":"https:\/\/www.moskito.cz\/?post_type=product&#038;p=254109"},"modified":"2025-05-07T10:52:30","modified_gmt":"2025-05-07T09:52:30","slug":"pevny-nuz-muela-typhoon-des-n","status":"publish","type":"product","link":"https:\/\/www.moskito.cz\/sk\/produkt\/pevny-nuz-muela-typhoon-des-n\/","title":{"rendered":"Pevn\u00fd N\u016f\u017e Muela TYPHOON-DES.N"},"content":{"rendered":"<p>Pevn\u00fd N\u016f\u017e Muela TYPHOON-DES.N<\/p>\n<p>Perfektn\u00ed n\u016f\u017e TYPHOON-DES.N s pevnou \u010depel\u00ed \u0161pan\u011blsk\u00e9 firmy Muela s designem full tang. Rukoje\u0165 Desert Camo. Dob\u0159e vyv\u00e1\u017een\u00fd, vyroben\u00fd z molybden-vanadiov\u00e9 oceli 440. Robustn\u00ed a odoln\u00fd, odol\u00e1 v\u0161em podm\u00ednk\u00e1m bez po\u0161kozen\u00ed. Bude fungovat jako taktick\u00fd n\u016f\u017e na p\u0159e\u017eit\u00ed pro lovce a EDC.<\/p>\n<p>\u010cepel &#8211; s upraven\u00fdm profilem Clip Point, tlou\u0161\u0165ka 4,6 mm, kalen\u00e1 v rozmez\u00ed 57-58 HRC. Vyrobeno z odoln\u00e9 nerezov\u00e9 oceli X50CrMoV15 molybden-vanadiov\u00e9 oceli. Hladk\u00e1 \u010depel (typ Plain) vyroben\u00e1 s konk\u00e1vn\u00edm \u0159ezem (Hollow Grind), poskytuje dobr\u00e9 \u0159ezn\u00e9 vlastnosti. \u010cern\u00fd matn\u00fd, nereflexn\u00ed PTFE povlak odoln\u00fd proti po\u0161kr\u00e1b\u00e1n\u00ed, dod\u00e1v\u00e1 \u010depeli taktick\u00fd vzhled. Na zadn\u00ed stran\u011b vroubkovan\u00e1 z\u00e1da pro palec (rampa). Finger Choil, profilovan\u00fd pod\u0159ez\u00e1vac\u00ed prst mezi rukojet\u00ed a ost\u0159\u00edm usnad\u0148uje ovl\u00e1d\u00e1n\u00ed no\u017ee.<\/p>\n<p>Rukoje\u0165 &#8211; profilovan\u00e1 pod dlan\u00ed, vyroben\u00e1 z elastick\u00e9ho materi\u00e1lu, tzv. &#8222;soft touch&#8220; zaru\u010duje pevn\u00fd \u00fachop. N\u016f\u017e se velmi dob\u0159e dr\u017e\u00ed v ruce, neklou\u017ee, lze jej snadno ovl\u00e1dat za v\u0161ech pov\u011btrnostn\u00edch podm\u00ednek i v zim\u011b &#8211; nemrzne v ruce. Kryty gripu byly pokryty Camouflage Desert Camo, celek byl p\u0159i\u0161roubov\u00e1n torx \u0161rouby. Ocelov\u00e1 hlava s propleten\u00fdm lankem m\u016f\u017ee fungovat jako kladivo a rozb\u00edje\u010d skla.<\/p>\n<p>Pouzdro &#8211; zap\u00edn\u00e1n\u00ed na patent, vyroben\u00e9 z vod\u011bodoln\u00e9ho nylonu v kamufl\u00e1\u017ei Desert Camo. Reli\u00e9fn\u00ed logo v\u00fdrobce na k\u016f\u017ei. Pochva m\u00e1 upevn\u011bn\u00ed na opasek nebo obaly pro p\u0159en\u00e1\u0161en\u00ed no\u017ee ve svisl\u00e9 poloze.<\/p>\n<p>Technick\u00e9 specifikace:<br \/>\nProduktov\u00e9 \u010d\u00edslo: TYPHOON-DES.N<br \/>\nTyp oceli: X50CrMoV15<br \/>\nD\u00e9lka \u010depele: 15 cm<br \/>\nTlou\u0161\u0165ka \u010depele: 0.46 m<br \/>\nCelkov\u00e1 d\u00e9lka: 27 cm<br \/>\nHmotnost: 274 g \/ 9,66 oz<br \/>\n\u010cepel: Oby\u010dejn\u00e1<br \/>\nTyp \u010depele: Clip Point<br \/>\nTyp \u0159ezu: Konk\u00e1vn\u00ed<br \/>\nTyp rukojeti: Soft Touch<br \/>\nPl\u00e1\u0161\u0165: Nylon<br \/>\nV\u00fdrobce: Muela, \u0160pan\u011blsko<\/p>\n<p>&nbsp;<\/p>\n","protected":false},"excerpt":{"rendered":"<p><strong>Perfektn\u00ed n\u016f\u017e TYPHOON-DES.N s pevnou \u010depel\u00ed \u0161pan\u011blsk\u00e9 firmy Muela s designem full tang. Rukoje\u0165 Desert Camo.<\/strong><\/p>\n","protected":false},"featured_media":254110,"comment_status":"open","ping_status":"closed","template":"","meta":[],"pwb-brand":[191],"product_brand":[],"product_cat":[23,17],"product_tag":[3667],"class_list":{"0":"post-254109","1":"product","2":"type-product","3":"status-publish","4":"has-post-thumbnail","6":"pwb-brand-muela","7":"product_cat-pevne-noze","8":"product_cat-noze","9":"product_tag-b2b","11":"first","12":"instock","13":"taxable","14":"shipping-taxable","15":"purchasable","16":"product-type-simple"},"brands":[{"id":191,"name":"Muela","slug":"muela"}],"_links":{"self":[{"href":"https:\/\/www.moskito.cz\/sk\/wp-json\/wp\/v2\/product\/254109","targetHints":{"allow":["GET"]}}],"collection":[{"href":"https:\/\/www.moskito.cz\/sk\/wp-json\/wp\/v2\/product"}],"about":[{"href":"https:\/\/www.moskito.cz\/sk\/wp-json\/wp\/v2\/types\/product"}],"replies":[{"embeddable":true,"href":"https:\/\/www.moskito.cz\/sk\/wp-json\/wp\/v2\/comments?post=254109"}],"wp:featuredmedia":[{"embeddable":true,"href":"https:\/\/www.moskito.cz\/sk\/wp-json\/wp\/v2\/media\/254110"}],"wp:attachment":[{"href":"https:\/\/www.moskito.cz\/sk\/wp-json\/wp\/v2\/media?parent=254109"}],"wp:term":[{"taxonomy":"pwb-brand","embeddable":true,"href":"https:\/\/www.moskito.cz\/sk\/wp-json\/wp\/v2\/pwb-brand?post=254109"},{"taxonomy":"product_brand","embeddable":true,"href":"https:\/\/www.moskito.cz\/sk\/wp-json\/wp\/v2\/product_brand?post=254109"},{"taxonomy":"product_cat","embeddable":true,"href":"https:\/\/www.moskito.cz\/sk\/wp-json\/wp\/v2\/product_cat?post=254109"},{"taxonomy":"product_tag","embeddable":true,"href":"https:\/\/www.moskito.cz\/sk\/wp-json\/wp\/v2\/product_tag?post=254109"}],"curies":[{"name":"wp","href":"https:\/\/api.w.org\/{rel}","templated":true}]}}