{"id":254278,"date":"2023-07-17T19:49:34","date_gmt":"2023-07-17T18:49:34","guid":{"rendered":"https:\/\/www.moskito.cz\/produkt\/zatvaraci-noz-rockstead-ryo-h-bl-mirror-finish-blade-blue-titanium\/"},"modified":"2025-12-31T16:27:20","modified_gmt":"2025-12-31T15:27:20","slug":"zatvaraci-noz-rockstead-ryo-h-bl-mirror-finish-blade-blue-titanium","status":"publish","type":"product","link":"https:\/\/www.moskito.cz\/sk\/produkt\/zatvaraci-noz-rockstead-ryo-h-bl-mirror-finish-blade-blue-titanium\/","title":{"rendered":"Skladac\u00ed n\u00f4\u017e Rockstead RYO-H (BL) Mirror Finish Blade Blue Titanium"},"content":{"rendered":"<p>Skladac\u00ed n\u00f4\u017e <strong>Rockstead<\/strong> RYO-H (BL) Mirror Finish Blade Blue Titanium<\/p>\n<p>N\u00f4\u017e Rockstead RYO H-ZDP m\u00e1 oce\u013e ZDP-189, zrkadlovo le\u0161ten\u00fa \u010depe\u013e a tit\u00e1nov\u00e9 rukov\u00e4te DLC. Otv\u00e1ranie je neuverite\u013ene hladk\u00e9, zatia\u013e \u010do z\u00e1mok udr\u017eiava \u010depe\u013e bezpe\u010dne otvoren\u00fa. RYO H-ZDP je prv\u00fdm modelom zna\u010dky Rockstead so skrytou proti\u0161mykovou kon\u0161trukciou, ktor\u00e1 umo\u017e\u0148uje skry\u0165 vreckov\u00fd klip pre pohodlnej\u0161ie pou\u017e\u00edvanie a manipul\u00e1ciu.<\/p>\n<p>Zrkadlov\u00fd povrch sa dosahuje tepeln\u00fdm spracovan\u00edm \u010depele a postupn\u00fdm ru\u010dn\u00fdm br\u00fasen\u00edm br\u00fasnym papierom so zrnitos\u0165ou 400, 600, 800, 1 200 a 2 000 za mokra aj za sucha. Tento postup je ve\u013emi n\u00e1ro\u010dn\u00fd a zd\u013ahav\u00fd, preto\u017ee ak sa po\u010das neho objavia ak\u00e9ko\u013evek \u0161krabance, \u010depe\u013e sa mus\u00ed vr\u00e1ti\u0165 na opravu do predch\u00e1dzaj\u00faceho kroku. Po dokon\u010den\u00ed tohto procesu sa \u010depe\u013e vybr\u00fasi na kone\u010dn\u00fa \u00fapravu. \u013dudia zo spolo\u010dnosti Rockstead zvl\u00e1dli tento proces tak, \u017ee no\u017ee maj\u00fa kr\u00e1snu povrchov\u00fa \u00fapravu a ostr\u00e9 ostrie ako \u017eiadne in\u00e9. V ruke sa dr\u017e\u00ed ve\u013emi pohodlne a pevne. No\u017ee s\u00fa jednotlivo o\u010d\u00edslovan\u00e9.<\/p>\n<p>Je zn\u00e1me, \u017ee pri spr\u00e1vnej \u00fadr\u017ebe si Rocksteady udr\u017eia ostr\u00e9 hrany 2-3 roky.<\/p>\n<p>\u0160pecifik\u00e1cie<br \/>\nD\u013a\u017eka \u010depele: 8 cm<br \/>\nCelkov\u00e1 d\u013a\u017eka: 20 cm<br \/>\nMateri\u00e1l \u010depele: ZDP-189<br \/>\n\u0160t\u00fdl \u010depele: sheepfoot<br \/>\nBr\u00fasenie \u010depele: &#8222;Honzukuri&#8220; konvexn\u00e9<br \/>\nHr\u00fabka \u010depele: 0.32 cm<br \/>\nTvrdos\u0165 \u010depele: 67 HRC (pribli\u017ene)<br \/>\nMateri\u00e1l rukov\u00e4te: tit\u00e1n<br \/>\nPovrchov\u00e1 \u00faprava rukov\u00e4te: DLC (Diamond Like Coating)<br \/>\nHmotnos\u0165: 4,37 oz.<br \/>\nVyroben\u00e9 v Japonsku<\/p>\n","protected":false},"excerpt":{"rendered":"<p><strong>N\u00f4\u017e Rockstead je uzn\u00e1van\u00fd ako tov\u00e1rensk\u00fd n\u00f4\u017e na z\u00e1kazku. Vyu\u017e\u00edvame modern\u00e9 obr\u00e1bacie n\u00e1stroje aj remeseln\u00fa zru\u010dnos\u0165 na\u0161ich \u00f4smich zamestnancov. N\u00e1\u0161 remeseln\u00edk ru\u010dne dokon\u010duje \u010depe\u013e po procese zrkadlov\u00e9ho le\u0161tenia, \u010d\u00edm poskytuje rovnak\u00fa vysok\u00fa kvalitu spracovania, ak\u00fa by ste o\u010dak\u00e1vali od skuto\u010dn\u00e9ho no\u017ea na z\u00e1kazku. Na\u0161e tov\u00e1rensk\u00e9 no\u017ee na z\u00e1kazku s\u00fa \u00faplne inej kvality ako s\u00e9riovo vyr\u00e1ban\u00e9 no\u017ee.<\/strong><\/p>\n<p><strong>Doprava zadarmo.<\/strong><\/p>\n","protected":false},"featured_media":254264,"comment_status":"open","ping_status":"closed","template":"","meta":[],"pwb-brand":[4073],"product_brand":[],"product_cat":[3233,3186],"product_tag":[],"class_list":{"0":"post-254278","1":"product","2":"type-product","3":"status-publish","4":"has-post-thumbnail","6":"pwb-brand-rockstead-sk","7":"product_cat-zatvaracie-noze","8":"product_cat-noze-sk","10":"first","11":"outofstock","12":"taxable","13":"shipping-taxable","14":"purchasable","15":"product-type-simple"},"brands":[{"id":4073,"name":"Rockstead","slug":"rockstead-sk"}],"_links":{"self":[{"href":"https:\/\/www.moskito.cz\/sk\/wp-json\/wp\/v2\/product\/254278","targetHints":{"allow":["GET"]}}],"collection":[{"href":"https:\/\/www.moskito.cz\/sk\/wp-json\/wp\/v2\/product"}],"about":[{"href":"https:\/\/www.moskito.cz\/sk\/wp-json\/wp\/v2\/types\/product"}],"replies":[{"embeddable":true,"href":"https:\/\/www.moskito.cz\/sk\/wp-json\/wp\/v2\/comments?post=254278"}],"wp:featuredmedia":[{"embeddable":true,"href":"https:\/\/www.moskito.cz\/sk\/wp-json\/wp\/v2\/media\/254264"}],"wp:attachment":[{"href":"https:\/\/www.moskito.cz\/sk\/wp-json\/wp\/v2\/media?parent=254278"}],"wp:term":[{"taxonomy":"pwb-brand","embeddable":true,"href":"https:\/\/www.moskito.cz\/sk\/wp-json\/wp\/v2\/pwb-brand?post=254278"},{"taxonomy":"product_brand","embeddable":true,"href":"https:\/\/www.moskito.cz\/sk\/wp-json\/wp\/v2\/product_brand?post=254278"},{"taxonomy":"product_cat","embeddable":true,"href":"https:\/\/www.moskito.cz\/sk\/wp-json\/wp\/v2\/product_cat?post=254278"},{"taxonomy":"product_tag","embeddable":true,"href":"https:\/\/www.moskito.cz\/sk\/wp-json\/wp\/v2\/product_tag?post=254278"}],"curies":[{"name":"wp","href":"https:\/\/api.w.org\/{rel}","templated":true}]}}