{"id":254296,"date":"2023-07-17T20:07:13","date_gmt":"2023-07-17T19:07:13","guid":{"rendered":"https:\/\/www.moskito.cz\/produkt\/zatvaraci-noz-rockstead-higo-ii-x-cf-zdp-bl-carbon-handles-blue-titanium\/"},"modified":"2025-05-07T10:52:34","modified_gmt":"2025-05-07T09:52:34","slug":"zatvaraci-noz-rockstead-higo-ii-x-cf-zdp-bl-carbon-handles-blue-titanium","status":"publish","type":"product","link":"https:\/\/www.moskito.cz\/sk\/produkt\/zatvaraci-noz-rockstead-higo-ii-x-cf-zdp-bl-carbon-handles-blue-titanium\/","title":{"rendered":"Zatv\u00e1rac\u00ed N\u00f4\u017e Rockstead HIGO II X-CF-ZDP (BL) Carbon Handles Blue Titanium"},"content":{"rendered":"<p>Zatv\u00e1rac\u00ed N\u00f4\u017e Rockstead HIGO II X-CF-ZDP (BL) Carbon Handles Blue Titanium<\/p>\n<p>Rockstead Knives s\u00fa pod\u013ea n\u00e1\u0161ho n\u00e1zoru jedny z najlep\u0161\u00edch no\u017eov dostupn\u00fdch na trhu. V\u010faka starostliv\u00e9mu remeseln\u00e9mu spracovaniu a jedine\u010dn\u00fdm dizajnom Rockstead stoj\u00ed t\u00e1to poloz\u00e1kazkov\u00e1 zlo\u017eka za pr\u00e9miov\u00fa cenu. Zlo\u017eka HIGO II obsahuje drobn\u00e9 zmeny v dizajne HIGO X, hlavne tieto kr\u00e1sne \u0161upiny z uhl\u00edkov\u00fdch vl\u00e1kien. \u010cepe\u013e je st\u00e1le z ocele ZDP-189 so zrkadlovou \u00fapravou a najlep\u0161\u00edm ostr\u00edm v obore. Tento n\u00f4\u017e m\u00e1 uhol ostria 30 \u00b0 bl\u00edzko polovice a 24 \u00b0 bl\u00edzko vrcholu s jedn\u00fdm spojit\u00fdm, postupne sa zni\u017euj\u00facim uhlom sp\u00e1jania Tento zmen\u0161uj\u00faci sa uhol \u010depele je v\u00fdsledkom neust\u00e1leho \u00fasilia Rocksteadu o vynikaj\u00facu ostros\u0165. Otv\u00e1ranie je hladk\u00e9 s pevn\u00fdm tit\u00e1nov\u00fdm z\u00e1mkom, ktor\u00fd \u010depe\u013e bezpe\u010dne dr\u017e\u00ed na mieste. Neuverite\u013en\u00e9ho zrkadlov\u00e9ho povrchu je dosiahnut\u00e9 tepeln\u00fdm spracovan\u00edm ostrie a postupn\u00fdm ru\u010dn\u00fdm br\u00fasen\u00edm br\u00fasnym papierom so zrnitos\u0165ou 400, 600, 800, 1 200 a 2 000 zrnitosti za mokra a sucha. To je ve\u013emi intenz\u00edvne a zd\u013ahav\u00e9, preto\u017ee ak by sa po\u010das tohto procesu objavili nejak\u00e9 \u0161krabance, \u010depe\u013e mus\u00ed by\u0165 odoslan\u00e1 sp\u00e4\u0165 do predch\u00e1dzaj\u00faceho kroku za \u00fa\u010delom opravy.<\/p>\n<p>Hne\u010f ako je toto dokon\u010den\u00e9, bude \u010depe\u013e obr\u00fasen\u00e1 na fin\u00e1lnu \u00fapravu. \u013dudia z Rockstead tento proces zvl\u00e1dli, aby no\u017emi z\u00edskali kr\u00e1sny povrch a ostr\u00fa hranu ako \u017eiadny in\u00fd. HIGO II X-CF-ZDP sa dod\u00e1va s pravostrannou vykl\u00e1pacou vreckovou sponou a ka\u017ed\u00fd n\u00f4\u017e je individu\u00e1lne o\u010d\u00edslovan\u00fd a obsahuje certifik\u00e1t pravosti. \u010depe\u013e mus\u00ed by\u0165 odoslan\u00e1 sp\u00e4\u0165 do predch\u00e1dzaj\u00faceho kroku pre prelakovanie. Hne\u010f ako je toto dokon\u010den\u00e9, bude \u010depe\u013e obr\u00fasen\u00e1 na fin\u00e1lnu \u00fapravu. \u013dudia z Rockstead tento proces zvl\u00e1dli, aby no\u017emi z\u00edskali kr\u00e1sny povrch a ostr\u00fa hranu ako \u017eiadny in\u00fd. HIGO II X-CF-ZDP sa dod\u00e1va s pravostrannou vykl\u00e1pacou vreckovou sponou a ka\u017ed\u00fd n\u00f4\u017e je individu\u00e1lne o\u010d\u00edslovan\u00fd a obsahuje certifik\u00e1t pravosti. \u010depe\u013e mus\u00ed by\u0165 odoslan\u00e1 sp\u00e4\u0165 do predch\u00e1dzaj\u00faceho kroku pre prelakovanie. Hne\u010f ako je toto dokon\u010den\u00e9, bude \u010depe\u013e obr\u00fasen\u00e1 na fin\u00e1lnu \u00fapravu. \u013dudia z Rockstead tento proces zvl\u00e1dli, aby no\u017emi z\u00edskali kr\u00e1sny povrch a ostr\u00fa hranu ako \u017eiadny in\u00fd. HIGO II X-CF-ZDP sa dod\u00e1va s pravostrannou vykl\u00e1pacou vreckovou sponou a ka\u017ed\u00fd n\u00f4\u017e je individu\u00e1lne o\u010d\u00edslovan\u00fd a obsahuje certifik\u00e1t pravosti.<\/p>\n<p>Pri spr\u00e1vnej \u00fadr\u017ebe je zn\u00e1me, \u017ee Rocksteads udr\u017e\u00ed ostr\u00fa hranu po dobu 2-3 rokov.<\/p>\n<p>\u0160pecifik\u00e1cia<br \/>\nD\u013a\u017eka \u010depele: 8.9 cm<br \/>\nD\u013a\u017eka v zatvorenom stave: 12.1 cm<br \/>\nCelkov\u00e1 d\u013a\u017eka: 21 cm<br \/>\nHr\u00fabka \u010depele: 0.32 cm<br \/>\nMateri\u00e1l \u010depele: Nerezov\u00e1 oce\u013e ZDP-189<br \/>\nTvrdos\u0165 \u010depele: 67 HRC (pribli\u017ene)<br \/>\n\u0160t\u00fdl \u010depele: Drop Point<br \/>\nBr\u00fasenie \u010depele: Konvexn\u00e9<br \/>\nPovrchov\u00e1 \u00faprava \u010depele: zrkadlovo le\u0161ten\u00e1<br \/>\nHr\u00fabka rukov\u00e4te: 0,59&#8243;<br \/>\nMateri\u00e1l rukov\u00e4te: Carbon Fiber<br \/>\nUzamykac\u00ed mechanizmus: Liner Lock<br \/>\nMateri\u00e1l vlo\u017eky: modr\u00fd eloxovan\u00fd tit\u00e1n<br \/>\nVreckov\u00fd klip: Vykl\u00e1pacie, prav\u00e9 nosenie<br \/>\nHmotnos\u0165: 4,9 oz. (138 g)<br \/>\nVyroben\u00e9 v Japonsku<\/p>\n","protected":false},"excerpt":{"rendered":"<p>N\u00f4\u017e Rockstead je uzn\u00e1van\u00fd ako tov\u00e1rensk\u00fd z\u00e1kazkov\u00fd n\u00f4\u017e. Vyu\u017e\u00edvame pou\u017eitie pokro\u010dil\u00fdch obr\u00e1bac\u00edch n\u00e1strojov, ako aj remeseln\u00fa zru\u010dnos\u0165 na\u0161ich osem\u010dlenn\u00fdch zamestnancov. N\u00e1\u0161 remeseln\u00edk ru\u010dne opracov\u00e1va \u010depe\u013e po procese zrkadlov\u00e9ho le\u0161tenia a poskytuje rovnako vysok\u00fa kvalitu pr\u00e1ce, ak\u00fa mo\u017eno o\u010dak\u00e1va\u0165 u skuto\u010dn\u00e9ho z\u00e1kazkov\u00e9ho no\u017ea. Na\u0161e tov\u00e1rensk\u00e9 z\u00e1kazkov\u00e9 no\u017ee s\u00fa \u00faplne inej kvality ako s\u00e9riovo vyr\u00e1ban\u00e9 no\u017ee.<\/p>\n<p>Doprava zadarmo.<\/p>\n","protected":false},"featured_media":254282,"comment_status":"open","ping_status":"closed","template":"","meta":[],"pwb-brand":[],"product_brand":[],"product_cat":[3233,3186],"product_tag":[],"class_list":{"0":"post-254296","1":"product","2":"type-product","3":"status-publish","4":"has-post-thumbnail","6":"product_cat-zatvaracie-noze","7":"product_cat-noze-sk","9":"first","10":"instock","11":"sale","12":"taxable","13":"shipping-taxable","14":"purchasable","15":"product-type-simple"},"brands":[],"_links":{"self":[{"href":"https:\/\/www.moskito.cz\/sk\/wp-json\/wp\/v2\/product\/254296","targetHints":{"allow":["GET"]}}],"collection":[{"href":"https:\/\/www.moskito.cz\/sk\/wp-json\/wp\/v2\/product"}],"about":[{"href":"https:\/\/www.moskito.cz\/sk\/wp-json\/wp\/v2\/types\/product"}],"replies":[{"embeddable":true,"href":"https:\/\/www.moskito.cz\/sk\/wp-json\/wp\/v2\/comments?post=254296"}],"wp:featuredmedia":[{"embeddable":true,"href":"https:\/\/www.moskito.cz\/sk\/wp-json\/wp\/v2\/media\/254282"}],"wp:attachment":[{"href":"https:\/\/www.moskito.cz\/sk\/wp-json\/wp\/v2\/media?parent=254296"}],"wp:term":[{"taxonomy":"pwb-brand","embeddable":true,"href":"https:\/\/www.moskito.cz\/sk\/wp-json\/wp\/v2\/pwb-brand?post=254296"},{"taxonomy":"product_brand","embeddable":true,"href":"https:\/\/www.moskito.cz\/sk\/wp-json\/wp\/v2\/product_brand?post=254296"},{"taxonomy":"product_cat","embeddable":true,"href":"https:\/\/www.moskito.cz\/sk\/wp-json\/wp\/v2\/product_cat?post=254296"},{"taxonomy":"product_tag","embeddable":true,"href":"https:\/\/www.moskito.cz\/sk\/wp-json\/wp\/v2\/product_tag?post=254296"}],"curies":[{"name":"wp","href":"https:\/\/api.w.org\/{rel}","templated":true}]}}