{"id":254452,"date":"2022-03-28T19:59:31","date_gmt":"2022-03-28T18:59:31","guid":{"rendered":"https:\/\/www.moskito.cz\/produkt\/zatvaraci-noz-extrema-ratio-bd2-contractor-desert\/"},"modified":"2025-05-07T10:52:37","modified_gmt":"2025-05-07T09:52:37","slug":"zatvaraci-noz-extrema-ratio-bd2-contractor-desert","status":"publish","type":"product","link":"https:\/\/www.moskito.cz\/sk\/produkt\/zatvaraci-noz-extrema-ratio-bd2-contractor-desert\/","title":{"rendered":"Zatv\u00e1rac\u00ed N\u00f4\u017e Extrema Ratio BD2 CONTRACTOR DESERT"},"content":{"rendered":"<p>Zatv\u00e1rac\u00ed N\u00f4\u017e Extrema Ratio BD2 CONTRACTOR DESERT.<\/p>\n<p>BD2 CONTRACTOR je z\u00e1kladn\u00fd n\u00f4\u017e radu BD. Jeho \u010depe\u013e zah\u0155\u0148a klasick\u00fd taliansky \u0161t\u00fdl s tvarom listu radu BD. M\u00e1 dvojit\u00fd z\u00e1vit, dvojit\u00e9 z\u00fabkovanie a dvojit\u00fa ochranu pre v\u00e4\u010d\u0161iu ochranu ruky pri pou\u017e\u00edvan\u00ed. K dispoz\u00edcii v \u010diernej a Desert verzii.<\/p>\n<p>V\u00c1HA G.: 105<br \/>\nHMOTNOS\u0164 OZ: 3,70<br \/>\nD\u0139\u017dKA \u010cEPELA (MM): 94<br \/>\nD\u0139\u017dKA \u010cEPELA (IN): 3,70<br \/>\nCELKOV\u00c1 D\u0139\u017dKA (MM): 222<br \/>\nCELKOV\u00c1 D\u0139\u017dKA (V): 8,74<br \/>\nH\u013d\u00daBKA \u010cEPELA (MM): 3<br \/>\nH\u013d\u00daBKA \u010cEPELA (IN): 0,12<br \/>\n\u010cIASTO\u010cN\u00c9 ZUBY (MM): 20<br \/>\n\u010cIASTO\u010cN\u00c9 ZUBY (V): 0,78<br \/>\nMATERI\u00c1L \u010cEPELA: B\u00d6HLER N690 STEEL (58HRC)<br \/>\nPOVRCHOV\u00c1 \u00daPRAVA \u010cEPE\u013dA: UM\u00ddT\u00dd KAMENOM<br \/>\n\u0160\u00cdPKA \u010cEPELA: PLOCH\u00dd DR\u00d4T<br \/>\nMATERI\u00c1L RUKOV\u00c4TI: ELOXOVAN\u00dd ANTIKOROD\u00c1LNY HLIN\u00cdK<\/p>\n","protected":false},"excerpt":{"rendered":"<p>Spolo\u010dnos\u0165 Extrema Ratio so s\u00eddlom v talianskom Prate navrhuje a vyr\u00e1ba vysoko v\u00fdkonn\u00e9 bojov\u00e9, vojensk\u00e9, kuchynsk\u00e9, loveck\u00e9 a taktick\u00e9 no\u017ee od roku 1997 a m\u00e1 poves\u0165 vynikaj\u00facej kvality, ktor\u00e1 je v odbore vojensk\u00fdch a taktick\u00fdch no\u017eov neprekonate\u013en\u00e1. Doprava zadarmo.<\/p>\n","protected":false},"featured_media":213341,"comment_status":"open","ping_status":"closed","template":"","meta":[],"pwb-brand":[3198],"product_brand":[],"product_cat":[3186,3233],"product_tag":[3668],"class_list":{"0":"post-254452","1":"product","2":"type-product","3":"status-publish","4":"has-post-thumbnail","6":"pwb-brand-extrema-ratio-sk","7":"product_cat-noze-sk","8":"product_cat-zatvaracie-noze","9":"product_tag-b2b-sk","11":"first","12":"outofstock","13":"taxable","14":"shipping-taxable","15":"purchasable","16":"product-type-simple"},"brands":[{"id":3198,"name":"Extrema Ratio","slug":"extrema-ratio-sk"}],"_links":{"self":[{"href":"https:\/\/www.moskito.cz\/sk\/wp-json\/wp\/v2\/product\/254452","targetHints":{"allow":["GET"]}}],"collection":[{"href":"https:\/\/www.moskito.cz\/sk\/wp-json\/wp\/v2\/product"}],"about":[{"href":"https:\/\/www.moskito.cz\/sk\/wp-json\/wp\/v2\/types\/product"}],"replies":[{"embeddable":true,"href":"https:\/\/www.moskito.cz\/sk\/wp-json\/wp\/v2\/comments?post=254452"}],"wp:featuredmedia":[{"embeddable":true,"href":"https:\/\/www.moskito.cz\/sk\/wp-json\/wp\/v2\/media\/213341"}],"wp:attachment":[{"href":"https:\/\/www.moskito.cz\/sk\/wp-json\/wp\/v2\/media?parent=254452"}],"wp:term":[{"taxonomy":"pwb-brand","embeddable":true,"href":"https:\/\/www.moskito.cz\/sk\/wp-json\/wp\/v2\/pwb-brand?post=254452"},{"taxonomy":"product_brand","embeddable":true,"href":"https:\/\/www.moskito.cz\/sk\/wp-json\/wp\/v2\/product_brand?post=254452"},{"taxonomy":"product_cat","embeddable":true,"href":"https:\/\/www.moskito.cz\/sk\/wp-json\/wp\/v2\/product_cat?post=254452"},{"taxonomy":"product_tag","embeddable":true,"href":"https:\/\/www.moskito.cz\/sk\/wp-json\/wp\/v2\/product_tag?post=254452"}],"curies":[{"name":"wp","href":"https:\/\/api.w.org\/{rel}","templated":true}]}}