{"id":254513,"date":"2023-07-19T14:34:21","date_gmt":"2023-07-19T13:34:21","guid":{"rendered":"https:\/\/www.moskito.cz\/?post_type=product&#038;p=254513"},"modified":"2025-05-07T10:52:38","modified_gmt":"2025-05-07T09:52:38","slug":"pevny-nuz-muela-dp-10r","status":"publish","type":"product","link":"https:\/\/www.moskito.cz\/sk\/produkt\/pevny-nuz-muela-dp-10r\/","title":{"rendered":"Pevn\u00fd N\u016f\u017e Muela DP-10R"},"content":{"rendered":"<p>Pevn\u00fd N\u016f\u017e <strong>Muela<\/strong> DP-10R<\/p>\n<p>Tenk\u00fd loveck\u00fd n\u016f\u017e je vybaven \u010depel\u00ed Clippoint z X50CrMoV15 a ergonomickou rukojet\u00ed z kor\u00e1lov\u00e9ho d\u0159eva. Dodate\u010dnou provozn\u00ed bezpe\u010dnost slibuje parry prvek. S otvorem na \u0161\u0148\u016frku a vysoce kvalitn\u00edm ko\u017een\u00fdm pouzdrem.<\/p>\n<p>Typ: Pevn\u00e1 \u010depel<br \/>\nZna\u010dka: Muela<br \/>\nCelkov\u00e1 d\u00e9lka: 21 cm<br \/>\nD\u00e9lka \u010depele: 10 cm<br \/>\nTlou\u0161\u0165ka \u010depele: 0.35 cm<br \/>\nHmotnost: 102,00 g<br \/>\nMateri\u00e1l \u010depele: X50CrMoV15<br \/>\nMateri\u00e1l rukojeti: Kor\u00e1l<br \/>\nBarva: Hn\u011bd\u00fd<br \/>\nBarva \u010depele: Nepota\u017een\u00e9<br \/>\nMateri\u00e1l pl\u00e1\u0161t\u011b: K\u016f\u017ee<\/p>\n<p>&nbsp;<\/p>\n","protected":false},"excerpt":{"rendered":"<p><strong>Tenk\u00fd loveck\u00fd n\u016f\u017e je vybaven \u010depel\u00ed Clippoint z X50CrMoV15 a ergonomickou rukojet\u00ed z kor\u00e1lov\u00e9ho d\u0159eva.<\/strong><\/p>\n","protected":false},"featured_media":254515,"comment_status":"open","ping_status":"closed","template":"","meta":[],"pwb-brand":[191],"product_brand":[],"product_cat":[23,17],"product_tag":[3667],"class_list":{"0":"post-254513","1":"product","2":"type-product","3":"status-publish","4":"has-post-thumbnail","6":"pwb-brand-muela","7":"product_cat-pevne-noze","8":"product_cat-noze","9":"product_tag-b2b","11":"first","12":"instock","13":"taxable","14":"shipping-taxable","15":"purchasable","16":"product-type-simple"},"brands":[{"id":191,"name":"Muela","slug":"muela"}],"_links":{"self":[{"href":"https:\/\/www.moskito.cz\/sk\/wp-json\/wp\/v2\/product\/254513","targetHints":{"allow":["GET"]}}],"collection":[{"href":"https:\/\/www.moskito.cz\/sk\/wp-json\/wp\/v2\/product"}],"about":[{"href":"https:\/\/www.moskito.cz\/sk\/wp-json\/wp\/v2\/types\/product"}],"replies":[{"embeddable":true,"href":"https:\/\/www.moskito.cz\/sk\/wp-json\/wp\/v2\/comments?post=254513"}],"wp:featuredmedia":[{"embeddable":true,"href":"https:\/\/www.moskito.cz\/sk\/wp-json\/wp\/v2\/media\/254515"}],"wp:attachment":[{"href":"https:\/\/www.moskito.cz\/sk\/wp-json\/wp\/v2\/media?parent=254513"}],"wp:term":[{"taxonomy":"pwb-brand","embeddable":true,"href":"https:\/\/www.moskito.cz\/sk\/wp-json\/wp\/v2\/pwb-brand?post=254513"},{"taxonomy":"product_brand","embeddable":true,"href":"https:\/\/www.moskito.cz\/sk\/wp-json\/wp\/v2\/product_brand?post=254513"},{"taxonomy":"product_cat","embeddable":true,"href":"https:\/\/www.moskito.cz\/sk\/wp-json\/wp\/v2\/product_cat?post=254513"},{"taxonomy":"product_tag","embeddable":true,"href":"https:\/\/www.moskito.cz\/sk\/wp-json\/wp\/v2\/product_tag?post=254513"}],"curies":[{"name":"wp","href":"https:\/\/api.w.org\/{rel}","templated":true}]}}