{"id":254854,"date":"2023-08-09T06:47:00","date_gmt":"2023-08-09T05:47:00","guid":{"rendered":"https:\/\/www.moskito.cz\/?post_type=product&#038;p=254854"},"modified":"2025-05-07T10:52:41","modified_gmt":"2025-05-07T09:52:41","slug":"pevny-nuz-muela-terrier-9y","status":"publish","type":"product","link":"https:\/\/www.moskito.cz\/sk\/produkt\/pevny-nuz-muela-terrier-9y\/","title":{"rendered":"Pevn\u00fd N\u016f\u017e Muela TERRIER-9Y"},"content":{"rendered":"<p>Pevn\u00fd N\u016f\u017e <strong>Muela<\/strong> TERRIER-9Y<\/p>\n<p>Terrier-9Y od Muela &#8211; kompaktn\u00ed a spolehliv\u00fd n\u016f\u017e ide\u00e1ln\u00ed pro outdoorov\u00e9 nad\u0161ence a turisty. Rukoje\u0165 je vyrobena z odoln\u00e9 zelen\u00e9 micarty s \u010dern\u00fdmi distan\u010dn\u00edmi vlo\u017ekami, kter\u00e9 poskytuj\u00ed bezpe\u010dn\u00fd a pohodln\u00fd \u00fachop. Jeho kompaktn\u00ed velikost snadno padne do ruky a p\u0159ilo\u017een\u00e9 pouzdro zaji\u0161\u0165uje bezpe\u010dnou a snadnou p\u0159epravu. \u010cepel o d\u00e9lce 9 cm je vyrobena z nerezov\u00e9 oceli MoVa, kter\u00e1 poskytuje vynikaj\u00edc\u00ed hou\u017eevnatost a odolnost proti korozi. Tlou\u0161\u0165ka \u010depele 3 mm zaji\u0161\u0165uje optim\u00e1ln\u00ed vyv\u00e1\u017een\u00ed a snadn\u00e9 pou\u017eit\u00ed, tak\u017ee je vhodn\u00e1 pro \u0159adu outdoorov\u00fdch aktivit, jako je kempov\u00e1n\u00ed, turistika a bushcraft.<\/p>\n<p>\u010cepel Terrier-9Y je ostr\u00e1 jako b\u0159itva, tak\u017ee je ide\u00e1ln\u00ed pro \u0159ez\u00e1n\u00ed mal\u00fdch v\u011btv\u00ed, p\u0159\u00edpravu j\u00eddla a \u0159e\u0161en\u00ed jak\u00fdchkoli dal\u0161\u00edch venkovn\u00edch \u00fakol\u016f. Jeho robustn\u00ed konstrukce a kompaktn\u00ed design z n\u011bj \u010din\u00ed vynikaj\u00edc\u00ed n\u00e1stroj pro outdoorov\u00e9 aktivity a je dostate\u010dn\u011b kompaktn\u00ed na to, abyste jej mohli nosit v kapse nebo batohu, kdy\u017e se nepou\u017e\u00edv\u00e1. Celkov\u011b je Terrier-9Y spolehliv\u00fd a v\u0161estrann\u00fd n\u016f\u017e, kter\u00fd je ide\u00e1ln\u00ed pro ka\u017ed\u00e9ho outdoorov\u00e9ho nad\u0161ence.<\/p>\n<p>SPECIFIKACE:<\/p>\n<p>V\u00fdrobce: Muela<br \/>\nK\u00f3d: Terrier-9Y<br \/>\nV\u00fdrobce: Muela<br \/>\nReference katalogu: Terrier-9Y<br \/>\nTyp \u010depele: Pevn\u00e1 \u010depel<br \/>\nD\u00e9lka \u010depele: 9 cm<br \/>\nD\u00e9lka rukojeti: 10 cm<br \/>\nCelkov\u00e1 d\u00e9lka: 19 cm<br \/>\n\u010cepel Tlou\u0161\u0165ka: 0.35 cm<br \/>\nMateri\u00e1l \u010depele: Sandvik 14C28N Nerezov\u00e1 ocel<br \/>\nTvrdost \u010depele: 58-60 HRC<br \/>\nMateri\u00e1l rukojeti: Malinov\u00e1 juta Micarta s \u010dern\u00fdm vl\u00e1knem Distan\u010dn\u00ed pouzdro<br \/>\nMateri\u00e1l: K\u016f\u017ee Hmotnost \u010depele: 120 g (4,23 oz) K dispozici tak\u00e9 s \u010dern\u00e1 pochva Kydex se syst\u00e9mem Fixer: Terrier-9Y\/K<\/p>\n<p>&nbsp;<\/p>\n","protected":false},"excerpt":{"rendered":"<p><strong>Kompaktn\u00ed a spolehliv\u00fd n\u016f\u017e ide\u00e1ln\u00ed pro outdoorov\u00e9 nad\u0161ence a turisty.<\/strong><\/p>\n","protected":false},"featured_media":254855,"comment_status":"open","ping_status":"closed","template":"","meta":[],"pwb-brand":[191],"product_brand":[],"product_cat":[23,17],"product_tag":[3667],"class_list":{"0":"post-254854","1":"product","2":"type-product","3":"status-publish","4":"has-post-thumbnail","6":"pwb-brand-muela","7":"product_cat-pevne-noze","8":"product_cat-noze","9":"product_tag-b2b","11":"first","12":"instock","13":"taxable","14":"shipping-taxable","15":"purchasable","16":"product-type-simple"},"brands":[{"id":191,"name":"Muela","slug":"muela"}],"_links":{"self":[{"href":"https:\/\/www.moskito.cz\/sk\/wp-json\/wp\/v2\/product\/254854","targetHints":{"allow":["GET"]}}],"collection":[{"href":"https:\/\/www.moskito.cz\/sk\/wp-json\/wp\/v2\/product"}],"about":[{"href":"https:\/\/www.moskito.cz\/sk\/wp-json\/wp\/v2\/types\/product"}],"replies":[{"embeddable":true,"href":"https:\/\/www.moskito.cz\/sk\/wp-json\/wp\/v2\/comments?post=254854"}],"wp:featuredmedia":[{"embeddable":true,"href":"https:\/\/www.moskito.cz\/sk\/wp-json\/wp\/v2\/media\/254855"}],"wp:attachment":[{"href":"https:\/\/www.moskito.cz\/sk\/wp-json\/wp\/v2\/media?parent=254854"}],"wp:term":[{"taxonomy":"pwb-brand","embeddable":true,"href":"https:\/\/www.moskito.cz\/sk\/wp-json\/wp\/v2\/pwb-brand?post=254854"},{"taxonomy":"product_brand","embeddable":true,"href":"https:\/\/www.moskito.cz\/sk\/wp-json\/wp\/v2\/product_brand?post=254854"},{"taxonomy":"product_cat","embeddable":true,"href":"https:\/\/www.moskito.cz\/sk\/wp-json\/wp\/v2\/product_cat?post=254854"},{"taxonomy":"product_tag","embeddable":true,"href":"https:\/\/www.moskito.cz\/sk\/wp-json\/wp\/v2\/product_tag?post=254854"}],"curies":[{"name":"wp","href":"https:\/\/api.w.org\/{rel}","templated":true}]}}