{"id":255475,"date":"2023-08-11T16:36:02","date_gmt":"2023-08-11T15:36:02","guid":{"rendered":"https:\/\/www.moskito.cz\/produkt\/pero-microtech-kyroh-403-ti-sptri\/"},"modified":"2025-05-07T10:52:47","modified_gmt":"2025-05-07T09:52:47","slug":"pero-microtech-kyroh-403-ti-sptri","status":"publish","type":"product","link":"https:\/\/www.moskito.cz\/sk\/produkt\/pero-microtech-kyroh-403-ti-sptri\/","title":{"rendered":"Pero Microtech Kyroh 403-TI-SPTRI"},"content":{"rendered":"<p>Pero <strong>Microtech<\/strong> Kyroh 403-TI-SPTRI<\/p>\n<p>Kyroh je skrutkovacie pero, ktor\u00e9 sa ot\u00e1\u010da a zamyk\u00e1 na mieste a umo\u017e\u0148uje v\u00fdmenn\u00e9 kazety Fisher Space Pen. Pero je vyroben\u00e9 s text\u00farovan\u00fdm \u00fachopom, rozbit\u00edm skla, robustnou vreckovou sponou a vymenite\u013enou atramentovou kazetou Fisher Space Pen. Kyroh bude ur\u010dite sol\u00eddnym doplnkom v\u00e1\u0161ho ka\u017edodenn\u00e9ho nosenia a je k dispoz\u00edcii v dvoch ve\u013ekostiach \u2013 \u0161tandardnej a mini. Je to prv\u00e1 svojho druhu, ktor\u00fd pou\u017e\u00edva vreckov\u00fd klip ako skrutkov\u00fd mechanizmus a mysl\u00edme si, \u017ee nebude posledn\u00e1.<br \/>\n\u0160pecifik\u00e1cia<\/p>\n<p>Celkov\u00e1 d\u013a\u017eka: <span id=\"cwos\" class=\"qv3Wpe\">14.67<\/span> cm<br \/>\nPriemer: <span id=\"cwos\" class=\"qv3Wpe\">1.25<\/span> cm<br \/>\nMateri\u00e1l: 6Al4V tit\u00e1n a uhl\u00edkov\u00e9 vl\u00e1kna<br \/>\nDokon\u010denie: Shot Peened<br \/>\nFarba vlo\u017eky: zlat\u00e1<br \/>\nVlo\u017eka Tritium Cap<br \/>\nHmotnos\u0165: 1,8 oz.<\/p>\n<p><iframe title=\"Microtech Combat Troodon Torture Test\" width=\"800\" height=\"450\" src=\"https:\/\/www.youtube.com\/embed\/xE9TeOFYEjg?feature=oembed\" frameborder=\"0\" allow=\"accelerometer; autoplay; clipboard-write; encrypted-media; gyroscope; picture-in-picture; web-share\" allowfullscreen><\/iframe><\/p>\n<p>&nbsp;<\/p>\n<p>&nbsp;<\/p>\n","protected":false},"excerpt":{"rendered":"<p><strong>\u0160tandardn\u00e9 tit\u00e1nov\u00e9 pero Microtech Kyroh so skrutkovacou skrutkou s vreckovou sponou.<\/strong><\/p>\n<p>&nbsp;<\/p>\n","protected":false},"featured_media":255457,"comment_status":"open","ping_status":"closed","template":"","meta":[],"pwb-brand":[3200],"product_brand":[],"product_cat":[3186,3233],"product_tag":[3668],"class_list":{"0":"post-255475","1":"product","2":"type-product","3":"status-publish","4":"has-post-thumbnail","6":"pwb-brand-microtech-sk","7":"product_cat-noze-sk","8":"product_cat-zatvaracie-noze","9":"product_tag-b2b-sk","11":"first","12":"outofstock","13":"taxable","14":"shipping-taxable","15":"purchasable","16":"product-type-simple"},"brands":[{"id":3200,"name":"Microtech","slug":"microtech-sk"}],"_links":{"self":[{"href":"https:\/\/www.moskito.cz\/sk\/wp-json\/wp\/v2\/product\/255475","targetHints":{"allow":["GET"]}}],"collection":[{"href":"https:\/\/www.moskito.cz\/sk\/wp-json\/wp\/v2\/product"}],"about":[{"href":"https:\/\/www.moskito.cz\/sk\/wp-json\/wp\/v2\/types\/product"}],"replies":[{"embeddable":true,"href":"https:\/\/www.moskito.cz\/sk\/wp-json\/wp\/v2\/comments?post=255475"}],"wp:featuredmedia":[{"embeddable":true,"href":"https:\/\/www.moskito.cz\/sk\/wp-json\/wp\/v2\/media\/255457"}],"wp:attachment":[{"href":"https:\/\/www.moskito.cz\/sk\/wp-json\/wp\/v2\/media?parent=255475"}],"wp:term":[{"taxonomy":"pwb-brand","embeddable":true,"href":"https:\/\/www.moskito.cz\/sk\/wp-json\/wp\/v2\/pwb-brand?post=255475"},{"taxonomy":"product_brand","embeddable":true,"href":"https:\/\/www.moskito.cz\/sk\/wp-json\/wp\/v2\/product_brand?post=255475"},{"taxonomy":"product_cat","embeddable":true,"href":"https:\/\/www.moskito.cz\/sk\/wp-json\/wp\/v2\/product_cat?post=255475"},{"taxonomy":"product_tag","embeddable":true,"href":"https:\/\/www.moskito.cz\/sk\/wp-json\/wp\/v2\/product_tag?post=255475"}],"curies":[{"name":"wp","href":"https:\/\/api.w.org\/{rel}","templated":true}]}}