{"id":255737,"date":"2023-08-14T14:45:06","date_gmt":"2023-08-14T13:45:06","guid":{"rendered":"https:\/\/www.moskito.cz\/produkt\/vystrelovaci-noz-microtech-signature-daytona-stonewash-126-12bis\/"},"modified":"2025-05-07T10:52:57","modified_gmt":"2025-05-07T09:52:57","slug":"vystrelovaci-noz-microtech-signature-daytona-stonewash-126-12bis","status":"publish","type":"product","link":"https:\/\/www.moskito.cz\/sk\/produkt\/vystrelovaci-noz-microtech-signature-daytona-stonewash-126-12bis\/","title":{"rendered":"Vystre\u013eovac\u00ed N\u00f4\u017e Microtech Signature Daytona Stonewash 126-12BIS"},"content":{"rendered":"<p>Vystre\u013eovac\u00ed N\u00f4\u017e <strong>Microtech<\/strong> Signature Daytona Stonewash 126-12BIS<\/p>\n<p>MICROTECH 126-12BIS UTX-85 Daytona je vysoko kvalitn\u00fd vreckov\u00fd n\u00f4\u017e OTF (Out The Front) navrhnut\u00fd pre presnos\u0165 a \u0161t\u00fdl. Daytona, ktor\u00e1 vych\u00e1dza z ob\u013e\u00faben\u00e9ho modelu UTX-85, je v\u00fdrazn\u00fd na oboch stran\u00e1ch rukov\u00e4te, ktor\u00e9 zlep\u0161uj\u00fa \u00fachop no\u017ea aj vizu\u00e1lnu pr\u00ed\u0165a\u017elivos\u0165. Tento automatick\u00fd n\u00f4\u017e, vytvoren\u00fd s charakteristick\u00fdm d\u00f4razom na detaily a v\u00fdkon, s\u013eubuje bezprobl\u00e9mov\u00fd a spo\u013eahliv\u00fd pou\u017e\u00edvate\u013esk\u00fd z\u00e1\u017eitok.<\/p>\n<p>Daytona sa m\u00f4\u017ee pochv\u00e1li\u0165 ostr\u00edm d\u00fdky s povrchovou \u00fapravou stonewash s jedn\u00fdm plne z\u00fabkovan\u00fdm ostr\u00edm, ktor\u00e9 poskytuje vynikaj\u00faci rezn\u00fd v\u00fdkon a odolnos\u0165. Ploch\u00e9 mletie zais\u0165uje optim\u00e1lne mo\u017enosti kr\u00e1jania, tak\u017ee je vhodn\u00e9 pre \u0161irok\u00fa \u0161k\u00e1lu ka\u017edodenn\u00fdch \u00faloh. Materi\u00e1l \u010depele, Bohler M390, je zn\u00e1my pre svoju v\u00fdnimo\u010dn\u00fa tvrdos\u0165, odolnos\u0165 proti kor\u00f3zii a zachovaniu ostria, \u010do z neho rob\u00ed najlep\u0161iu vo\u013ebu pre nad\u0161encov no\u017eov.<\/p>\n<p>K\u013e\u00fa\u010dov\u00e9 vlastnosti:<\/p>\n<p>\u010cepe\u013e d\u00fdky s povrchovou \u00fapravou Stonewash s plne z\u00fabkovan\u00fdm ostr\u00edm<br \/>\nFr\u00e9zovan\u00fd palcov\u00fd posuvn\u00fd otv\u00e1ra\u010d pre automatick\u00e9 otv\u00e1ranie a zatv\u00e1ranie \u010depele<br \/>\nStrieborn\u00e1 tit\u00e1nov\u00e1 bublinkov\u00e1 vlo\u017eka a \u010dierna hlin\u00edkov\u00e1 rukov\u00e4\u0165 pre lep\u0161ie uchopenie a \u0161t\u00fdl<br \/>\nVreckov\u00fd klips pre bezpe\u010dn\u00e9 a pohodln\u00e9 nosenie<br \/>\nDvoj\u010dinn\u00fd automatick\u00fd n\u00f4\u017e OTF pre r\u00fdchle a jednoduch\u00e9 nasadenie<br \/>\n\u0160pecifik\u00e1cia:<\/p>\n<p>Celkov\u00e1 d\u013a\u017eka: 19 cm<br \/>\nD\u013a\u017eka \u010depele: <span id=\"cwos\" class=\"qv3Wpe\">7.75<\/span> cm<br \/>\nHr\u00fabka \u010depele: 0.3 cm<br \/>\nMateri\u00e1l \u010depele: Bohler M390<br \/>\n\u0160t\u00fdl \u010depele: d\u00fdka<br \/>\nBr\u00fasenie \u010depele: Ploch\u00e9<br \/>\nPovrchov\u00e1 \u00faprava: Stonewash<br \/>\nTyp okraja: Plne vr\u00fabkovan\u00fd<br \/>\nMateri\u00e1l rukov\u00e4te: hlin\u00edk<br \/>\n\u010cierna farba<br \/>\nHmotnos\u0165: 3,40 unca<br \/>\nU\u017e\u00edvate\u013e: Prav\u00e1 ruka<br \/>\nVreckov\u00fd klip: Tip-Down<br \/>\nOtv\u00e1ra\u010d: Thumb Slide<br \/>\nZna\u010dka: Microtech<br \/>\nModel: Daytona<br \/>\n\u010c\u00edslo modelu: 126-12BIS<br \/>\nKrajina p\u00f4vodu: USA<br \/>\nNajlep\u0161ie pou\u017eitie: Ka\u017edodenn\u00e9 nosenie<br \/>\nTyp produktu: N\u00f4\u017e<br \/>\nMICROTECH Daytona nie je len funk\u010dn\u00fdm n\u00e1strojom, ale aj v\u00fdrazn\u00fdm k\u00faskom. \u010ci u\u017e ste v\u00e1\u0161niv\u00fdm zberate\u013eom alebo ka\u017edodenn\u00fdm u\u017e\u00edvate\u013eom, tento n\u00f4\u017e ur\u010dite zaujme svojou \u0161pi\u010dkovou kvalitou spracovania a dizajnom. Dvoj\u010dinn\u00fd mechanizmus umo\u017e\u0148uje r\u00fdchle a jednoduch\u00e9 nasadenie, zatia\u013e \u010do ergonomick\u00e1 rukov\u00e4\u0165 zais\u0165uje pohodln\u00e9 uchopenie pri dlh\u0161om pou\u017e\u00edvan\u00ed.<\/p>\n<p><iframe title=\"Microtech Combat Troodon Torture Test\" width=\"800\" height=\"450\" src=\"https:\/\/www.youtube.com\/embed\/xE9TeOFYEjg?feature=oembed\" frameborder=\"0\" allow=\"accelerometer; autoplay; clipboard-write; encrypted-media; gyroscope; picture-in-picture; web-share\" allowfullscreen><\/iframe><\/p>\n<p>&nbsp;<\/p>\n","protected":false},"excerpt":{"rendered":"<p><strong>V priebehu rokov Microtech\u00ae Knives naplnil v\u00e1\u0161\u0148ou a zru\u010dnos\u0165ou v\u00fdrobu no\u017eov, a\u017e z nich vytvoril takmer umeleck\u00e9 diela, ktor\u00e9 s\u00fa vrcholom funk\u010dnosti. V\u0161etky diely s\u00fa vyroben\u00e9 v USA.<\/strong><br \/>\n<strong>Na v\u0161etky no\u017ee Microtech je do\u017eivotn\u00e1 z\u00e1ruka (min. 80 000 cyklov, otvorenie a zatvorenie)<\/strong><\/p>\n<p><strong>Doprava zadarmo.<\/strong><\/p>\n","protected":false},"featured_media":255657,"comment_status":"open","ping_status":"closed","template":"","meta":[],"pwb-brand":[3200],"product_brand":[],"product_cat":[3186,3197],"product_tag":[3668],"class_list":{"0":"post-255737","1":"product","2":"type-product","3":"status-publish","4":"has-post-thumbnail","6":"pwb-brand-microtech-sk","7":"product_cat-noze-sk","8":"product_cat-vystrelovacie-noze-sk","9":"product_tag-b2b-sk","11":"first","12":"instock","13":"taxable","14":"shipping-taxable","15":"purchasable","16":"product-type-simple"},"brands":[{"id":3200,"name":"Microtech","slug":"microtech-sk"}],"_links":{"self":[{"href":"https:\/\/www.moskito.cz\/sk\/wp-json\/wp\/v2\/product\/255737","targetHints":{"allow":["GET"]}}],"collection":[{"href":"https:\/\/www.moskito.cz\/sk\/wp-json\/wp\/v2\/product"}],"about":[{"href":"https:\/\/www.moskito.cz\/sk\/wp-json\/wp\/v2\/types\/product"}],"replies":[{"embeddable":true,"href":"https:\/\/www.moskito.cz\/sk\/wp-json\/wp\/v2\/comments?post=255737"}],"wp:featuredmedia":[{"embeddable":true,"href":"https:\/\/www.moskito.cz\/sk\/wp-json\/wp\/v2\/media\/255657"}],"wp:attachment":[{"href":"https:\/\/www.moskito.cz\/sk\/wp-json\/wp\/v2\/media?parent=255737"}],"wp:term":[{"taxonomy":"pwb-brand","embeddable":true,"href":"https:\/\/www.moskito.cz\/sk\/wp-json\/wp\/v2\/pwb-brand?post=255737"},{"taxonomy":"product_brand","embeddable":true,"href":"https:\/\/www.moskito.cz\/sk\/wp-json\/wp\/v2\/product_brand?post=255737"},{"taxonomy":"product_cat","embeddable":true,"href":"https:\/\/www.moskito.cz\/sk\/wp-json\/wp\/v2\/product_cat?post=255737"},{"taxonomy":"product_tag","embeddable":true,"href":"https:\/\/www.moskito.cz\/sk\/wp-json\/wp\/v2\/product_tag?post=255737"}],"curies":[{"name":"wp","href":"https:\/\/api.w.org\/{rel}","templated":true}]}}