{"id":256461,"date":"2023-08-31T21:07:08","date_gmt":"2023-08-31T20:07:08","guid":{"rendered":"https:\/\/www.moskito.cz\/produkt\/pevny-noz-microtech-bee-apocalyptic-218-10apgtbks\/"},"modified":"2025-05-07T10:53:08","modified_gmt":"2025-05-07T09:53:08","slug":"pevny-noz-microtech-bee-apocalyptic-218-10apgtbks","status":"publish","type":"product","link":"https:\/\/www.moskito.cz\/sk\/produkt\/pevny-noz-microtech-bee-apocalyptic-218-10apgtbks\/","title":{"rendered":"Pevn\u00fd N\u00f4\u017e Microtech Bee Apocalyptic 218-10APGTBKS"},"content":{"rendered":"<p>Pevn\u00fd N\u00f4\u017e <strong>Microtech<\/strong> Bee Apocalyptic 218-10APGTBKS<\/p>\n<p><strong>Microtech<\/strong> 218-10APGTBKS Bee je kolaborat\u00edvna tla\u010dn\u00e1 d\u00fdka vytvoren\u00e1 v spolupr\u00e1ci s <strong>Bastinelli Knives<\/strong> . Tento n\u00f4\u017e, navrhnut\u00fd tak, aby bol \u0161t\u00fdlov\u00fd a vysoko \u00fa\u010dinn\u00fd, vynik\u00e1 v s\u00fabojoch na bl\u00edzko (CQC). So zameran\u00edm na \u0161pecifick\u00e9 potreby CQC pon\u00faka Bee r\u00fdchle a spo\u013eahliv\u00e9 nasadenie, vynikaj\u00face schopnosti rezania a prieniku, n\u00edzky profil vidite\u013enosti, modul\u00e1rne mo\u017enosti pren\u00e1\u0161ania a robustn\u00fa kon\u0161trukciu. \u010ci u\u017e na taktick\u00e9 \u00fa\u010dely alebo ka\u017edodenn\u00e9 nosenie, tento n\u00f4\u017e sa ukazuje ako v\u0161estrann\u00e1 a spo\u013eahliv\u00e1 pevn\u00e1 \u010depe\u013e. Taktick\u00e1 tla\u010dn\u00e1 d\u00fdka BEE od Microtech pon\u00faka mno\u017estvo reznej sily v malom balen\u00ed. Pokia\u013e chcete prida\u0165 do svojej taktickej sady zmyslupln\u00fdm, jedine\u010dn\u00fdm a praktick\u00fdm sp\u00f4sobom, \u010depe\u013e BEE je pre v\u00e1s to prav\u00e9!<\/p>\n<p><strong>Bee<\/strong> vynik\u00e1 v taktick\u00fdch scen\u00e1roch, ktor\u00e9 umo\u017e\u0148uj\u00fa r\u00fdchle a efekt\u00edvne \u00fadery s minim\u00e1lnym tr\u00e9ningom alebo \u00fasil\u00edm. Jeho priame \u00fadery, \u00fadery a \u00fadery kladivom p\u00e4s\u0165ou pon\u00fakaj\u00fa obrovsk\u00fd potenci\u00e1l rezania. Prilo\u017een\u00e9 puzdro Kydex s trec\u00edm ulo\u017een\u00edm je vybaven\u00e9 sponou diskr\u00e9tneho nosenia (IWB), ktor\u00e1 zais\u0165uje, \u017ee n\u00f4\u017e je v\u017edy na dosah a pripraven\u00fd na nasadenie. Aj ke\u010f skuto\u010dne za\u017eiari v taktick\u00fdch situ\u00e1ci\u00e1ch na posledn\u00fa chv\u00ed\u013eu, tento n\u00f4\u017e je rovnako vhodn\u00fd na ka\u017edodenn\u00e9 nosenie.<\/p>\n<p>Celkov\u00e1 d\u013a\u017eka: 11.25 cm<br \/>\nD\u013a\u017eka \u010depele: 6.25 cm<br \/>\nMateri\u00e1l \u010depele: Bohler M390<br \/>\n\u0160t\u00fdl \u010depele: Hawkbill<br \/>\nDokon\u010denie: Bead Blast, Stonewash<br \/>\nTyp okraja: Jednoduch\u00fd<br \/>\nD\u013a\u017eka rukov\u00e4te: 7.17 cm<br \/>\nMateri\u00e1l rukov\u00e4te: G-10<br \/>\nFarba: \u010cierna<br \/>\nHmotnos\u0165: 1,40 oz<br \/>\nU\u017e\u00edvate\u013e: Prav\u00e1 ruka<br \/>\nPo\u0161va: Kydex<br \/>\nTyp no\u017ea: Pevn\u00e1 \u010depe\u013e<br \/>\nZna\u010dka: Microtech<br \/>\nModelov\u00e9 \u010d\u00edslo: 218-10APGTBKS<br \/>\nKrajina p\u00f4vodu: USA<br \/>\nNajlep\u0161ie pou\u017eitie: Taktick\u00fd<br \/>\nTyp produktu: N\u00f4\u017e<\/p>\n<p><iframe title=\"Microtech Combat Troodon Torture Test\" width=\"800\" height=\"450\" src=\"https:\/\/www.youtube.com\/embed\/xE9TeOFYEjg?feature=oembed\" frameborder=\"0\" allow=\"accelerometer; autoplay; clipboard-write; encrypted-media; gyroscope; picture-in-picture; web-share\" allowfullscreen><\/iframe><\/p>\n<p>&nbsp;<\/p>\n","protected":false},"excerpt":{"rendered":"<p><strong>V priebehu rokov Microtech\u00ae Knives naplnil v\u00e1\u0161\u0148ou a zru\u010dnos\u0165ou v\u00fdrobu no\u017eov, a\u017e z nich vytvoril takmer umeleck\u00e9 diela, ktor\u00e9 s\u00fa vrcholom funk\u010dnosti. V\u0161etky diely s\u00fa vyroben\u00e9 v USA.<\/strong><br \/>\n<strong>Na v\u0161etky no\u017ee Microtech je do\u017eivotn\u00e1 z\u00e1ruka.<\/strong><\/p>\n","protected":false},"featured_media":256450,"comment_status":"open","ping_status":"closed","template":"","meta":[],"pwb-brand":[3200],"product_brand":[],"product_cat":[3186,3187],"product_tag":[3668],"class_list":{"0":"post-256461","1":"product","2":"type-product","3":"status-publish","4":"has-post-thumbnail","6":"pwb-brand-microtech-sk","7":"product_cat-noze-sk","8":"product_cat-pevne-noze-sk","9":"product_tag-b2b-sk","11":"first","12":"outofstock","13":"taxable","14":"shipping-taxable","15":"purchasable","16":"product-type-simple"},"brands":[{"id":3200,"name":"Microtech","slug":"microtech-sk"}],"_links":{"self":[{"href":"https:\/\/www.moskito.cz\/sk\/wp-json\/wp\/v2\/product\/256461","targetHints":{"allow":["GET"]}}],"collection":[{"href":"https:\/\/www.moskito.cz\/sk\/wp-json\/wp\/v2\/product"}],"about":[{"href":"https:\/\/www.moskito.cz\/sk\/wp-json\/wp\/v2\/types\/product"}],"replies":[{"embeddable":true,"href":"https:\/\/www.moskito.cz\/sk\/wp-json\/wp\/v2\/comments?post=256461"}],"wp:featuredmedia":[{"embeddable":true,"href":"https:\/\/www.moskito.cz\/sk\/wp-json\/wp\/v2\/media\/256450"}],"wp:attachment":[{"href":"https:\/\/www.moskito.cz\/sk\/wp-json\/wp\/v2\/media?parent=256461"}],"wp:term":[{"taxonomy":"pwb-brand","embeddable":true,"href":"https:\/\/www.moskito.cz\/sk\/wp-json\/wp\/v2\/pwb-brand?post=256461"},{"taxonomy":"product_brand","embeddable":true,"href":"https:\/\/www.moskito.cz\/sk\/wp-json\/wp\/v2\/product_brand?post=256461"},{"taxonomy":"product_cat","embeddable":true,"href":"https:\/\/www.moskito.cz\/sk\/wp-json\/wp\/v2\/product_cat?post=256461"},{"taxonomy":"product_tag","embeddable":true,"href":"https:\/\/www.moskito.cz\/sk\/wp-json\/wp\/v2\/product_tag?post=256461"}],"curies":[{"name":"wp","href":"https:\/\/api.w.org\/{rel}","templated":true}]}}