{"id":256787,"date":"2023-09-13T18:25:11","date_gmt":"2023-09-13T17:25:11","guid":{"rendered":"https:\/\/www.moskito.cz\/produkt\/vystrelovaci-noz-microtech-utx-85-cerakote-od-green-232-1cod\/"},"modified":"2025-05-07T10:53:15","modified_gmt":"2025-05-07T09:53:15","slug":"vystrelovaci-noz-microtech-utx-85-cerakote-od-green-232-1cod","status":"publish","type":"product","link":"https:\/\/www.moskito.cz\/sk\/produkt\/vystrelovaci-noz-microtech-utx-85-cerakote-od-green-232-1cod\/","title":{"rendered":"Vystre\u013eovac\u00ed N\u00f4\u017e Microtech UTX-85 Cerakote OD Green 232-1COD"},"content":{"rendered":"<p>Vystre\u013eovac\u00ed N\u00f4\u017e <strong>Microtech<\/strong> UTX-85 Cerakote OD Green 232-1COD<\/p>\n<p>Microtech aktualizoval a vylep\u0161il model UTX-85. Vyzna\u010duje sa vylep\u0161enou ergon\u00f3miou, zaoblen\u00fdmi plochami rukov\u00e4t\u00ed a z\u00e1platami dr\u00e1\u017eok po stran\u00e1ch, ktor\u00e9 zais\u0165uj\u00fa vynikaj\u00faci \u00fachop. Vystre\u013eovacie tla\u010didlo bolo prepracovan\u00e9 tak, aby zv\u00fd\u0161ilo povrchov\u00fd kontakt pre efekt\u00edvny z\u00e1ber, a rozb\u00edja\u010d skla m\u00e1 v z\u00e1kladni so vzorom trojuholn\u00edka zasaden\u00fa gu\u013eov\u00fa \u0161pi\u010dku, aby sa zlep\u0161ili jeho ka\u017edodenn\u00e9 sp\u00f4soby nosenia. UTX-85 je zalo\u017een\u00fd na platforme Ultratech a je zmen\u0161en\u00fd na 85% svojej d\u013a\u017eky. UTX-85 je pr\u00ed\u0165a\u017eliv\u00e1 vo\u013eba pre t\u00fdch, ktor\u00ed preferuj\u00fa men\u0161\u00ed EDC n\u00f4\u017e a oce\u0148uj\u00fa vysoko v\u00fdkonn\u00fa predn\u00fa akciu <strong>Microtech<\/strong> a v\u00fdnimo\u010dn\u00fa kvalitu zostavenia.<\/p>\n<p>Tento model je vybaven\u00fd stupnicou s hlin\u00edkovou rukov\u00e4\u0165ou OD Green Cerakote. OD zelen\u00e1 \u010depe\u013e d\u00fdky z nerezovej ocele M390 s povrchovou \u00fapravou Cerakote. Dokon\u010den\u00fd hardv\u00e9r Cerakote, vreckov\u00e1 spona a hrot na rozb\u00edjanie skla. Vreckov\u00fd klip m\u00e1 logo Microtech claw, s\u00e9riov\u00e9 \u010d\u00edslo a d\u00e1tum v\u00fdroby.<\/p>\n<p>Krajina p\u00f4vodu: USA<br \/>\nD\u013a\u017eka \u010depele: 8 cm<br \/>\nCelkov\u00e1 d\u013a\u017eka: 19 cm<br \/>\nMateri\u00e1l rukov\u00e4te: Hlin\u00edk<br \/>\nMateri\u00e1l \u010depele: M390<br \/>\n\u0160t\u00fdl \u010depele: D\u00fdka s dvojitou hranou<br \/>\nPovrchov\u00e1 \u00faprava \u010depele: Cerakote<br \/>\nTyp okraja: \u0160tandard<br \/>\nModel\/Vzor: UTX-85<br \/>\nTyp no\u017ea: Dvoj\u010dinn\u00e9 automatick\u00e9 OTF<br \/>\nTyp z\u00e1mku: Vpredu<\/p>\n<p><iframe title=\"Microtech Combat Troodon Torture Test\" width=\"800\" height=\"450\" src=\"https:\/\/www.youtube.com\/embed\/xE9TeOFYEjg?feature=oembed\" frameborder=\"0\" allow=\"accelerometer; autoplay; clipboard-write; encrypted-media; gyroscope; picture-in-picture; web-share\" allowfullscreen><\/iframe><\/p>\n<p>&nbsp;<\/p>\n","protected":false},"excerpt":{"rendered":"<p><strong>V priebehu rokov Microtech\u00ae Knives naplnil v\u00e1\u0161\u0148ou a zru\u010dnos\u0165ou v\u00fdrobu no\u017eov, a\u017e z nich vytvoril takmer umeleck\u00e9 diela, ktor\u00e9 s\u00fa vrcholom funk\u010dnosti. V\u0161etky diely s\u00fa vyroben\u00e9 v USA.<\/strong><br \/>\n<strong>Na v\u0161etky no\u017ee Microtech je do\u017eivotn\u00e1 z\u00e1ruka.<\/strong><\/p>\n<p><strong>Doprava zadarmo<\/strong><\/p>\n","protected":false},"featured_media":256782,"comment_status":"open","ping_status":"closed","template":"","meta":[],"pwb-brand":[3200],"product_brand":[],"product_cat":[3186,3197],"product_tag":[3668],"class_list":{"0":"post-256787","1":"product","2":"type-product","3":"status-publish","4":"has-post-thumbnail","6":"pwb-brand-microtech-sk","7":"product_cat-noze-sk","8":"product_cat-vystrelovacie-noze-sk","9":"product_tag-b2b-sk","11":"first","12":"outofstock","13":"taxable","14":"shipping-taxable","15":"purchasable","16":"product-type-simple"},"brands":[{"id":3200,"name":"Microtech","slug":"microtech-sk"}],"_links":{"self":[{"href":"https:\/\/www.moskito.cz\/sk\/wp-json\/wp\/v2\/product\/256787","targetHints":{"allow":["GET"]}}],"collection":[{"href":"https:\/\/www.moskito.cz\/sk\/wp-json\/wp\/v2\/product"}],"about":[{"href":"https:\/\/www.moskito.cz\/sk\/wp-json\/wp\/v2\/types\/product"}],"replies":[{"embeddable":true,"href":"https:\/\/www.moskito.cz\/sk\/wp-json\/wp\/v2\/comments?post=256787"}],"wp:featuredmedia":[{"embeddable":true,"href":"https:\/\/www.moskito.cz\/sk\/wp-json\/wp\/v2\/media\/256782"}],"wp:attachment":[{"href":"https:\/\/www.moskito.cz\/sk\/wp-json\/wp\/v2\/media?parent=256787"}],"wp:term":[{"taxonomy":"pwb-brand","embeddable":true,"href":"https:\/\/www.moskito.cz\/sk\/wp-json\/wp\/v2\/pwb-brand?post=256787"},{"taxonomy":"product_brand","embeddable":true,"href":"https:\/\/www.moskito.cz\/sk\/wp-json\/wp\/v2\/product_brand?post=256787"},{"taxonomy":"product_cat","embeddable":true,"href":"https:\/\/www.moskito.cz\/sk\/wp-json\/wp\/v2\/product_cat?post=256787"},{"taxonomy":"product_tag","embeddable":true,"href":"https:\/\/www.moskito.cz\/sk\/wp-json\/wp\/v2\/product_tag?post=256787"}],"curies":[{"name":"wp","href":"https:\/\/api.w.org\/{rel}","templated":true}]}}