{"id":256796,"date":"2023-09-13T18:51:35","date_gmt":"2023-09-13T17:51:35","guid":{"rendered":"https:\/\/www.moskito.cz\/produkt\/vystrelovaci-noz-microtech-utx-85-signature-232-1dlctuls\/"},"modified":"2025-05-07T10:53:15","modified_gmt":"2025-05-07T09:53:15","slug":"vystrelovaci-noz-microtech-utx-85-signature-232-1dlctuls","status":"publish","type":"product","link":"https:\/\/www.moskito.cz\/sk\/produkt\/vystrelovaci-noz-microtech-utx-85-signature-232-1dlctuls\/","title":{"rendered":"Vystre\u013eovac\u00ed N\u00f4\u017e Microtech UTX-85 Signature 232-1DLCTULS"},"content":{"rendered":"<p>Vystre\u013eovac\u00ed N\u00f4\u017e <strong>Microtech<\/strong> UTX-85 Signature 232-1DLCTULS<\/p>\n<p>S 85% ve\u013ekos\u0165ou <strong>Ultratech<\/strong> bol UTX-85 navrhnut\u00fd tak, aby perfektne padol do ruky, tak\u017ee je skvelou vo\u013ebou na ka\u017edodenn\u00e9 nosenie. Sp\u00fa\u0161\u0165ac\u00ed mechanizmus sa \u013eah\u0161ie ovl\u00e1da ako plnohodnotn\u00fd Ultratech a je ide\u00e1lny pre men\u0161ie alebo citliv\u00e9 ruky. UTX-85 st\u00e1le obsahuje plne funk\u010dn\u00fd rozb\u00edja\u010d skla spolu so v\u0161etk\u00fdmi funkciami plnohodnotn\u00e9ho <strong>Ultratech<\/strong> .<\/p>\n<p>Materi\u00e1l \u010depele: MagnaCut<br \/>\nMateri\u00e1l rukov\u00e4te: Ultom (polyetherimid)<br \/>\nCelkov\u00e1 d\u013a\u017eka: 18.75 cm<br \/>\nD\u013a\u017eka \u010depele: 7.81 cm<br \/>\nRezn\u00e1 hrana: 7.17 cm<br \/>\nOce\u013e: M390<br \/>\nHmotnos\u0165: 3,10 oz<br \/>\nTyp no\u017ea: Double-Action OTF<br \/>\nKrajina p\u00f4vodu: USA<\/p>\n<p><iframe title=\"Microtech Combat Troodon Torture Test\" width=\"800\" height=\"450\" src=\"https:\/\/www.youtube.com\/embed\/xE9TeOFYEjg?feature=oembed\" frameborder=\"0\" allow=\"accelerometer; autoplay; clipboard-write; encrypted-media; gyroscope; picture-in-picture; web-share\" allowfullscreen><\/iframe><\/p>\n<p>&nbsp;<\/p>\n","protected":false},"excerpt":{"rendered":"<p><strong>V priebehu rokov Microtech\u00ae Knives naplnil v\u00e1\u0161\u0148ou a zru\u010dnos\u0165ou v\u00fdrobu no\u017eov, a\u017e z nich vytvoril takmer umeleck\u00e9 diela, ktor\u00e9 s\u00fa vrcholom funk\u010dnosti. V\u0161etky diely s\u00fa vyroben\u00e9 v USA.<\/strong><br \/>\n<strong>Na v\u0161etky no\u017ee Microtech je do\u017eivotn\u00e1 z\u00e1ruka.<\/strong><\/p>\n<p><strong>Doprava zadarmo.<\/strong><\/p>\n","protected":false},"featured_media":256791,"comment_status":"open","ping_status":"closed","template":"","meta":[],"pwb-brand":[3200],"product_brand":[],"product_cat":[3186,3197],"product_tag":[3668],"class_list":{"0":"post-256796","1":"product","2":"type-product","3":"status-publish","4":"has-post-thumbnail","6":"pwb-brand-microtech-sk","7":"product_cat-noze-sk","8":"product_cat-vystrelovacie-noze-sk","9":"product_tag-b2b-sk","11":"first","12":"outofstock","13":"taxable","14":"shipping-taxable","15":"purchasable","16":"product-type-simple"},"brands":[{"id":3200,"name":"Microtech","slug":"microtech-sk"}],"_links":{"self":[{"href":"https:\/\/www.moskito.cz\/sk\/wp-json\/wp\/v2\/product\/256796","targetHints":{"allow":["GET"]}}],"collection":[{"href":"https:\/\/www.moskito.cz\/sk\/wp-json\/wp\/v2\/product"}],"about":[{"href":"https:\/\/www.moskito.cz\/sk\/wp-json\/wp\/v2\/types\/product"}],"replies":[{"embeddable":true,"href":"https:\/\/www.moskito.cz\/sk\/wp-json\/wp\/v2\/comments?post=256796"}],"wp:featuredmedia":[{"embeddable":true,"href":"https:\/\/www.moskito.cz\/sk\/wp-json\/wp\/v2\/media\/256791"}],"wp:attachment":[{"href":"https:\/\/www.moskito.cz\/sk\/wp-json\/wp\/v2\/media?parent=256796"}],"wp:term":[{"taxonomy":"pwb-brand","embeddable":true,"href":"https:\/\/www.moskito.cz\/sk\/wp-json\/wp\/v2\/pwb-brand?post=256796"},{"taxonomy":"product_brand","embeddable":true,"href":"https:\/\/www.moskito.cz\/sk\/wp-json\/wp\/v2\/product_brand?post=256796"},{"taxonomy":"product_cat","embeddable":true,"href":"https:\/\/www.moskito.cz\/sk\/wp-json\/wp\/v2\/product_cat?post=256796"},{"taxonomy":"product_tag","embeddable":true,"href":"https:\/\/www.moskito.cz\/sk\/wp-json\/wp\/v2\/product_tag?post=256796"}],"curies":[{"name":"wp","href":"https:\/\/api.w.org\/{rel}","templated":true}]}}