{"id":257078,"date":"2023-09-28T12:46:58","date_gmt":"2023-09-28T11:46:58","guid":{"rendered":"https:\/\/www.moskito.cz\/?post_type=product&#038;p=257078"},"modified":"2025-06-28T20:35:58","modified_gmt":"2025-06-28T19:35:58","slug":"zaviraci-nuz-crkt-ignitor-assisted-6880","status":"publish","type":"product","link":"https:\/\/www.moskito.cz\/sk\/produkt\/zaviraci-nuz-crkt-ignitor-assisted-6880\/","title":{"rendered":"Zav\u00edrac\u00ed N\u016f\u017e CRKT Ignitor Assisted 6880"},"content":{"rendered":"<p>&nbsp;<\/p>\n<div class=\"flex-1 overflow-hidden @container\/thread\">\n<div class=\"h-full\">\n<div class=\"react-scroll-to-bottom--css-vxybp-79elbk h-full\">\n<div class=\"react-scroll-to-bottom--css-vxybp-1n7m0yu\">\n<div class=\"flex flex-col text-sm md:pb-9\">\n<article class=\"w-full scroll-mb-[var(--thread-trailing-height,150px)] text-token-text-primary focus-visible:outline-2 focus-visible:outline-offset-[-4px]\" dir=\"auto\" data-testid=\"conversation-turn-17\" data-scroll-anchor=\"true\">\n<div class=\"m-auto text-base py-[18px] px-3 md:px-4 w-full md:px-5 lg:px-4 xl:px-5\">\n<div class=\"mx-auto flex flex-1 gap-4 text-base md:gap-5 lg:gap-6 md:max-w-3xl\">\n<div class=\"group\/conversation-turn relative flex w-full min-w-0 flex-col agent-turn\">\n<div class=\"flex-col gap-1 md:gap-3\">\n<div class=\"flex max-w-full flex-col flex-grow\">\n<div class=\"min-h-8 text-message flex w-full flex-col items-end gap-2 whitespace-normal break-words text-start [.text-message+&amp;]:mt-5\" dir=\"auto\" data-message-author-role=\"assistant\" data-message-id=\"77674cc4-455a-4497-a2b8-dfe670611abd\" data-message-model-slug=\"gpt-4o-mini\">\n<div class=\"flex w-full flex-col gap-1 empty:hidden first:pt-[3px]\">\n<div class=\"markdown prose w-full break-words dark:prose-invert light\">\n<h3><strong>Zav\u00edrac\u00ed N\u016f\u017e CRKT Ignitor Assisted 6880<\/strong><\/h3>\n<p><strong>CRKT Ignitor Assisted 6880<\/strong> je n\u016f\u017e, kter\u00fd kombinuje jednoduch\u00fd a elegantn\u00ed design s vysok\u00fdm v\u00fdkonem a skv\u011blou funk\u010dnost\u00ed. Tento model je ide\u00e1ln\u00ed pro ty, kte\u0159\u00ed hledaj\u00ed <strong>spolehliv\u00fd n\u016f\u017e<\/strong> pro ka\u017edodenn\u00ed pou\u017eit\u00ed (EDC), kter\u00fd se vyzna\u010duje <strong>rychl\u00fdm otev\u00edr\u00e1n\u00edm<\/strong>, <strong>vysokou ostrost\u00ed<\/strong> a <strong>ergonomick\u00fdm dr\u017een\u00edm<\/strong>. D\u00edky <strong>asistovan\u00e9mu otev\u00edr\u00e1n\u00ed<\/strong>, <strong>kuli\u010dkov\u00fdm lo\u017eisk\u016fm IKBS\u2122<\/strong> a <strong>odoln\u00e9 rukojeti G10<\/strong> se Ignitor stal obl\u00edbenou volbou mezi u\u017eivateli, kte\u0159\u00ed hledaj\u00ed <strong>spolehliv\u00fd a snadno ovladateln\u00fd n\u016f\u017e<\/strong>.<\/p>\n<hr \/>\n<h3><strong>Kl\u00ed\u010dov\u00e9 vlastnosti:<\/strong><\/h3>\n<ul>\n<li><strong>Asistovan\u00e9 otev\u00edr\u00e1n\u00ed (Spring Assisted)<\/strong>: Tento n\u016f\u017e je vybaven <strong>flipperem<\/strong>, kter\u00fd umo\u017e\u0148uje <strong>rychl\u00e9 a plynul\u00e9 otev\u0159en\u00ed<\/strong> \u010depele. Jakmile zatla\u010d\u00edte na ploutvi\u010dku, <strong>asistovan\u00fd mechanismus<\/strong> s lo\u017eisky IKBS\u2122 okam\u017eit\u011b rozvine \u010depel, co\u017e znamen\u00e1, \u017ee budete p\u0159ipraveni na jakoukoli situaci b\u011bhem okam\u017eiku.<\/li>\n<li><strong>Hladk\u00e9 otev\u00edr\u00e1n\u00ed d\u00edky lo\u017eisk\u016fm IKBS\u2122<\/strong>: <strong>IKBS\u2122 (Ikoma Korth Ball Bearing System)<\/strong> poskytuje n\u016f\u017eku <strong>plynul\u00fd a tich\u00fd chod<\/strong>, co\u017e znamen\u00e1, \u017ee otev\u00edr\u00e1n\u00ed je v\u017edy hladk\u00e9, snadn\u00e9 a bez z\u00e1drhel\u016f.<\/li>\n<li><strong>Vynikaj\u00edc\u00ed ostrost s ocel\u00ed 8Cr13MoV<\/strong>: \u010cepel tohoto no\u017ee je vyrobena z <strong>vysoce uhl\u00edkov\u00e9 nerezov\u00e9 oceli 8Cr13MoV<\/strong>, kter\u00e1 je cen\u011bn\u00e1 pro svou <strong>dobrou schopnost udr\u017eet ost\u0159\u00ed<\/strong> a <strong>snadn\u00e9 ost\u0159en\u00ed<\/strong>. To je ide\u00e1ln\u00ed pro ka\u017edodenn\u00ed pou\u017eit\u00ed, kde je pot\u0159eba n\u016f\u017e, kter\u00fd zvl\u00e1dne b\u011b\u017en\u00e9 \u00fakoly bez nutnosti \u010dast\u00e9ho ost\u0159en\u00ed.<\/li>\n<li><strong>Ergonomick\u00e1 rukoje\u0165 G10<\/strong>: <strong>Rukoje\u0165 z G10<\/strong> je <strong>odoln\u00e1<\/strong> a poskytuje <strong>skv\u011blou p\u0159ilnavost<\/strong> i za mokra nebo p\u0159i n\u00e1ro\u010dn\u00fdch podm\u00ednk\u00e1ch. G10 je zn\u00e1m\u00fd svou odolnost\u00ed a pevnost\u00ed, co\u017e znamen\u00e1, \u017ee tento n\u016f\u017e zvl\u00e1dne i n\u00e1ro\u010dn\u00e9 \u00fakoly.<\/li>\n<li><strong>Z\u00e1mek Liner Lock pro bezpe\u010dn\u00e9 pou\u017e\u00edv\u00e1n\u00ed<\/strong>: <strong>Liner Lock<\/strong> zaji\u0161\u0165uje, \u017ee \u010depel z\u016fstane bezpe\u010dn\u011b uzam\u010den\u00e1 v otev\u0159en\u00e9 pozici, co\u017e poskytuje vy\u0161\u0161\u00ed \u00farove\u0148 bezpe\u010dnosti p\u0159i pr\u00e1ci s no\u017eem. Kdy\u017e chcete \u010depel zav\u0159\u00edt, sta\u010d\u00ed jednodu\u0161e stisknout z\u00e1mek a n\u016f\u017e se bezpe\u010dn\u011b slo\u017e\u00ed.<\/li>\n<li><strong>N\u00edzk\u00fd profil pro pohodln\u00e9 no\u0161en\u00ed<\/strong>: Tento n\u016f\u017e m\u00e1 <strong>n\u00edzk\u00fd profil<\/strong>, co\u017e znamen\u00e1, \u017ee se pohodln\u011b vejde do kapsy. <strong>Hlubok\u00fd klip na p\u0159en\u00e1\u0161en\u00ed<\/strong> zaji\u0161\u0165uje, \u017ee n\u016f\u017e bude bezpe\u010dn\u011b dr\u017eet v kapse, ani\u017e by vykukoval, co\u017e je ide\u00e1ln\u00ed pro ka\u017edodenn\u00ed no\u0161en\u00ed.<\/li>\n<\/ul>\n<hr \/>\n<h3><strong>Specifikace:<\/strong><\/h3>\n<ul>\n<li><strong>D\u00e9lka \u010depele<\/strong>: 8.82 cm<\/li>\n<li><strong>Tlou\u0161\u0165ka \u010depele<\/strong>: 0.26 cm<\/li>\n<li><strong>Celkov\u00e1 d\u00e9lka<\/strong>: 19.52 cm<\/li>\n<li><strong>D\u00e9lka v zav\u0159en\u00e9m stavu<\/strong>: 10.82 cm<\/li>\n<li><strong>Hmotnost<\/strong>: 102.06 g<\/li>\n<li><strong>Materi\u00e1l rukojeti<\/strong>: <strong>G10<\/strong> (odoln\u00fd, lehk\u00fd, pro zaji\u0161t\u011bn\u00ed dobr\u00e9 p\u0159ilnavosti)<\/li>\n<li><strong>Povrchov\u00e1 \u00faprava \u010depele<\/strong>: <strong>Sat\u00e9n<\/strong> (pro elegantn\u00ed vzhled a odolnost proti korozi)<\/li>\n<li><strong>Ocel \u010depele<\/strong>: <strong>8Cr13MoV<\/strong> (vysok\u00e1 odolnost proti opot\u0159eben\u00ed a snadn\u00e9 ost\u0159en\u00ed)<\/li>\n<li><strong>Z\u00e1mek<\/strong>: <strong>Liner Lock<\/strong> (pro bezpe\u010dn\u00e9 uzam\u010den\u00ed \u010depele)<\/li>\n<\/ul>\n<hr \/>\n<h3><strong>Pou\u017eit\u00ed:<\/strong><\/h3>\n<ul>\n<li><strong>Ka\u017edodenn\u00ed no\u0161en\u00ed (EDC)<\/strong>: Tento n\u016f\u017e je ide\u00e1ln\u00ed pro <strong>ka\u017edodenn\u00ed no\u0161en\u00ed<\/strong>, proto\u017ee je kompaktn\u00ed, ale st\u00e1le velmi funk\u010dn\u00ed. M\u016f\u017eete ho pou\u017e\u00edt k otev\u0159en\u00ed bal\u00edk\u016f, \u0159ez\u00e1n\u00ed obal\u016f nebo drobn\u00fdm oprav\u00e1m v kancel\u00e1\u0159i \u010di venku.<\/li>\n<li><strong>Kempov\u00e1n\u00ed a outdoor<\/strong>: I kdy\u017e m\u00e1 kompaktn\u00ed velikost, Ignitor je vhodn\u00fd pro <strong>z\u00e1kladn\u00ed outdoorov\u00e9 \u00fakoly<\/strong>, jako je \u0159ez\u00e1n\u00ed v\u011btv\u00ed, p\u0159\u00edprava j\u00eddla nebo opravy vybaven\u00ed.<\/li>\n<li><strong>Profesion\u00e1ln\u00ed pou\u017eit\u00ed<\/strong>: N\u016f\u017e je tak\u00e9 ide\u00e1ln\u00ed pro pou\u017eit\u00ed v profes\u00edch, kde je pot\u0159eba diskr\u00e9tn\u00ed a v\u00fdkonn\u00fd n\u00e1stroj pro \u0159ez\u00e1n\u00ed materi\u00e1l\u016f, otev\u0159en\u00ed krabic nebo proveden\u00ed drobn\u00fdch prac\u00ed.<\/li>\n<\/ul>\n<hr \/>\n<h3><strong>Z\u00e1v\u011br:<\/strong><\/h3>\n<p><strong>CRKT Ignitor Assisted 6880<\/strong> je <strong>elegantn\u00ed<\/strong>, <strong>spolehliv\u00fd<\/strong> a <strong>v\u00fdkonn\u00fd<\/strong> zav\u00edrac\u00ed n\u016f\u017e, kter\u00fd nab\u00edz\u00ed vynikaj\u00edc\u00ed funk\u010dnost v kompaktn\u00edm balen\u00ed. D\u00edky <strong>asistovan\u00e9mu otev\u00edr\u00e1n\u00ed<\/strong>, <strong>snadn\u00e9 \u00fadr\u017eb\u011b ost\u0159\u00ed<\/strong> a <strong>ergonomick\u00e9 rukojeti<\/strong> je tento n\u016f\u017e ide\u00e1ln\u00ed volbou pro <strong>ka\u017edodenn\u00ed no\u0161en\u00ed<\/strong> a <strong>b\u011b\u017en\u00e9 \u00fakoly<\/strong>. <strong>Liner Lock<\/strong> a <strong>kuli\u010dkov\u00e1 lo\u017eiska IKBS\u2122<\/strong> p\u0159isp\u00edvaj\u00ed k hladk\u00e9mu a bezpe\u010dn\u00e9mu pou\u017e\u00edv\u00e1n\u00ed, co\u017e \u010din\u00ed tento n\u016f\u017e skv\u00e9l\u00e9m n\u00e1strojem pro \u0161irokou \u0161k\u00e1lu aplikac\u00ed. Pokud hled\u00e1te <strong>kompaktn\u00ed, ale v\u00fdkonn\u00fd n\u016f\u017e<\/strong>, kter\u00fd se snadno nos\u00ed a pou\u017e\u00edv\u00e1, <strong>Ignitor Assisted 6880<\/strong> by m\u011bl b\u00fdt va\u0161\u00edm v\u00fdb\u011brem.<\/p>\n<\/div>\n<\/div>\n<\/div>\n<\/div>\n<div class=\"mb-2 flex gap-3 empty:hidden -ml-2\">\n<div class=\"items-center justify-start rounded-xl p-1 flex\">\n<div class=\"flex items-center\"><\/div>\n<\/div>\n<\/div>\n<div class=\"pr-2 lg:pr-0\"><\/div>\n<div class=\"mt-3 w-full empty:hidden\">\n<div class=\"text-center\"><\/div>\n<\/div>\n<\/div>\n<div class=\"absolute\">\n<div class=\"flex items-center justify-center\"><\/div>\n<\/div>\n<\/div>\n<\/div>\n<\/div>\n<\/article>\n<\/div>\n<\/div>\n<\/div>\n<\/div>\n<\/div>\n<div class=\"md:pt-0 dark:border-white\/20 md:border-transparent md:dark:border-transparent w-full\">\n<div>\n<div class=\"m-auto text-base px-3 md:px-4 w-full md:px-5 lg:px-4 xl:px-5\">\n<div class=\"mx-auto flex flex-1 gap-4 text-base md:gap-5 lg:gap-6 md:max-w-3xl\">\n<div class=\"flex justify-center\"><\/div>\n<\/div>\n<\/div>\n<\/div>\n<\/div>\n<p><iframe title=\"CRKT Ignitor\u00ae | Ken Steigerwalt Design\" width=\"800\" height=\"450\" src=\"https:\/\/www.youtube.com\/embed\/P27IX0m2_fY?feature=oembed\" frameborder=\"0\" allow=\"accelerometer; autoplay; clipboard-write; encrypted-media; gyroscope; picture-in-picture; web-share\" referrerpolicy=\"strict-origin-when-cross-origin\" allowfullscreen><\/iframe><\/p>\n<p><iframe title=\"CRKT ASSISTED OPENING | How It Works\" width=\"800\" height=\"450\" src=\"https:\/\/www.youtube.com\/embed\/QUSQFRDMrEI?feature=oembed\" frameborder=\"0\" allow=\"accelerometer; autoplay; clipboard-write; encrypted-media; gyroscope; picture-in-picture; web-share\" referrerpolicy=\"strict-origin-when-cross-origin\" allowfullscreen><\/iframe><\/p>\n<p>&nbsp;<\/p>\n","protected":false},"excerpt":{"rendered":"<div class=\"flex max-w-full flex-col flex-grow\">\n<div class=\"min-h-8 text-message flex w-full flex-col items-end gap-2 whitespace-normal break-words text-start [.text-message+&amp;]:mt-5\" dir=\"auto\" data-message-author-role=\"assistant\" data-message-id=\"77674cc4-455a-4497-a2b8-dfe670611abd\" data-message-model-slug=\"gpt-4o-mini\">\n<div class=\"flex w-full flex-col gap-1 empty:hidden first:pt-[3px]\">\n<div class=\"markdown prose w-full break-words dark:prose-invert light\">\n<p><strong>CRKT Ignitor Assisted 6880 je elegantn\u00ed, spolehliv\u00fd a v\u00fdkonn\u00fd zav\u00edrac\u00ed n\u016f\u017e, kter\u00fd nab\u00edz\u00ed vynikaj\u00edc\u00ed funk\u010dnost v kompaktn\u00edm balen\u00ed. D\u00edky asistovan\u00e9mu otev\u00edr\u00e1n\u00ed, snadn\u00e9 \u00fadr\u017eb\u011b ost\u0159\u00ed a ergonomick\u00e9 rukojeti je tento n\u016f\u017e ide\u00e1ln\u00ed volbou pro ka\u017edodenn\u00ed no\u0161en\u00ed a b\u011b\u017en\u00e9 \u00fakoly. Liner Lock a kuli\u010dkov\u00e1 lo\u017eiska IKBS\u2122 p\u0159isp\u00edvaj\u00ed k hladk\u00e9mu a bezpe\u010dn\u00e9mu pou\u017e\u00edv\u00e1n\u00ed, co\u017e \u010din\u00ed tento n\u016f\u017e skv\u00e9l\u00e9m n\u00e1strojem pro \u0161irokou \u0161k\u00e1lu aplikac\u00ed. Pokud hled\u00e1te kompaktn\u00ed, ale v\u00fdkonn\u00fd n\u016f\u017e, kter\u00fd se snadno nos\u00ed a pou\u017e\u00edv\u00e1, Ignitor Assisted 6880 by m\u011bl b\u00fdt va\u0161\u00edm v\u00fdb\u011brem.<\/strong><\/p>\n<\/div>\n<\/div>\n<\/div>\n<\/div>\n<div class=\"mb-2 flex gap-3 empty:hidden -ml-2\">\n<div class=\"items-center justify-start rounded-xl p-1 flex\">\n<div class=\"flex items-center\"><\/div>\n<\/div>\n<\/div>\n<div class=\"pr-2 lg:pr-0\"><\/div>\n","protected":false},"featured_media":257079,"comment_status":"open","ping_status":"closed","template":"","meta":[],"pwb-brand":[209],"product_brand":[],"product_cat":[22,17],"product_tag":[3667],"class_list":{"0":"post-257078","1":"product","2":"type-product","3":"status-publish","4":"has-post-thumbnail","6":"pwb-brand-crkt","7":"product_cat-zaviraci-noze","8":"product_cat-noze","9":"product_tag-b2b","11":"first","12":"instock","13":"sale","14":"taxable","15":"shipping-taxable","16":"purchasable","17":"product-type-simple"},"brands":[{"id":209,"name":"CRKT","slug":"crkt"}],"_links":{"self":[{"href":"https:\/\/www.moskito.cz\/sk\/wp-json\/wp\/v2\/product\/257078","targetHints":{"allow":["GET"]}}],"collection":[{"href":"https:\/\/www.moskito.cz\/sk\/wp-json\/wp\/v2\/product"}],"about":[{"href":"https:\/\/www.moskito.cz\/sk\/wp-json\/wp\/v2\/types\/product"}],"replies":[{"embeddable":true,"href":"https:\/\/www.moskito.cz\/sk\/wp-json\/wp\/v2\/comments?post=257078"}],"wp:featuredmedia":[{"embeddable":true,"href":"https:\/\/www.moskito.cz\/sk\/wp-json\/wp\/v2\/media\/257079"}],"wp:attachment":[{"href":"https:\/\/www.moskito.cz\/sk\/wp-json\/wp\/v2\/media?parent=257078"}],"wp:term":[{"taxonomy":"pwb-brand","embeddable":true,"href":"https:\/\/www.moskito.cz\/sk\/wp-json\/wp\/v2\/pwb-brand?post=257078"},{"taxonomy":"product_brand","embeddable":true,"href":"https:\/\/www.moskito.cz\/sk\/wp-json\/wp\/v2\/product_brand?post=257078"},{"taxonomy":"product_cat","embeddable":true,"href":"https:\/\/www.moskito.cz\/sk\/wp-json\/wp\/v2\/product_cat?post=257078"},{"taxonomy":"product_tag","embeddable":true,"href":"https:\/\/www.moskito.cz\/sk\/wp-json\/wp\/v2\/product_tag?post=257078"}],"curies":[{"name":"wp","href":"https:\/\/api.w.org\/{rel}","templated":true}]}}