{"id":257284,"date":"2023-10-04T15:31:47","date_gmt":"2023-10-04T14:31:47","guid":{"rendered":"https:\/\/www.moskito.cz\/?post_type=product&#038;p=257284"},"modified":"2025-05-07T10:53:21","modified_gmt":"2025-05-07T09:53:21","slug":"drzak-sipek-cold-steel-quiver-set-pro-professional-series-blowgun-b625pq","status":"publish","type":"product","link":"https:\/\/www.moskito.cz\/sk\/produkt\/drzak-sipek-cold-steel-quiver-set-pro-professional-series-blowgun-b625pq\/","title":{"rendered":"Dr\u017e\u00e1k \u0161ipek Cold Steel Quiver Set pro Professional series Blowgun B625PQ"},"content":{"rendered":"<p>Dr\u017e\u00e1k \u0161ipek Cold Steel Quiver Set pro Professional series Blowgun B625PQ<\/p>\n<p>Dr\u017e\u00e1k 12 ks \u0161ipek Quiver Set pro s\u00e9rii fouka\u010dek Professional .625 Blowgun<\/p>\n","protected":false},"excerpt":{"rendered":"<p><strong>Dr\u017e\u00e1k 12 ks \u0161ipek Quiver Set pro s\u00e9rii fouka\u010dek Professional .625 Blowgun<\/strong><\/p>\n","protected":false},"featured_media":257286,"comment_status":"open","ping_status":"closed","template":"","meta":[],"pwb-brand":[211],"product_brand":[],"product_cat":[22,17],"product_tag":[3667],"class_list":{"0":"post-257284","1":"product","2":"type-product","3":"status-publish","4":"has-post-thumbnail","6":"pwb-brand-cold-steel","7":"product_cat-zaviraci-noze","8":"product_cat-noze","9":"product_tag-b2b","11":"first","12":"instock","13":"taxable","14":"shipping-taxable","15":"purchasable","16":"product-type-simple"},"brands":[{"id":211,"name":"Cold Steel","slug":"cold-steel"}],"_links":{"self":[{"href":"https:\/\/www.moskito.cz\/sk\/wp-json\/wp\/v2\/product\/257284","targetHints":{"allow":["GET"]}}],"collection":[{"href":"https:\/\/www.moskito.cz\/sk\/wp-json\/wp\/v2\/product"}],"about":[{"href":"https:\/\/www.moskito.cz\/sk\/wp-json\/wp\/v2\/types\/product"}],"replies":[{"embeddable":true,"href":"https:\/\/www.moskito.cz\/sk\/wp-json\/wp\/v2\/comments?post=257284"}],"wp:featuredmedia":[{"embeddable":true,"href":"https:\/\/www.moskito.cz\/sk\/wp-json\/wp\/v2\/media\/257286"}],"wp:attachment":[{"href":"https:\/\/www.moskito.cz\/sk\/wp-json\/wp\/v2\/media?parent=257284"}],"wp:term":[{"taxonomy":"pwb-brand","embeddable":true,"href":"https:\/\/www.moskito.cz\/sk\/wp-json\/wp\/v2\/pwb-brand?post=257284"},{"taxonomy":"product_brand","embeddable":true,"href":"https:\/\/www.moskito.cz\/sk\/wp-json\/wp\/v2\/product_brand?post=257284"},{"taxonomy":"product_cat","embeddable":true,"href":"https:\/\/www.moskito.cz\/sk\/wp-json\/wp\/v2\/product_cat?post=257284"},{"taxonomy":"product_tag","embeddable":true,"href":"https:\/\/www.moskito.cz\/sk\/wp-json\/wp\/v2\/product_tag?post=257284"}],"curies":[{"name":"wp","href":"https:\/\/api.w.org\/{rel}","templated":true}]}}