{"id":257444,"date":"2023-10-05T18:47:37","date_gmt":"2023-10-05T17:47:37","guid":{"rendered":"https:\/\/www.moskito.cz\/produkt\/zatvaraci-noz-spyderco-manix-2-xl-satin-c95gp2\/"},"modified":"2025-05-07T10:53:23","modified_gmt":"2025-05-07T09:53:23","slug":"zatvaraci-noz-spyderco-manix-2-xl-satin-c95gp2","status":"publish","type":"product","link":"https:\/\/www.moskito.cz\/sk\/produkt\/zatvaraci-noz-spyderco-manix-2-xl-satin-c95gp2\/","title":{"rendered":"Zatv\u00e1rac\u00ed N\u00f4\u017e Spyderco Manix 2 XL Satin C95GP2"},"content":{"rendered":"<p>Zatv\u00e1rac\u00ed N\u00f4\u017e Spyderco Manix 2 XL Satin C95GP2<\/p>\n<p>Mega-Manix m\u00e1 Spyderco patentovan\u00fd z\u00e1mok guli\u010dkov\u00e9ho lo\u017eiska. Pln\u00e9 vn\u00fatorn\u00e9 vlo\u017eky rukov\u00e4te presahuj\u00fa rukov\u00e4te G-10 a s\u00fa po obvode vr\u00fabkovan\u00e9, \u010do zais\u0165uje v\u00fdnimo\u010dn\u00fd \u00fachop a ovl\u00e1danie rukov\u00e4te.<\/p>\n<p>Manix 2 XL je nadrozmern\u00e1 verzia Manix 2 s \u010depe\u013eou, ktor\u00e1 je tesne pod \u0161tyrmi palcami. \u010cepe\u013e je uzamknut\u00e1 otvoren\u00e1 pomocou patentovan\u00e9ho Ball Bearing Lock\u2122 spolo\u010dnosti Spyderco. Z\u00e1mok sa sklad\u00e1 z vo\u013ene pl\u00e1vaj\u00faceho oce\u013eov\u00e9ho guli\u010dkov\u00e9ho lo\u017eiska zapuzdren\u00e9ho v high-tech polym\u00e9rovej klietke. Po otvoren\u00ed sa guli\u010dkov\u00e9 lo\u017eisko posunie dopredu na rampe \u010depele, kde je zaklinen\u00e9, \u010d\u00edm sa \u010depe\u013e bezpe\u010dne zablokuje.<\/p>\n<p>Gu\u013eovit\u00fd tvar gule sa vo\u013ene ot\u00e1\u010da, \u010do umo\u017e\u0148uje, aby sa z\u00e1mok s\u00e1m nastavil na ve\u013ekom povrchu, \u010do zais\u0165uje hladk\u00e9 a spo\u013eahliv\u00e9 uzamknutie pri ka\u017edom otvoren\u00ed. \u010cepe\u013e je CPM S30V, plne ploch\u00e1 br\u00fasen\u00e1 a m\u00e1 nadrozmern\u00fd 14mm okr\u00fahly otvor Spyderco.<\/p>\n<p>Vlo\u017eky vo vn\u00fatri rukov\u00e4te G-10 presahuj\u00fa a vytv\u00e1raj\u00fa vr\u00fabkovan\u00fd vzor po obvode rukov\u00e4te pre lep\u0161ie uchopenie. T\u00e1to funkcia zabra\u0148uje vyk\u013aznutiu no\u017ea z ruky a funguje dobre v rukaviciach. Vlo\u017eky sl\u00fa\u017eia na dvojak\u00fd \u00fa\u010del t\u00fdm, \u017ee dod\u00e1vaj\u00fa rukov\u00e4te tuhos\u0165 a \u013eahk\u00fa pevnos\u0165. Spona s tromi skrutkami m\u00f4\u017ee by\u0165 umiestnen\u00e1 obojstranne, vykl\u00e1pacia pre pohodlie a nosenie vo vrecku. N\u00f4\u017e m\u00e1 tie\u017e ve\u013ek\u00fa \u0161n\u00farku na ochranu r\u00f4znych typov \u0161n\u00far alebo remienkov.<\/p>\n<p>\u0160pecifik\u00e1cia<br \/>\nCelkov\u00e1: 22.7 cm<br \/>\n\u010cepe\u013e: 0.98 cm<br \/>\nUzavret\u00e9: 12.9 cm<br \/>\nHmotnos\u0165: 147 g<br \/>\nKrajina p\u00f4vodu: Golden, Colorado USA<\/p>\n","protected":false},"excerpt":{"rendered":"<p>Manix 2 XL m\u00e1 rovnak\u00fa kvalitu ako Manix 2, ale je v podstatne v\u00e4\u010d\u0161om form\u00e1te, ktor\u00fd je ide\u00e1lny pre v\u00e4\u010d\u0161ie ruky a n\u00e1ro\u010dnej\u0161iu pr\u00e1cu.<\/p>\n","protected":false},"featured_media":257430,"comment_status":"open","ping_status":"closed","template":"","meta":[],"pwb-brand":[3261],"product_brand":[],"product_cat":[3233,3186],"product_tag":[3668],"class_list":{"0":"post-257444","1":"product","2":"type-product","3":"status-publish","4":"has-post-thumbnail","6":"pwb-brand-zatvaraci-noz-spyderco-endura-flat-ground-gray-frn-c10fpgy","7":"product_cat-zatvaracie-noze","8":"product_cat-noze-sk","9":"product_tag-b2b-sk","11":"first","12":"instock","13":"sale","14":"taxable","15":"shipping-taxable","16":"purchasable","17":"product-type-simple"},"brands":[{"id":3261,"name":"Zatv\u00e1rac\u00ed N\u00f4\u017e Spyderco Endura Flat Ground Gray FRN C10FPGY","slug":"zatvaraci-noz-spyderco-endura-flat-ground-gray-frn-c10fpgy"}],"_links":{"self":[{"href":"https:\/\/www.moskito.cz\/sk\/wp-json\/wp\/v2\/product\/257444","targetHints":{"allow":["GET"]}}],"collection":[{"href":"https:\/\/www.moskito.cz\/sk\/wp-json\/wp\/v2\/product"}],"about":[{"href":"https:\/\/www.moskito.cz\/sk\/wp-json\/wp\/v2\/types\/product"}],"replies":[{"embeddable":true,"href":"https:\/\/www.moskito.cz\/sk\/wp-json\/wp\/v2\/comments?post=257444"}],"wp:featuredmedia":[{"embeddable":true,"href":"https:\/\/www.moskito.cz\/sk\/wp-json\/wp\/v2\/media\/257430"}],"wp:attachment":[{"href":"https:\/\/www.moskito.cz\/sk\/wp-json\/wp\/v2\/media?parent=257444"}],"wp:term":[{"taxonomy":"pwb-brand","embeddable":true,"href":"https:\/\/www.moskito.cz\/sk\/wp-json\/wp\/v2\/pwb-brand?post=257444"},{"taxonomy":"product_brand","embeddable":true,"href":"https:\/\/www.moskito.cz\/sk\/wp-json\/wp\/v2\/product_brand?post=257444"},{"taxonomy":"product_cat","embeddable":true,"href":"https:\/\/www.moskito.cz\/sk\/wp-json\/wp\/v2\/product_cat?post=257444"},{"taxonomy":"product_tag","embeddable":true,"href":"https:\/\/www.moskito.cz\/sk\/wp-json\/wp\/v2\/product_tag?post=257444"}],"curies":[{"name":"wp","href":"https:\/\/api.w.org\/{rel}","templated":true}]}}