{"id":257497,"date":"2023-10-06T12:29:52","date_gmt":"2023-10-06T11:29:52","guid":{"rendered":"https:\/\/www.moskito.cz\/?post_type=product&#038;p=257497"},"modified":"2025-05-07T10:53:24","modified_gmt":"2025-05-07T09:53:24","slug":"cold-steel-war-hammer-90wha","status":"publish","type":"product","link":"https:\/\/www.moskito.cz\/sk\/produkt\/cold-steel-war-hammer-90wha\/","title":{"rendered":"Cold Steel War Hammer 90WHA"},"content":{"rendered":"<p><strong>Cold Steel<\/strong> War Hammer 90WHA<\/p>\n<p>V\u00e1le\u010dn\u00e9 kladivo bylo mo\u017en\u00e1 ide\u00e1ln\u00ed zbran\u00ed pro pou\u017eit\u00ed proti ryt\u00ed\u0159i zapouzd\u0159en\u00e9mu v ocelov\u00e9m plechu! T\u011b\u017ek\u00e1 hlava kladiva dok\u00e1zala rozdrtit nejsiln\u011bj\u0161\u00ed oblek n\u011bkolika ranami a zadn\u00ed bodec dok\u00e1zal otev\u0159\u00edt brn\u011bn\u00ed jako otv\u00edr\u00e1k na konzervy! Modern\u00ed interpretace v\u00e1le\u010dn\u00e9ho kladiva od Cold Steel, kter\u00e1 se ji\u017e prok\u00e1zala jako obl\u00edben\u00e1 mezi historick\u00fdmi evropsk\u00fdmi v\u00e1le\u010dn\u00fdmi um\u011blci a znovuobjeviteli, je vysoce ovladateln\u00e1 a lze ji snadno ovl\u00e1dat jednou nebo ob\u011bma rukama. Hlava je z\u00e1pustkov\u011b vykov\u00e1na z uhl\u00edkov\u00e9 oceli 1055 a diferenci\u00e1ln\u011b tepeln\u011b zpracov\u00e1na. Hrot hrotu a \u010delo kladiva jsou pln\u011b tvrzen\u00e9, tak\u017ee mohou pror\u00e1\u017eet a drtit hou\u017eevnat\u00e9 materi\u00e1ly, zat\u00edmco zbytek kladiva je kovan\u00fd, aby byl m\u011bk\u010d\u00ed &#8211; aby absorboval n\u00e1razy t\u011b\u017ek\u00fdch \u00fader\u016f. Rukoje\u0165 na\u0161eho v\u00e1le\u010dn\u00e9ho kladiva je z p\u0159\u00edm\u00e9ho americk\u00e9ho Hickory a je zakon\u010dena p\u00e1rem robustn\u00edch ocelov\u00fdch langette.<\/p>\n<p>Celkov\u00e1 velikost: 76.2 cm<br \/>\nBarva: \u010cern\u00e1\/Hn\u011bd\u00e1<br \/>\nHmotnost: 1000 g<br \/>\nMateri\u00e1l rukojeti: Straight Grain Hickory with Langettes<br \/>\nOcel: 1055 Carbon Steel<\/p>\n","protected":false},"excerpt":{"rendered":"<p><strong>War Hammer by byl asi ide\u00e1ln\u00ed zbran\u00ed na boj s ryt\u00ed\u0159em od\u011bn\u00fdm do ryt\u00ed\u0159sk\u00e9ho brn\u011bn\u00ed.<\/strong><\/p>\n","protected":false},"featured_media":257498,"comment_status":"open","ping_status":"closed","template":"","meta":[],"pwb-brand":[211],"product_brand":[],"product_cat":[32],"product_tag":[3667],"class_list":{"0":"post-257497","1":"product","2":"type-product","3":"status-publish","4":"has-post-thumbnail","6":"pwb-brand-cold-steel","7":"product_cat-sekery","8":"product_tag-b2b","10":"first","11":"outofstock","12":"taxable","13":"shipping-taxable","14":"purchasable","15":"product-type-simple"},"brands":[{"id":211,"name":"Cold Steel","slug":"cold-steel"}],"_links":{"self":[{"href":"https:\/\/www.moskito.cz\/sk\/wp-json\/wp\/v2\/product\/257497","targetHints":{"allow":["GET"]}}],"collection":[{"href":"https:\/\/www.moskito.cz\/sk\/wp-json\/wp\/v2\/product"}],"about":[{"href":"https:\/\/www.moskito.cz\/sk\/wp-json\/wp\/v2\/types\/product"}],"replies":[{"embeddable":true,"href":"https:\/\/www.moskito.cz\/sk\/wp-json\/wp\/v2\/comments?post=257497"}],"wp:featuredmedia":[{"embeddable":true,"href":"https:\/\/www.moskito.cz\/sk\/wp-json\/wp\/v2\/media\/257498"}],"wp:attachment":[{"href":"https:\/\/www.moskito.cz\/sk\/wp-json\/wp\/v2\/media?parent=257497"}],"wp:term":[{"taxonomy":"pwb-brand","embeddable":true,"href":"https:\/\/www.moskito.cz\/sk\/wp-json\/wp\/v2\/pwb-brand?post=257497"},{"taxonomy":"product_brand","embeddable":true,"href":"https:\/\/www.moskito.cz\/sk\/wp-json\/wp\/v2\/product_brand?post=257497"},{"taxonomy":"product_cat","embeddable":true,"href":"https:\/\/www.moskito.cz\/sk\/wp-json\/wp\/v2\/product_cat?post=257497"},{"taxonomy":"product_tag","embeddable":true,"href":"https:\/\/www.moskito.cz\/sk\/wp-json\/wp\/v2\/product_tag?post=257497"}],"curies":[{"name":"wp","href":"https:\/\/api.w.org\/{rel}","templated":true}]}}