{"id":258002,"date":"2023-10-12T19:33:41","date_gmt":"2023-10-12T18:33:41","guid":{"rendered":"https:\/\/www.moskito.cz\/produkt\/zatvaraci-noz-microtech-msi-stonewash-210-10frgtbk\/"},"modified":"2025-05-07T10:53:36","modified_gmt":"2025-05-07T09:53:36","slug":"zatvaraci-noz-microtech-msi-stonewash-210-10frgtbk","status":"publish","type":"product","link":"https:\/\/www.moskito.cz\/sk\/produkt\/zatvaraci-noz-microtech-msi-stonewash-210-10frgtbk\/","title":{"rendered":"Zatv\u00e1rac\u00ed N\u00f4\u017e Microtech MSI STONEWASH 210-10FRGTBK"},"content":{"rendered":"<p>Zatv\u00e1rac\u00ed N\u00f4\u017e Microtech MSI STONEWASH 210-10FRGTBK<\/p>\n<p>MSI (Microtech Standard issue), vydan\u00fd v roku 2023, je prv\u00fdm no\u017eom Microtech, ktor\u00fd m\u00e1 fantastick\u00fa technol\u00f3giu RAM-LOK. Tento tvrd\u00fd poh\u013ead na z\u00e1mok prie\u010dnej ty\u010de obsahuje charakteristick\u00fd krokov\u00fd vzor Microtech, ktor\u00fd sa presl\u00e1vil ovl\u00e1dac\u00edmi sp\u00edna\u010dmi radu Ultratech. Ve\u013ek\u00fd v\u00fdrez \u010depele poskytuje dostatok priestoru na sp\u00e4tn\u00e9 \u0161vihanie prostredn\u00edkom a tie\u017e \u0161tandardn\u00e9 pomal\u00e9 otv\u00e1ranie palcom v rukaviciach alebo bez nich. Pokia\u013e v\u00e1m nevyhovuje ani jedno z toho, jednoducho zatiahnite za RAM-LOK a \u010depe\u013e sa otvor\u00ed jednoduch\u00fdm pohybom z\u00e1p\u00e4stia. Rukov\u00e4te G10 s\u00fa hladk\u00e9 a mierne lepkav\u00e9 a poskytuj\u00fa ve\u013ek\u00fd potenci\u00e1l uchopenia v \u0161tandardnom aj obr\u00e1tenom uchopen\u00ed. Robustn\u00fd, odoln\u00fd a vyroben\u00fd v USA; vieme, \u017ee MSI sa r\u00fdchlo stane ob\u013e\u00faben\u00fdm fan\u00fa\u0161ikom medzi v\u0161etk\u00fdmi \u010dlenmi komunity no\u017eov.<br \/>\n\u0160pecifik\u00e1cia<\/p>\n<p>D\u013a\u017eka \u010depele: 9.7 cm<br \/>\nD\u013a\u017eka v zatvorenom stave: 12.65 cm<br \/>\nCelkov\u00e1 d\u013a\u017eka: 22.35 cm<br \/>\nOce\u013e \u010depele: Nerezov\u00e1 oce\u013e Bohler M390MK<\/p>\n<p>Z\u00e1mok: Z\u00e1mok Ram-Lok Bar<br \/>\nVreckov\u00fd klip: Vykl\u00e1pac\u00ed<br \/>\nVyroben\u00e9 v USA<br \/>\nNovinka na rok 2023<br \/>\nModel: 210-10FRGTBK<\/p>\n","protected":false},"excerpt":{"rendered":"<p>V priebehu rokov Microtech\u00ae Knives naplnil v\u00e1\u0161\u0148ou a zru\u010dnos\u0165ou v\u00fdrobu no\u017eov, a\u017e z nich vytvoril takmer umeleck\u00e9 diela, ktor\u00e9 s\u00fa vrcholom funk\u010dnosti. V\u0161etky diely s\u00fa vyroben\u00e9 v USA.<br \/>\nNa v\u0161etky no\u017ee Microtech je do\u017eivotn\u00e1 z\u00e1ruka.<\/p>\n<p>Doprava zdrama.<\/p>\n","protected":false},"featured_media":257997,"comment_status":"open","ping_status":"closed","template":"","meta":[],"pwb-brand":[3200],"product_brand":[],"product_cat":[3186,3233],"product_tag":[3668],"class_list":{"0":"post-258002","1":"product","2":"type-product","3":"status-publish","4":"has-post-thumbnail","6":"pwb-brand-microtech-sk","7":"product_cat-noze-sk","8":"product_cat-zatvaracie-noze","9":"product_tag-b2b-sk","11":"first","12":"outofstock","13":"taxable","14":"shipping-taxable","15":"purchasable","16":"product-type-simple"},"brands":[{"id":3200,"name":"Microtech","slug":"microtech-sk"}],"_links":{"self":[{"href":"https:\/\/www.moskito.cz\/sk\/wp-json\/wp\/v2\/product\/258002","targetHints":{"allow":["GET"]}}],"collection":[{"href":"https:\/\/www.moskito.cz\/sk\/wp-json\/wp\/v2\/product"}],"about":[{"href":"https:\/\/www.moskito.cz\/sk\/wp-json\/wp\/v2\/types\/product"}],"replies":[{"embeddable":true,"href":"https:\/\/www.moskito.cz\/sk\/wp-json\/wp\/v2\/comments?post=258002"}],"wp:featuredmedia":[{"embeddable":true,"href":"https:\/\/www.moskito.cz\/sk\/wp-json\/wp\/v2\/media\/257997"}],"wp:attachment":[{"href":"https:\/\/www.moskito.cz\/sk\/wp-json\/wp\/v2\/media?parent=258002"}],"wp:term":[{"taxonomy":"pwb-brand","embeddable":true,"href":"https:\/\/www.moskito.cz\/sk\/wp-json\/wp\/v2\/pwb-brand?post=258002"},{"taxonomy":"product_brand","embeddable":true,"href":"https:\/\/www.moskito.cz\/sk\/wp-json\/wp\/v2\/product_brand?post=258002"},{"taxonomy":"product_cat","embeddable":true,"href":"https:\/\/www.moskito.cz\/sk\/wp-json\/wp\/v2\/product_cat?post=258002"},{"taxonomy":"product_tag","embeddable":true,"href":"https:\/\/www.moskito.cz\/sk\/wp-json\/wp\/v2\/product_tag?post=258002"}],"curies":[{"name":"wp","href":"https:\/\/api.w.org\/{rel}","templated":true}]}}