{"id":258088,"date":"2023-10-16T19:48:47","date_gmt":"2023-10-16T18:48:47","guid":{"rendered":"https:\/\/www.moskito.cz\/produkt\/vystrelovaci-noz-microtech-combat-troodon-blue-143-2bl\/"},"modified":"2025-05-07T10:53:37","modified_gmt":"2025-05-07T09:53:37","slug":"vystrelovaci-noz-microtech-combat-troodon-blue-143-2bl","status":"publish","type":"product","link":"https:\/\/www.moskito.cz\/sk\/produkt\/vystrelovaci-noz-microtech-combat-troodon-blue-143-2bl\/","title":{"rendered":"Vystre\u013eovac\u00ed N\u00f4\u017e MICROTECH COMBAT TROODON BLUE 143-2BL"},"content":{"rendered":"<p>Vystre\u013eovac\u00ed N\u00f4\u017e <strong>MICROTECH<\/strong> COMBAT TROODON BLUE 143-2BL<\/p>\n<p><strong>Microtech Combat Troodon<\/strong> je v\u00e4\u010d\u0161ia verzia ob\u013e\u00faben\u00e9ho modelu Troodon, ktor\u00e1 sa m\u00f4\u017ee pochv\u00e1li\u0165 dlh\u0161ou \u010depe\u013eou, mohutnej\u0161ou rukov\u00e4\u0165ou a robustnej\u0161ou akciou. Napriek svojej ve\u013ekosti p\u00f4sob\u00ed jeho rukov\u00e4\u0165 \u0161t\u00edhle a pohodlne a medzi rozb\u00edja\u010dom skla, \u010depe\u013eou zo super ocele a ovl\u00e1dan\u00edm jednou rukou sa pozer\u00e1te na vysoko univerz\u00e1lny n\u00e1stroj. Dinosaurus Troodon bol jedn\u00fdm z najm\u00fadrej\u0161\u00edch pred\u00e1torov na svete a existuje len m\u00e1lo no\u017eov, ktor\u00e9 by si zasl\u00fa\u017eili nies\u0165 jeho meno, ale <strong>Combat Troodon<\/strong> je bezpochyby jedn\u00fdm z nich.<\/p>\n<p>Celkov\u00e1 d\u013a\u017eka: 24 cm<br \/>\nD\u013a\u017eka \u010depele: 10 cm<br \/>\nHr\u00fabka \u010depele: 0.3 cm<br \/>\nMateri\u00e1l \u010depele: Bohler M390<br \/>\n\u0160t\u00fdl \u010depele: Drop Point<br \/>\nDokon\u010denie: \u010cierna<br \/>\nTyp okraja: Z\u00fabkovan\u00fd<br \/>\nD\u013a\u017eka rukov\u00e4te: 15 cm<br \/>\n\u0160\u00edrka rukov\u00e4te: 2.9 cm<br \/>\nHr\u00fabka rukov\u00e4te: 1.47 cm<br \/>\nMateri\u00e1l rukov\u00e4te: Hlin\u00edk<br \/>\nFarba: Modr\u00e1<br \/>\nHmotnos\u0165: 5,30 oz<br \/>\nU\u017e\u00edvate\u013e: Prav\u00e1 ruka<br \/>\nVreckov\u00fd klip: Tip-Up<br \/>\nTyp no\u017ea: Dvoj\u010dinn\u00e9 automatick\u00e9 OTF<br \/>\nOtv\u00e1ra\u010d: Posunutie palca<br \/>\nZna\u010dka: Microtech<br \/>\nModel: Bojov\u00fd Troodon<br \/>\nModelov\u00e9 \u010d\u00edslo: 143-2BL<br \/>\nKrajina p\u00f4vodu: USA<br \/>\nNajlep\u0161ie pou\u017eitie: Ka\u017edodenn\u00e9 nosenie, taktick\u00e9<\/p>\n<p><iframe title=\"Microtech Combat Troodon Torture Test\" width=\"800\" height=\"450\" src=\"https:\/\/www.youtube.com\/embed\/xE9TeOFYEjg?feature=oembed\" frameborder=\"0\" allow=\"accelerometer; autoplay; clipboard-write; encrypted-media; gyroscope; picture-in-picture; web-share\" allowfullscreen><\/iframe><\/p>\n<p>&nbsp;<\/p>\n<p>&nbsp;<\/p>\n","protected":false},"excerpt":{"rendered":"<p><strong>V priebehu rokov Microtech\u00ae Knives naplnil v\u00e1\u0161\u0148ou a zru\u010dnos\u0165ou v\u00fdrobu no\u017eov, a\u017e z nich vytvoril takmer umeleck\u00e9 diela, ktor\u00e9 s\u00fa vrcholom funk\u010dnosti. V\u0161etky diely s\u00fa vyroben\u00e9 v USA.<\/strong><br \/>\n<strong>Na v\u0161etky no\u017ee Microtech je do\u017eivotn\u00e1 z\u00e1ruka.<\/strong><\/p>\n<p><strong>Po\u0161tovn\u00e9 zadarmo.<\/strong><\/p>\n","protected":false},"featured_media":258082,"comment_status":"open","ping_status":"closed","template":"","meta":[],"pwb-brand":[3200],"product_brand":[],"product_cat":[3186,3197],"product_tag":[3668],"class_list":{"0":"post-258088","1":"product","2":"type-product","3":"status-publish","4":"has-post-thumbnail","6":"pwb-brand-microtech-sk","7":"product_cat-noze-sk","8":"product_cat-vystrelovacie-noze-sk","9":"product_tag-b2b-sk","11":"first","12":"instock","13":"taxable","14":"shipping-taxable","15":"purchasable","16":"product-type-simple"},"brands":[{"id":3200,"name":"Microtech","slug":"microtech-sk"}],"_links":{"self":[{"href":"https:\/\/www.moskito.cz\/sk\/wp-json\/wp\/v2\/product\/258088","targetHints":{"allow":["GET"]}}],"collection":[{"href":"https:\/\/www.moskito.cz\/sk\/wp-json\/wp\/v2\/product"}],"about":[{"href":"https:\/\/www.moskito.cz\/sk\/wp-json\/wp\/v2\/types\/product"}],"replies":[{"embeddable":true,"href":"https:\/\/www.moskito.cz\/sk\/wp-json\/wp\/v2\/comments?post=258088"}],"wp:featuredmedia":[{"embeddable":true,"href":"https:\/\/www.moskito.cz\/sk\/wp-json\/wp\/v2\/media\/258082"}],"wp:attachment":[{"href":"https:\/\/www.moskito.cz\/sk\/wp-json\/wp\/v2\/media?parent=258088"}],"wp:term":[{"taxonomy":"pwb-brand","embeddable":true,"href":"https:\/\/www.moskito.cz\/sk\/wp-json\/wp\/v2\/pwb-brand?post=258088"},{"taxonomy":"product_brand","embeddable":true,"href":"https:\/\/www.moskito.cz\/sk\/wp-json\/wp\/v2\/product_brand?post=258088"},{"taxonomy":"product_cat","embeddable":true,"href":"https:\/\/www.moskito.cz\/sk\/wp-json\/wp\/v2\/product_cat?post=258088"},{"taxonomy":"product_tag","embeddable":true,"href":"https:\/\/www.moskito.cz\/sk\/wp-json\/wp\/v2\/product_tag?post=258088"}],"curies":[{"name":"wp","href":"https:\/\/api.w.org\/{rel}","templated":true}]}}