{"id":258094,"date":"2023-10-17T11:05:32","date_gmt":"2023-10-17T10:05:32","guid":{"rendered":"https:\/\/www.moskito.cz\/?post_type=product&#038;p=258094"},"modified":"2025-06-04T11:30:29","modified_gmt":"2025-06-04T10:30:29","slug":"vystrelovaci-nuz-microtech-combat-troodon-apocalyptic-143-11ap","status":"publish","type":"product","link":"https:\/\/www.moskito.cz\/sk\/produkt\/vystrelovaci-nuz-microtech-combat-troodon-apocalyptic-143-11ap\/","title":{"rendered":"Vyst\u0159elovac\u00ed N\u016f\u017e Microtech Combat Troodon Apocalyptic 143-11AP"},"content":{"rendered":"<p>Vyst\u0159elovac\u00ed N\u016f\u017e <strong>Microtech<\/strong> Combat Troodon Apocalyptic 143-11AP<\/p>\n<p>Combat Troodon je precizn\u011b vyroben\u00fd taktick\u00fd n\u016f\u017e zep\u0159edu. Je o 25 % v\u011bt\u0161\u00ed ne\u017e na\u0161e vlajkov\u00e1 lo\u010f, Troodon. P\u0159in\u00e1\u0161\u00ed \u0161t\u00edhlou rukoje\u0165, tvarovan\u00fd tvar, radik\u00e1ln\u00ed designov\u00e9 prvky a sofistikovan\u00fd vnit\u0159n\u00ed mechanismus, kter\u00fd zlep\u0161uje provozn\u00ed funk\u010dnost a spolehlivost ve v\u011bt\u0161\u00edm m\u011b\u0159\u00edtku. Combat Troodon je navr\u017een pro \u0161irok\u00e9 spektrum u\u017eite\u010dn\u00fdch a bojov\u00fdch aplikac\u00ed na bl\u00edzko.<\/p>\n<p>Celkov\u00e1 d\u00e9lka: 23.75 cm<br \/>\nD\u00e9lka \u010depele: 9.5 cm<br \/>\nMateri\u00e1l \u010depele: 204P<br \/>\nB\u0159itov\u00e9 desti\u010dky: Ploch\u00e9<br \/>\nTyp okraje: polozubat\u00fd<br \/>\nD\u00e9lka rukojeti: 14.37 cm<br \/>\nTlou\u0161\u0165ka rukojeti: 1.37 cm<br \/>\nMateri\u00e1l rukojeti: hlin\u00edk<br \/>\nHmotnost: 5,35 oz.<br \/>\nU\u017eivatel: Prav\u00e1 ruka<br \/>\nPocket Clip: Tip-Down<br \/>\nTyp no\u017ee: Double-Action OTF Automatic<br \/>\nOtv\u00edra\u010d: Thumb Slide<br \/>\nZna\u010dka: Microtech<br \/>\nModel: Combat Troodon<br \/>\nZem\u011b p\u016fvodu: USA<br \/>\nNejlep\u0161\u00ed vyu\u017eit\u00ed: Taktick\u00e9<\/p>\n<p>&nbsp;<\/p>\n","protected":false},"excerpt":{"rendered":"<p><strong>V pr\u016fb\u011bhu let Microtech\u00ae Knives naplnil v\u00e1\u0161n\u00ed a dovednost\u00ed v\u00fdrobu no\u017e\u016f, a\u017e z nich vytvo\u0159il t\u00e9m\u011b\u0159 um\u011bleck\u00e1 d\u00edla,kter\u00e9 jsou vrcholem funk\u010dnosti.V\u0161echny d\u00edly jsou vyrobeny v USA.<\/strong><br \/>\n<strong>Na v\u0161echny no\u017ee Microtech je do\u017eivotn\u00ed z\u00e1ruka.<\/strong><\/p>\n<p><strong>Doprava zdarma.<\/strong><\/p>\n","protected":false},"featured_media":258095,"comment_status":"open","ping_status":"closed","template":"","meta":[],"pwb-brand":[431],"product_brand":[],"product_cat":[2019,17],"product_tag":[3667],"class_list":{"0":"post-258094","1":"product","2":"type-product","3":"status-publish","4":"has-post-thumbnail","6":"pwb-brand-microtech","7":"product_cat-vystrelovaci-noze","8":"product_cat-noze","9":"product_tag-b2b","11":"first","12":"outofstock","13":"taxable","14":"shipping-taxable","15":"purchasable","16":"product-type-simple"},"brands":[{"id":431,"name":"Microtech","slug":"microtech"}],"_links":{"self":[{"href":"https:\/\/www.moskito.cz\/sk\/wp-json\/wp\/v2\/product\/258094","targetHints":{"allow":["GET"]}}],"collection":[{"href":"https:\/\/www.moskito.cz\/sk\/wp-json\/wp\/v2\/product"}],"about":[{"href":"https:\/\/www.moskito.cz\/sk\/wp-json\/wp\/v2\/types\/product"}],"replies":[{"embeddable":true,"href":"https:\/\/www.moskito.cz\/sk\/wp-json\/wp\/v2\/comments?post=258094"}],"wp:featuredmedia":[{"embeddable":true,"href":"https:\/\/www.moskito.cz\/sk\/wp-json\/wp\/v2\/media\/258095"}],"wp:attachment":[{"href":"https:\/\/www.moskito.cz\/sk\/wp-json\/wp\/v2\/media?parent=258094"}],"wp:term":[{"taxonomy":"pwb-brand","embeddable":true,"href":"https:\/\/www.moskito.cz\/sk\/wp-json\/wp\/v2\/pwb-brand?post=258094"},{"taxonomy":"product_brand","embeddable":true,"href":"https:\/\/www.moskito.cz\/sk\/wp-json\/wp\/v2\/product_brand?post=258094"},{"taxonomy":"product_cat","embeddable":true,"href":"https:\/\/www.moskito.cz\/sk\/wp-json\/wp\/v2\/product_cat?post=258094"},{"taxonomy":"product_tag","embeddable":true,"href":"https:\/\/www.moskito.cz\/sk\/wp-json\/wp\/v2\/product_tag?post=258094"}],"curies":[{"name":"wp","href":"https:\/\/api.w.org\/{rel}","templated":true}]}}