{"id":258777,"date":"2023-10-26T15:38:14","date_gmt":"2023-10-26T14:38:14","guid":{"rendered":"https:\/\/www.moskito.cz\/produkt\/vystrelovaci-noz-microtech-utx-7-distressed-red-handle-apocalyptic-147-12drd\/"},"modified":"2025-05-07T10:53:49","modified_gmt":"2025-05-07T09:53:49","slug":"vystrelovaci-noz-microtech-utx-7-distressed-red-handle-apocalyptic-147-12drd","status":"publish","type":"product","link":"https:\/\/www.moskito.cz\/sk\/produkt\/vystrelovaci-noz-microtech-utx-7-distressed-red-handle-apocalyptic-147-12drd\/","title":{"rendered":"Vystre\u013eovac\u00ed N\u00f4\u017e Microtech UTX-7 Distressed Red Handle Apocalyptic 147-12DRD"},"content":{"rendered":"<p>Vystre\u013eovac\u00ed N\u00f4\u017e <strong>Microtech<\/strong> UTX-7 Distressed Red Handle Apocalyptic 147-12DRD<\/p>\n<p>H\u013ead\u00e1te najkompaktnej\u0161\u00ed predn\u00fd automatick\u00fd n\u00f4\u017e na trhu? Tak ste to na\u0161li! <strong>Microtech UTX-70<\/strong> strie\u013ea dovn\u00fatra a von automaticky pomocou posuvn\u00e9ho tla\u010didla na pravej strane no\u017ea. Super mal\u00fd (celkom menej ako 6). \u00da\u017easn\u00fd mal\u00fd n\u00f4\u017e!<\/p>\n<p>Tento model je vybaven\u00fd \u010derveno eloxovanou hlin\u00edkovou rukov\u00e4\u0165ou 6061-T6 s logom <strong>Microtech<\/strong> Claw na prednej strane. Apokalyptick\u00e1 \u010depe\u013e d\u00fdky M390 z nerezovej ocele s dvojit\u00fdm ostr\u00edm s jedn\u00fdm \u0161tandardn\u00fdm ostr\u00edm a jedn\u00fdm plne z\u00fabkovan\u00fdm ostr\u00edm. apokalyptick\u00fd hotov\u00fd hardv\u00e9r, vreckov\u00fd klip a rozb\u00edja\u010d skla. \u010cepe\u013e m\u00e1 inform\u00e1cie o modeli. Vreckov\u00fd klip m\u00e1 logo <strong>Microtech<\/strong> , s\u00e9riov\u00e9 \u010d\u00edslo a d\u00e1tum v\u00fdroby.<\/p>\n<p>Krajina p\u00f4vodu: USA<br \/>\nD\u00e1tum p\u00f4vodu: 2023<br \/>\nMateri\u00e1l rukov\u00e4te: Hlin\u00edk<br \/>\nMateri\u00e1l \u010depele: M390<br \/>\n\u0160t\u00fdl \u010depele: D\u00fdka s dvojitou hranou<br \/>\nPovrchov\u00e1 \u00faprava \u010depele: Apokalyptick\u00fd<br \/>\nTyp okraja: Plne vr\u00fabkovan\u00e9<br \/>\nModel\/Vzor: UTX-70<br \/>\nTyp no\u017ea: Dvoj\u010dinn\u00e9 automatick\u00e9 OTF<br \/>\nTyp z\u00e1mku: Vpredu<br \/>\nCelkov\u00e1 d\u013a\u017eka: 14.07 cm<br \/>\nD\u013a\u017eka \u010depele: 6.02 cm<br \/>\nHr\u00fabka \u010depele: 0,2 cm<\/p>\n<p><iframe title=\"Microtech Combat Troodon Torture Test\" width=\"800\" height=\"450\" src=\"https:\/\/www.youtube.com\/embed\/xE9TeOFYEjg?feature=oembed\" frameborder=\"0\" allow=\"accelerometer; autoplay; clipboard-write; encrypted-media; gyroscope; picture-in-picture; web-share\" allowfullscreen><\/iframe><\/p>\n<p>&nbsp;<\/p>\n","protected":false},"excerpt":{"rendered":"<p><strong>H\u013ead\u00e1te najkompaktnej\u0161\u00ed predn\u00fd automatick\u00fd n\u00f4\u017e na trhu? Tak ste to na\u0161li! Microtech UTX-70.<\/strong><\/p>\n<p><strong>Doprava zadarmo.<\/strong><\/p>\n","protected":false},"featured_media":258772,"comment_status":"open","ping_status":"closed","template":"","meta":[],"pwb-brand":[3200],"product_brand":[],"product_cat":[3186,3197],"product_tag":[3668],"class_list":{"0":"post-258777","1":"product","2":"type-product","3":"status-publish","4":"has-post-thumbnail","6":"pwb-brand-microtech-sk","7":"product_cat-noze-sk","8":"product_cat-vystrelovacie-noze-sk","9":"product_tag-b2b-sk","11":"first","12":"instock","13":"taxable","14":"shipping-taxable","15":"purchasable","16":"product-type-simple"},"brands":[{"id":3200,"name":"Microtech","slug":"microtech-sk"}],"_links":{"self":[{"href":"https:\/\/www.moskito.cz\/sk\/wp-json\/wp\/v2\/product\/258777","targetHints":{"allow":["GET"]}}],"collection":[{"href":"https:\/\/www.moskito.cz\/sk\/wp-json\/wp\/v2\/product"}],"about":[{"href":"https:\/\/www.moskito.cz\/sk\/wp-json\/wp\/v2\/types\/product"}],"replies":[{"embeddable":true,"href":"https:\/\/www.moskito.cz\/sk\/wp-json\/wp\/v2\/comments?post=258777"}],"wp:featuredmedia":[{"embeddable":true,"href":"https:\/\/www.moskito.cz\/sk\/wp-json\/wp\/v2\/media\/258772"}],"wp:attachment":[{"href":"https:\/\/www.moskito.cz\/sk\/wp-json\/wp\/v2\/media?parent=258777"}],"wp:term":[{"taxonomy":"pwb-brand","embeddable":true,"href":"https:\/\/www.moskito.cz\/sk\/wp-json\/wp\/v2\/pwb-brand?post=258777"},{"taxonomy":"product_brand","embeddable":true,"href":"https:\/\/www.moskito.cz\/sk\/wp-json\/wp\/v2\/product_brand?post=258777"},{"taxonomy":"product_cat","embeddable":true,"href":"https:\/\/www.moskito.cz\/sk\/wp-json\/wp\/v2\/product_cat?post=258777"},{"taxonomy":"product_tag","embeddable":true,"href":"https:\/\/www.moskito.cz\/sk\/wp-json\/wp\/v2\/product_tag?post=258777"}],"curies":[{"name":"wp","href":"https:\/\/api.w.org\/{rel}","templated":true}]}}