{"id":258779,"date":"2022-06-28T21:26:03","date_gmt":"2022-06-28T20:26:03","guid":{"rendered":"https:\/\/www.moskito.cz\/produkt\/zatvaraci-noz-zero-tolerancia-0350\/"},"modified":"2025-05-07T10:53:49","modified_gmt":"2025-05-07T09:53:49","slug":"zatvaraci-noz-zero-tolerancia-0350","status":"publish","type":"product","link":"https:\/\/www.moskito.cz\/sk\/produkt\/zatvaraci-noz-zero-tolerancia-0350\/","title":{"rendered":"Zatv\u00e1rac\u00ed N\u00f4\u017e Zero Tolerancia 0350"},"content":{"rendered":"<p>Jeden z na\u0161ich prv\u00fdch ZT a st\u00e1le jeden z najob\u013e\u00fabenej\u0161\u00edch. 0350 je ve\u013ek\u00e1, agres\u00edvna h\u0155stka no\u017ea. Napriek tomu je st\u00e1le dostato\u010dne kompaktn\u00fd a \u013eahk\u00fd na to, aby sa stal praktick\u00fdm a p\u00f4sobiv\u00fdm EDC. 0350 je vybaven\u00fd syst\u00e9mom asistovan\u00e9ho otv\u00e1rania ZT. Nasa\u010fte \u010depe\u013e r\u00fdchlo a \u013eahko, dokonca aj v rukaviciach, pomocou obojstrannej plutvy. Pr\u00e9miov\u00e1 \u010depe\u013e m\u00e1 povrchov\u00fa \u00fapravu Cerakote pre zv\u00fd\u0161en\u00fa odolnos\u0165 proti opotrebovaniu a odolnos\u0165 proti kor\u00f3zii.<\/p>\n<p>Vyroben\u00e9 v USA<br \/>\n\u010cepe\u013e z nerezovej ocele CPM S30V je extr\u00e9mne odoln\u00e1, odoln\u00e1 proti kor\u00f3zii a opotrebovaniu; Povrchov\u00e1 \u00faprava \u010depele Cerakote zvy\u0161uje chemick\u00fa odolnos\u0165 a r\u00e1zov\u00fa pevnos\u0165<br \/>\nTexturovan\u00e9 stupnice rukov\u00e4te G10 a obrysy rukov\u00e4te zais\u0165uj\u00fa stabiln\u00fd \u00fachop; extra \u0165a\u017ek\u00fd r\u00e1m poskytuje bezpe\u010dn\u00e9 uzamknutie \u010depele po\u010das pou\u017e\u00edvania<\/p>\n","protected":false},"excerpt":{"rendered":"<p>Budeme aj na\u010falej stava\u0165 profesion\u00e1lne no\u017ee pr\u00e9miovej kvality, na ktor\u00e9 sa na\u0161i z\u00e1kazn\u00edci m\u00f4\u017eu ka\u017ed\u00fd de\u0148 spo\u013eahn\u00fa\u0165!!<\/p>\n<p>To je Zero Tolerancia!!<\/p>\n<p>Doprava zadarmo.<\/p>\n","protected":false},"featured_media":217874,"comment_status":"open","ping_status":"closed","template":"","meta":[],"pwb-brand":[3924],"product_brand":[],"product_cat":[3186,3233],"product_tag":[],"class_list":{"0":"post-258779","1":"product","2":"type-product","3":"status-publish","4":"has-post-thumbnail","6":"pwb-brand-zero-tolerancia","7":"product_cat-noze-sk","8":"product_cat-zatvaracie-noze","10":"first","11":"outofstock","12":"taxable","13":"shipping-taxable","14":"purchasable","15":"product-type-simple"},"brands":[{"id":3924,"name":"Zero Tolerancia","slug":"zero-tolerancia"}],"_links":{"self":[{"href":"https:\/\/www.moskito.cz\/sk\/wp-json\/wp\/v2\/product\/258779","targetHints":{"allow":["GET"]}}],"collection":[{"href":"https:\/\/www.moskito.cz\/sk\/wp-json\/wp\/v2\/product"}],"about":[{"href":"https:\/\/www.moskito.cz\/sk\/wp-json\/wp\/v2\/types\/product"}],"replies":[{"embeddable":true,"href":"https:\/\/www.moskito.cz\/sk\/wp-json\/wp\/v2\/comments?post=258779"}],"wp:featuredmedia":[{"embeddable":true,"href":"https:\/\/www.moskito.cz\/sk\/wp-json\/wp\/v2\/media\/217874"}],"wp:attachment":[{"href":"https:\/\/www.moskito.cz\/sk\/wp-json\/wp\/v2\/media?parent=258779"}],"wp:term":[{"taxonomy":"pwb-brand","embeddable":true,"href":"https:\/\/www.moskito.cz\/sk\/wp-json\/wp\/v2\/pwb-brand?post=258779"},{"taxonomy":"product_brand","embeddable":true,"href":"https:\/\/www.moskito.cz\/sk\/wp-json\/wp\/v2\/product_brand?post=258779"},{"taxonomy":"product_cat","embeddable":true,"href":"https:\/\/www.moskito.cz\/sk\/wp-json\/wp\/v2\/product_cat?post=258779"},{"taxonomy":"product_tag","embeddable":true,"href":"https:\/\/www.moskito.cz\/sk\/wp-json\/wp\/v2\/product_tag?post=258779"}],"curies":[{"name":"wp","href":"https:\/\/api.w.org\/{rel}","templated":true}]}}