{"id":258804,"date":"2023-10-26T17:26:41","date_gmt":"2023-10-26T16:26:41","guid":{"rendered":"https:\/\/www.moskito.cz\/produkt\/zatvaraci-noz-kershaw-outlier-2064\/"},"modified":"2025-05-07T10:53:50","modified_gmt":"2025-05-07T09:53:50","slug":"zatvaraci-noz-kershaw-outlier-2064","status":"publish","type":"product","link":"https:\/\/www.moskito.cz\/sk\/produkt\/zatvaraci-noz-kershaw-outlier-2064\/","title":{"rendered":"Zatv\u00e1rac\u00ed N\u00f4\u017e Kershaw OUTLIER 2064"},"content":{"rendered":"<p>Zatv\u00e1rac\u00ed N\u00f4\u017e Kershaw OUTLIER 2064<\/p>\n<p>Dodajte svojmu n\u00e1kladu taktick\u00fa v\u00fdhodu karambitovej \u010depele Kershaw. Oce\u013eov\u00fd backspacer Outlier zah\u0155\u0148a dr\u00e1\u017ekovanie na prisp\u00f4sobenie r\u00f4znym \u00fachytom, s kr\u00fa\u017ekom alebo bez neho. S Outlierom mo\u017eno napr\u00edklad \u013eahko dosiahnu\u0165 obr\u00e1ten\u00fd \u00fachop. P\u00fatav\u00fd tvar \u010depele je nielen taktick\u00fd, ale je tie\u017e u\u017eito\u010dn\u00fd na rezanie krab\u00edc alebo lana. Pre ultra r\u00fdchly pr\u00edstup je mo\u017en\u00e9 plutvu alebo palcov\u00fd kol\u00edk pou\u017ei\u0165 s asistovan\u00fdm otv\u00e1rac\u00edm mechanizmom Kershaw. Tento odoln\u00fd Kershaw m\u00e1 povrchov\u00fa \u00fapravu BlackWash\u2122 na \u010depeli a oce\u013eovom kr\u00fa\u017eku. R\u00fdchly a bezpe\u010dn\u00fd, Outlier je v\u0161etko, \u010do chcete v karambite.<\/p>\n<p>\u010cepe\u013e v \u0161t\u00fdle karambitu; oce\u013eov\u00fd kr\u00fa\u017eok sa pou\u017e\u00edva na r\u00f4zne \u00fachopy<br \/>\nOce\u013e \u010depele 8Cr13MoV pon\u00faka dobr\u00fa odolnos\u0165 proti kor\u00f3zii, vysok\u00fa pevnos\u0165; Povrchov\u00e1 \u00faprava BlackWash\u2122 pom\u00e1ha skry\u0165 \u0161krabance od pou\u017e\u00edvania<br \/>\nOtv\u00e1ra sa r\u00fdchlo a \u013eahko pomocou asistovan\u00e9ho otv\u00e1rania; obsahuje vstavan\u00fa plutvu a palec<br \/>\nVreckov\u00e1 spona na hlbok\u00e9 nosenie je \u013eahko obojstrann\u00e1 na nosenie v\u013eavo\/vpravo<\/p>\n<p>Popis:<br \/>\nTyp Assisted, Folder<br \/>\n\u0160t\u00fdl Karambit<br \/>\nDesigner Kershaw Originals<br \/>\n\u0160t\u00fdl \u010depele Hawkbill<br \/>\nAsistovan\u00e1 akcia pri otv\u00e1ran\u00ed<br \/>\nOtv\u00e1ra sa plutvom, cvo\u010dkom na palec<br \/>\nZ\u00e1mok Typ Linerov\u00fd z\u00e1mok<br \/>\nVreckov\u00e1 spona Obojstrann\u00e9 hlbok\u00e9 nosenie (prav\u00e1\/\u013eav\u00e1, skl\u00e1pacia)<br \/>\nFarba rukov\u00e4te \u0161ed\u00e1<br \/>\nHardware \u010cierna oce\u013eov\u00e1 oto\u010dn\u00e1 matica, BlackWash\u2122 vreckov\u00fd klip, BlackWash\u2122 backspacer, \u010dierne oce\u013eov\u00e9 skrutky,<br \/>\nKrajina p\u00f4vodu USA: Design, Prototyp, Kontrola kvality.<br \/>\nZ\u00e1ruka Obmedzen\u00e1 do\u017eivotn\u00e1 z\u00e1ruka<\/p>\n<p>Materi\u00e1l \u010depele: 8cr13mov<br \/>\nMateri\u00e1l rukov\u00e4te: GFN<br \/>\nPoistka: Linerlock<br \/>\nD\u013a\u017eka \u010depele: 6.6 cm<br \/>\nCelkov\u00e1 d\u013a\u017eka: 17.8 cm<br \/>\nD\u013a\u017eka zlo\u017een\u00e9ho no\u017ea: 12.7 cm<br \/>\nHmotnos\u0165: 102 g<br \/>\nTyp \u010depele: Hawkbill<br \/>\nVyu\u017eitie: Taktick\u00fd, EDC &#8211; ka\u017edodenn\u00e9 nosenie<\/p>\n","protected":false},"excerpt":{"rendered":"<p>Dodajte svojmu n\u00e1kladu taktick\u00fa v\u00fdhodu karambitovej \u010depele Kershaw.<\/p>\n","protected":false},"featured_media":258794,"comment_status":"open","ping_status":"closed","template":"","meta":[],"pwb-brand":[3770],"product_brand":[],"product_cat":[3186,3233],"product_tag":[],"class_list":{"0":"post-258804","1":"product","2":"type-product","3":"status-publish","4":"has-post-thumbnail","6":"pwb-brand-kershaw-sk","7":"product_cat-noze-sk","8":"product_cat-zatvaracie-noze","10":"first","11":"outofstock","12":"taxable","13":"shipping-taxable","14":"purchasable","15":"product-type-simple"},"brands":[{"id":3770,"name":"Kershaw","slug":"kershaw-sk"}],"_links":{"self":[{"href":"https:\/\/www.moskito.cz\/sk\/wp-json\/wp\/v2\/product\/258804","targetHints":{"allow":["GET"]}}],"collection":[{"href":"https:\/\/www.moskito.cz\/sk\/wp-json\/wp\/v2\/product"}],"about":[{"href":"https:\/\/www.moskito.cz\/sk\/wp-json\/wp\/v2\/types\/product"}],"replies":[{"embeddable":true,"href":"https:\/\/www.moskito.cz\/sk\/wp-json\/wp\/v2\/comments?post=258804"}],"wp:featuredmedia":[{"embeddable":true,"href":"https:\/\/www.moskito.cz\/sk\/wp-json\/wp\/v2\/media\/258794"}],"wp:attachment":[{"href":"https:\/\/www.moskito.cz\/sk\/wp-json\/wp\/v2\/media?parent=258804"}],"wp:term":[{"taxonomy":"pwb-brand","embeddable":true,"href":"https:\/\/www.moskito.cz\/sk\/wp-json\/wp\/v2\/pwb-brand?post=258804"},{"taxonomy":"product_brand","embeddable":true,"href":"https:\/\/www.moskito.cz\/sk\/wp-json\/wp\/v2\/product_brand?post=258804"},{"taxonomy":"product_cat","embeddable":true,"href":"https:\/\/www.moskito.cz\/sk\/wp-json\/wp\/v2\/product_cat?post=258804"},{"taxonomy":"product_tag","embeddable":true,"href":"https:\/\/www.moskito.cz\/sk\/wp-json\/wp\/v2\/product_tag?post=258804"}],"curies":[{"name":"wp","href":"https:\/\/api.w.org\/{rel}","templated":true}]}}