{"id":258808,"date":"2023-10-26T16:52:05","date_gmt":"2023-10-26T15:52:05","guid":{"rendered":"https:\/\/www.moskito.cz\/produkt\/zatvaraci-noz-kershaw-strata-2076\/"},"modified":"2025-05-07T10:53:50","modified_gmt":"2025-05-07T09:53:50","slug":"zatvaraci-noz-kershaw-strata-2076","status":"publish","type":"product","link":"https:\/\/www.moskito.cz\/sk\/produkt\/zatvaraci-noz-kershaw-strata-2076\/","title":{"rendered":"Zatv\u00e1rac\u00ed N\u00f4\u017e Kershaw STRATA 2076"},"content":{"rendered":"<p>V \u0160panielsku 19. storo\u010dia boli no\u017ee Navaja upraven\u00e9 ako obrann\u00e9 bojov\u00e9 n\u00e1stroje pre ob\u010danov robotn\u00edckej triedy. Dnes mo\u017eno Strata pou\u017e\u00edva\u0165 na ka\u017edodenn\u00e9 \u00falohy. \u013dahko sa otv\u00e1ra pomocou guli\u010dkov\u00fdch lo\u017e\u00edsk KVT, zatia\u013e \u010do 4,5 palcov\u00e9 ostrie \u010depele D2 pon\u00faka ve\u013ekorys\u00e9 a dlhotrvaj\u00face rezn\u00e9 schopnosti. Stupnica prednej rukov\u00e4te G10 poskytuje extra uchopenie po\u010das pou\u017e\u00edvania. Napriek svojej ve\u013ekej ve\u013ekosti, jednopolohov\u00e1 spona na hlbok\u00fa kapsu udr\u017euje Strata diskr\u00e9tne po\u010das cestovania. Zodpovedaj\u00face meden\u00e9 eloxovan\u00e9 r\u00farkov\u00e9 di\u0161tan\u010dn\u00e9 vlo\u017eky a oto\u010dn\u00fd uz\u00e1ver dod\u00e1vaj\u00fa tomuto modern\u00e9mu po\u0148atiu \u0161panielskej klasiky extra \u0161mrnc.<\/p>\n<p>Modern\u00e1 verzia tradi\u010dn\u00fdch \u0161panielskych no\u017eov Navaja<br \/>\nN\u00e1strojov\u00e1 oce\u013e D2 s vysok\u00fdm obsahom uhl\u00edka je vysoko odoln\u00e1 proti opotrebovaniu, h\u00fa\u017eevnat\u00e1, pon\u00faka vynikaj\u00face zachovanie ostrie; Povrchov\u00e1 \u00faprava otryskan\u00e1 kor\u00e1lkami vytv\u00e1ra nereflexn\u00fd, matn\u00fd vzh\u013ead<br \/>\nText\u00fara prednej rukov\u00e4te G10 zlep\u0161uje pri\u013enavos\u0165 po\u010das pou\u017e\u00edvania; z\u00e1mok r\u00e1mu zais\u0165uje otvorenie \u010depele<br \/>\n\u013dahko sa otv\u00e1ra pomocou syst\u00e9mu guli\u010dkov\u00fdch lo\u017e\u00edsk KVT a flipperu<br \/>\nZodpovedaj\u00face meden\u00e9 eloxovan\u00e9 r\u00farkov\u00e9 rozperky a \u010diapo\u010dka; hlbok\u00e1 vreckov\u00e1 spona udr\u017euje ve\u013ek\u00fd profil diskr\u00e9tne vo vrecku<\/p>\n<p>Pou\u017e\u00edvajte ka\u017ed\u00fd de\u0148<br \/>\nTyp Zlo\u017eka, Ru\u010dn\u00e9<br \/>\n\u0160t\u00fdlov\u00fd vreckov\u00fd n\u00f4\u017e<br \/>\nDesigner Kershaw Originals<br \/>\nBod klipu v \u0161t\u00fdle \u010depele<br \/>\nBlade Edge Plain<br \/>\nOtv\u00e1ranie Ru\u010dn\u00e9 guli\u010dkov\u00e9 lo\u017eisk\u00e1 KVT<br \/>\nOtv\u00e1ra pomocou Flipper<br \/>\nTyp z\u00e1mku R\u00e1mov\u00fd z\u00e1mok<br \/>\nVreckov\u00e1 spona Extra hlbok\u00e9 nosenie v jednej polohe (prav\u00e1, sklopn\u00e1)<br \/>\nFarba rukov\u00e4te \u010cierna<br \/>\nHardware Meden\u00fd eloxovan\u00fd dekorat\u00edvny oto\u010dn\u00fd uz\u00e1ver a rozperky r\u00farok<br \/>\nKrajina p\u00f4vodu USA: Design, Prototyp, Kontrola kvality.<br \/>\nZ\u00e1ruka Obmedzen\u00e1 do\u017eivotn\u00e1 z\u00e1ruka<\/p>\n<p>D\u013a\u017eka \u010depele: 11,4 cm<br \/>\nMateri\u00e1l \u010depele D2<br \/>\nPovrchov\u00e1 \u00faprava \u010depele\/po\u0165ah Povrchov\u00e1 \u00faprava otryskan\u00e1 perli\u010dkami<br \/>\nHr\u00fabka \u010depele 0.275 cm<br \/>\nD\u013a\u017eka v zatvorenom stave: 13,7 cm<br \/>\nMateri\u00e1l rukov\u00e4te G10 vpredu, vzadu z nerezovej ocele<br \/>\nPovrchov\u00e1 \u00faprava rukov\u00e4te\/Povlak Chrb\u00e1t s otryskan\u00edm<br \/>\nHr\u00fabka rukov\u00e4te: 1.04 cm<br \/>\nCelkov\u00e1 d\u013a\u017eka: 25,1 cm<br \/>\nHmotnos\u0165 : 105 g<\/p>\n","protected":false},"excerpt":{"rendered":"<p>V \u0160panielsku 19. storo\u010dia boli no\u017ee Navaja upraven\u00e9 ako obrann\u00e9 bojov\u00e9 n\u00e1stroje pre ob\u010danov robotn\u00edckej triedy. Dnes mo\u017eno Strata pou\u017e\u00edva\u0165 na ka\u017edodenn\u00e9 \u00falohy. \u013dahko sa otv\u00e1ra pomocou guli\u010dkov\u00fdch lo\u017e\u00edsk KVT, zatia\u013e \u010do 4,5 palcov\u00e9 ostrie \u010depele D2 pon\u00faka ve\u013ekorys\u00e9 a dlhotrvaj\u00face rezn\u00e9 schopnosti. Stupnica prednej rukov\u00e4te G10 poskytuje extra uchopenie po\u010das pou\u017e\u00edvania. Napriek svojej ve\u013ekej [&hellip;]<\/p>\n","protected":false},"featured_media":258783,"comment_status":"open","ping_status":"closed","template":"","meta":[],"pwb-brand":[3770],"product_brand":[],"product_cat":[3233,3186],"product_tag":[],"class_list":{"0":"post-258808","1":"product","2":"type-product","3":"status-publish","4":"has-post-thumbnail","6":"pwb-brand-kershaw-sk","7":"product_cat-zatvaracie-noze","8":"product_cat-noze-sk","10":"first","11":"instock","12":"taxable","13":"shipping-taxable","14":"purchasable","15":"product-type-simple"},"brands":[{"id":3770,"name":"Kershaw","slug":"kershaw-sk"}],"_links":{"self":[{"href":"https:\/\/www.moskito.cz\/sk\/wp-json\/wp\/v2\/product\/258808","targetHints":{"allow":["GET"]}}],"collection":[{"href":"https:\/\/www.moskito.cz\/sk\/wp-json\/wp\/v2\/product"}],"about":[{"href":"https:\/\/www.moskito.cz\/sk\/wp-json\/wp\/v2\/types\/product"}],"replies":[{"embeddable":true,"href":"https:\/\/www.moskito.cz\/sk\/wp-json\/wp\/v2\/comments?post=258808"}],"wp:featuredmedia":[{"embeddable":true,"href":"https:\/\/www.moskito.cz\/sk\/wp-json\/wp\/v2\/media\/258783"}],"wp:attachment":[{"href":"https:\/\/www.moskito.cz\/sk\/wp-json\/wp\/v2\/media?parent=258808"}],"wp:term":[{"taxonomy":"pwb-brand","embeddable":true,"href":"https:\/\/www.moskito.cz\/sk\/wp-json\/wp\/v2\/pwb-brand?post=258808"},{"taxonomy":"product_brand","embeddable":true,"href":"https:\/\/www.moskito.cz\/sk\/wp-json\/wp\/v2\/product_brand?post=258808"},{"taxonomy":"product_cat","embeddable":true,"href":"https:\/\/www.moskito.cz\/sk\/wp-json\/wp\/v2\/product_cat?post=258808"},{"taxonomy":"product_tag","embeddable":true,"href":"https:\/\/www.moskito.cz\/sk\/wp-json\/wp\/v2\/product_tag?post=258808"}],"curies":[{"name":"wp","href":"https:\/\/api.w.org\/{rel}","templated":true}]}}