{"id":258839,"date":"2023-10-26T19:14:21","date_gmt":"2023-10-26T18:14:21","guid":{"rendered":"https:\/\/www.moskito.cz\/produkt\/zatvaraci-noz-kershaw-kapsule-1190\/"},"modified":"2025-05-07T10:53:52","modified_gmt":"2025-05-07T09:53:52","slug":"zatvaraci-noz-kershaw-kapsule-1190","status":"publish","type":"product","link":"https:\/\/www.moskito.cz\/sk\/produkt\/zatvaraci-noz-kershaw-kapsule-1190\/","title":{"rendered":"Zatv\u00e1rac\u00ed N\u00f4\u017e Kershaw KAPSULE 1190"},"content":{"rendered":"<p>Zatv\u00e1rac\u00ed N\u00f4\u017e Kershaw KAPSULE 1190<\/p>\n<p>Kapsula sa \u013eahko re\u017ee, \u013eahko sa pren\u00e1\u0161a. Tento jedine\u010dn\u00fd Kershaw navrhnut\u00fd Jensom Ans\u00f8om sa otv\u00e1ra pomocou ru\u010dn\u00e9ho posuvn\u00e9ho mechanizmu z prednej strany, ktor\u00fd zais\u0165uje \u010depe\u013e pomocou tla\u010didla. Jeho jednobrit\u00e1 \u010depe\u013e s hrotom o\u0161tepu je bezpe\u010dn\u00e1 a \u013eahko sa pou\u017e\u00edva, \u010do z nej rob\u00ed vynikaj\u00facu reza\u010dku krab\u00edc. Napriek svojej u\u017eito\u010dnosti Kapsula na prv\u00fd poh\u013ead nevyzer\u00e1 ako n\u00f4\u017e, perfektn\u00e9 neohrozuj\u00face nosenie. Posuvn\u00edk je zv\u00fdraznen\u00fd modr\u00fdm eloxovan\u00edm a nylonov\u00e1 rukov\u00e4\u0165 plnen\u00e1 sklom sa vyzna\u010duje jedine\u010dnou text\u00farou. Tento jednoduch\u00fd, ale \u00fa\u010dinn\u00fd Kershaw poskytuje u\u017eito\u010dn\u00e9 funkcie v pohodlnom, kompaktnom balen\u00ed.<\/p>\n<p>Manu\u00e1lne otv\u00e1ranie spredu s posuvn\u00fdm mechanizmom; z\u00e1mok tla\u010didla<br \/>\n\u010cepe\u013e 8Cr13MoV m\u00e1 ostr\u00fa hranu av pr\u00edpade potreby ju mo\u017eno \u013eahko prebr\u00fasi\u0165; Stonewashed povrch pom\u00e1ha skry\u0165 \u0161krabance od pou\u017e\u00edvania<br \/>\nP\u00fatav\u00fd, a napriek tomu praktick\u00fd dizajn Jens Ans\u00f8<br \/>\nJedine\u010dn\u00e1 text\u00fara na nylonov\u00e9 rukov\u00e4te plnen\u00e9 sklom; modro eloxovan\u00fd \u010dap<br \/>\nJednopolohov\u00e1, hlbok\u00e1 vreckov\u00e1 spona umo\u017e\u0148uje jemn\u00e9 a pohodln\u00e9 nosenie vo vrecku.<\/p>\n<p>D\u013a\u017eka \u010depele: 4,8 cm<br \/>\nMateri\u00e1l \u010depele 8Cr13MoV<br \/>\nPovrchov\u00e1 \u00faprava \u010depele\/po\u0165ah Povrchov\u00e1 \u00faprava Stonewash<br \/>\nHr\u00fabka \u010depele: 0.75 cm<br \/>\nD\u013a\u017eka v zatvorenom stave: 8,3 cm<br \/>\nMateri\u00e1l rukov\u00e4te Nylon plnen\u00fd sklom<br \/>\nHr\u00fabka rukov\u00e4te: 1.07 cm<br \/>\nCelkov\u00e1 d\u013a\u017eka: 12,7 cm<br \/>\nHmotnos\u0165: 57 g<\/p>\n<p>&nbsp;<\/p>\n","protected":false},"excerpt":{"rendered":"<p>Kapsula sa \u013eahko re\u017ee a \u013eahko sa pren\u00e1\u0161a.<\/p>\n","protected":false},"featured_media":258829,"comment_status":"open","ping_status":"closed","template":"","meta":[],"pwb-brand":[3770],"product_brand":[],"product_cat":[3186,3233],"product_tag":[],"class_list":{"0":"post-258839","1":"product","2":"type-product","3":"status-publish","4":"has-post-thumbnail","6":"pwb-brand-kershaw-sk","7":"product_cat-noze-sk","8":"product_cat-zatvaracie-noze","10":"first","11":"instock","12":"taxable","13":"shipping-taxable","14":"purchasable","15":"product-type-simple"},"brands":[{"id":3770,"name":"Kershaw","slug":"kershaw-sk"}],"_links":{"self":[{"href":"https:\/\/www.moskito.cz\/sk\/wp-json\/wp\/v2\/product\/258839","targetHints":{"allow":["GET"]}}],"collection":[{"href":"https:\/\/www.moskito.cz\/sk\/wp-json\/wp\/v2\/product"}],"about":[{"href":"https:\/\/www.moskito.cz\/sk\/wp-json\/wp\/v2\/types\/product"}],"replies":[{"embeddable":true,"href":"https:\/\/www.moskito.cz\/sk\/wp-json\/wp\/v2\/comments?post=258839"}],"wp:featuredmedia":[{"embeddable":true,"href":"https:\/\/www.moskito.cz\/sk\/wp-json\/wp\/v2\/media\/258829"}],"wp:attachment":[{"href":"https:\/\/www.moskito.cz\/sk\/wp-json\/wp\/v2\/media?parent=258839"}],"wp:term":[{"taxonomy":"pwb-brand","embeddable":true,"href":"https:\/\/www.moskito.cz\/sk\/wp-json\/wp\/v2\/pwb-brand?post=258839"},{"taxonomy":"product_brand","embeddable":true,"href":"https:\/\/www.moskito.cz\/sk\/wp-json\/wp\/v2\/product_brand?post=258839"},{"taxonomy":"product_cat","embeddable":true,"href":"https:\/\/www.moskito.cz\/sk\/wp-json\/wp\/v2\/product_cat?post=258839"},{"taxonomy":"product_tag","embeddable":true,"href":"https:\/\/www.moskito.cz\/sk\/wp-json\/wp\/v2\/product_tag?post=258839"}],"curies":[{"name":"wp","href":"https:\/\/api.w.org\/{rel}","templated":true}]}}