{"id":258848,"date":"2023-10-26T19:40:56","date_gmt":"2023-10-26T18:40:56","guid":{"rendered":"https:\/\/www.moskito.cz\/produkt\/zatvaraci-noz-kershaw-payout-2075\/"},"modified":"2025-05-07T10:53:52","modified_gmt":"2025-05-07T09:53:52","slug":"zatvaraci-noz-kershaw-payout-2075","status":"publish","type":"product","link":"https:\/\/www.moskito.cz\/sk\/produkt\/zatvaraci-noz-kershaw-payout-2075\/","title":{"rendered":"Zatv\u00e1rac\u00ed N\u00f4\u017e Kershaw PAYOUT 2075"},"content":{"rendered":"<p>Zatv\u00e1rac\u00ed N\u00f4\u017e Kershaw PAYOUT 2075<\/p>\n<p>Payout je v\u00e4\u010d\u0161\u00ed n\u00f4\u017e, ktor\u00fd ur\u010dite pritiahne obdivn\u00e9 poh\u013eady. Ve\u013ek\u00e1, 3,5-palcov\u00e1 \u010depe\u013e z ocele D2 sa vyzna\u010duje jedine\u010dn\u00fdm horn\u00fdm z\u00e1rezom, ktor\u00fd d\u00e1va Payout dynamick\u00fd vzh\u013ead a uvo\u013e\u0148uje \u010das\u0165 hmotnosti v\u00e4\u010d\u0161ej \u010depele. Predn\u00e1 \u010das\u0165 rukov\u00e4te z obrobenej ocele a \u010diernej G10 je doplnen\u00e1 dekorat\u00edvnym \u010dapom a hlin\u00edkov\u00fdm \u010dapom eloxovan\u00fdm me\u010fou. Zadn\u00e1 strana rukov\u00e4te odr\u00e1\u017ea oto\u010dn\u00fd kr\u00fa\u017eok s vlastnou zar\u00e1\u017ekou proti prejazdu, tie\u017e eloxovan\u00fa v medi. Posledn\u00fdm meden\u00fdm n\u00e1dychom je stojan, ktor\u00fd sl\u00fa\u017ei ako otvor pre \u0161n\u00farku.<\/p>\n<p>Vysoko kvalitn\u00fd vreckov\u00fd n\u00f4\u017e s jedine\u010dn\u00fdm vzh\u013eadom, vysok\u00fdm v\u00fdkonom<br \/>\nN\u00e1strojov\u00e1 oce\u013e D2 s vysok\u00fdm obsahom uhl\u00edka je vysoko odoln\u00e1 proti opotrebovaniu, h\u00fa\u017eevnat\u00e1, pon\u00faka vynikaj\u00face zachovanie ostria<br \/>\nMeden\u00fd eloxovan\u00fd hlin\u00edkov\u00fd oto\u010dn\u00fd kr\u00fa\u017eok, otvor pre di\u0161tan\u010dn\u00fd\/lanyard a doraz proti prejazdu poskytuj\u00fa vlastn\u00e9 dotyky<br \/>\nRukov\u00e4\u0165 Steel-and-G10 je hlboko tvarovan\u00e1, aby sa pohodlne zakrivila do dlane<br \/>\nVe\u013ek\u00e1 \u010depe\u013e sa r\u00fdchlo otv\u00e1ra Kershawov\u00fdm asistovan\u00fdm otv\u00e1ran\u00edm<br \/>\nZavinovacia vreckov\u00e1 spona pon\u00faka pohodln\u00e9 nosenie hlboko.<\/p>\n<p>\u0160PECIFIK\u00c1CIA:<br \/>\nD\u013a\u017eka \u010depele: 8,9 cm<br \/>\nMateri\u00e1l \u010depele D2<br \/>\nPovrchov\u00e1 \u00faprava \u010depele\/po\u0165ah Povrchov\u00e1 \u00faprava Stonewash<br \/>\nHr\u00fabka \u010depele 0.284 cm<br \/>\nD\u013a\u017eka v zatvorenom stave: 12,6 cm<br \/>\nMateri\u00e1l rukov\u00e4te G10 vpredu, vzadu z nerezovej ocele<br \/>\nPovrchov\u00e1 \u00faprava rukov\u00e4te\/Povlak Chrb\u00e1t s povrchovou \u00fapravou Stonewash<br \/>\nHr\u00fabka rukov\u00e4te: 10 cm<br \/>\nCelkov\u00e1 d\u013a\u017eka: 21,3 cm<br \/>\nHmotnos\u0165: 150,3 g<\/p>\n<p>&nbsp;<\/p>\n","protected":false},"excerpt":{"rendered":"<p>Vysoko kvalitn\u00fd vreckov\u00fd n\u00f4\u017e s jedine\u010dn\u00fdm vzh\u013eadom, vysok\u00fdm v\u00fdkonom.<\/p>\n","protected":false},"featured_media":258843,"comment_status":"open","ping_status":"closed","template":"","meta":[],"pwb-brand":[3770],"product_brand":[],"product_cat":[3233,3186],"product_tag":[],"class_list":{"0":"post-258848","1":"product","2":"type-product","3":"status-publish","4":"has-post-thumbnail","6":"pwb-brand-kershaw-sk","7":"product_cat-zatvaracie-noze","8":"product_cat-noze-sk","10":"first","11":"outofstock","12":"taxable","13":"shipping-taxable","14":"purchasable","15":"product-type-simple"},"brands":[{"id":3770,"name":"Kershaw","slug":"kershaw-sk"}],"_links":{"self":[{"href":"https:\/\/www.moskito.cz\/sk\/wp-json\/wp\/v2\/product\/258848","targetHints":{"allow":["GET"]}}],"collection":[{"href":"https:\/\/www.moskito.cz\/sk\/wp-json\/wp\/v2\/product"}],"about":[{"href":"https:\/\/www.moskito.cz\/sk\/wp-json\/wp\/v2\/types\/product"}],"replies":[{"embeddable":true,"href":"https:\/\/www.moskito.cz\/sk\/wp-json\/wp\/v2\/comments?post=258848"}],"wp:featuredmedia":[{"embeddable":true,"href":"https:\/\/www.moskito.cz\/sk\/wp-json\/wp\/v2\/media\/258843"}],"wp:attachment":[{"href":"https:\/\/www.moskito.cz\/sk\/wp-json\/wp\/v2\/media?parent=258848"}],"wp:term":[{"taxonomy":"pwb-brand","embeddable":true,"href":"https:\/\/www.moskito.cz\/sk\/wp-json\/wp\/v2\/pwb-brand?post=258848"},{"taxonomy":"product_brand","embeddable":true,"href":"https:\/\/www.moskito.cz\/sk\/wp-json\/wp\/v2\/product_brand?post=258848"},{"taxonomy":"product_cat","embeddable":true,"href":"https:\/\/www.moskito.cz\/sk\/wp-json\/wp\/v2\/product_cat?post=258848"},{"taxonomy":"product_tag","embeddable":true,"href":"https:\/\/www.moskito.cz\/sk\/wp-json\/wp\/v2\/product_tag?post=258848"}],"curies":[{"name":"wp","href":"https:\/\/api.w.org\/{rel}","templated":true}]}}