{"id":259053,"date":"2023-11-01T15:18:16","date_gmt":"2023-11-01T14:18:16","guid":{"rendered":"https:\/\/www.moskito.cz\/?post_type=product&#038;p=259053"},"modified":"2025-05-07T10:53:55","modified_gmt":"2025-05-07T09:53:55","slug":"vystrelovaci-nuz-akc-black-finger-5","status":"publish","type":"product","link":"https:\/\/www.moskito.cz\/sk\/produkt\/vystrelovaci-nuz-akc-black-finger-5\/","title":{"rendered":"Vyst\u0159elovac\u00ed N\u016f\u017e AKC Black Finger"},"content":{"rendered":"<p>Vyst\u0159elovac\u00ed N\u016f\u017e <strong>AKC Black Finger<\/strong><\/p>\n<p>Jedn\u00e1 se o p\u011bkn\u00fd pevn\u00fd automatick\u00fd n\u016f\u017e od <strong>AKC Italy<\/strong>. Stiskn\u011bte tla\u010d\u00edtko dop\u0159edu a \u010depel vylet\u00ed ven. Zat\u00e1hn\u011bte za spou\u0161t\u011bc\u00ed tla\u010d\u00edtko zp\u011bt a \u010depel se bezpe\u010dn\u011b zat\u00e1hne. Velmi jednoduch\u00e9! Akce je rychl\u00e1 a vyst\u0159elovac\u00ed \u010depel je lehk\u00e1 a ergonomick\u00e1. Hlin\u00edkov\u00e1 rukoje\u0165 m\u00e1 \u010dernou povrchovou stupnici s \u010dernou vlo\u017ekou. \u010cern\u00e1 \u010depel s hladk\u00fdm povrchem. \u0158\u00edk\u00e1 se tomu Black Finger. Nejv\u011bt\u0161\u00ed OTF od AKC It\u00e1lie<\/p>\n<p>Celkov\u00e1 d\u00e9lka: 22cm<br \/>\nD\u00e9lka \u010depele: 8cm<br \/>\nTlou\u0161\u0165ka \u010depele: 2,2 mm<br \/>\nHmotnost: 135 gr<br \/>\nMateri\u00e1l \u010depele: Nerezov\u00e1 ocel AISI 420<br \/>\nMateri\u00e1l rukojeti: hlin\u00edk<br \/>\nMateri\u00e1l vlo\u017eky: ABS<br \/>\nVyrobeno v It\u00e1lii<\/p>\n<p>&nbsp;<\/p>\n<p>&nbsp;<\/p>\n","protected":false},"excerpt":{"rendered":"<p><strong>Jedn\u00e1 se o p\u011bkn\u00fd pevn\u00fd automatick\u00fd n\u016f\u017e od AKC Italy.<\/strong><\/p>\n","protected":false},"featured_media":259055,"comment_status":"open","ping_status":"closed","template":"","meta":[],"pwb-brand":[3245],"product_brand":[],"product_cat":[2019,17],"product_tag":[],"class_list":{"0":"post-259053","1":"product","2":"type-product","3":"status-publish","4":"has-post-thumbnail","6":"pwb-brand-a-g-a-campolin","7":"product_cat-vystrelovaci-noze","8":"product_cat-noze","10":"first","11":"outofstock","12":"taxable","13":"shipping-taxable","14":"purchasable","15":"product-type-simple"},"brands":[{"id":3245,"name":"A.G.A. CAMPOLIN","slug":"a-g-a-campolin"}],"_links":{"self":[{"href":"https:\/\/www.moskito.cz\/sk\/wp-json\/wp\/v2\/product\/259053","targetHints":{"allow":["GET"]}}],"collection":[{"href":"https:\/\/www.moskito.cz\/sk\/wp-json\/wp\/v2\/product"}],"about":[{"href":"https:\/\/www.moskito.cz\/sk\/wp-json\/wp\/v2\/types\/product"}],"replies":[{"embeddable":true,"href":"https:\/\/www.moskito.cz\/sk\/wp-json\/wp\/v2\/comments?post=259053"}],"wp:featuredmedia":[{"embeddable":true,"href":"https:\/\/www.moskito.cz\/sk\/wp-json\/wp\/v2\/media\/259055"}],"wp:attachment":[{"href":"https:\/\/www.moskito.cz\/sk\/wp-json\/wp\/v2\/media?parent=259053"}],"wp:term":[{"taxonomy":"pwb-brand","embeddable":true,"href":"https:\/\/www.moskito.cz\/sk\/wp-json\/wp\/v2\/pwb-brand?post=259053"},{"taxonomy":"product_brand","embeddable":true,"href":"https:\/\/www.moskito.cz\/sk\/wp-json\/wp\/v2\/product_brand?post=259053"},{"taxonomy":"product_cat","embeddable":true,"href":"https:\/\/www.moskito.cz\/sk\/wp-json\/wp\/v2\/product_cat?post=259053"},{"taxonomy":"product_tag","embeddable":true,"href":"https:\/\/www.moskito.cz\/sk\/wp-json\/wp\/v2\/product_tag?post=259053"}],"curies":[{"name":"wp","href":"https:\/\/api.w.org\/{rel}","templated":true}]}}