{"id":259094,"date":"2023-11-02T21:24:08","date_gmt":"2023-11-02T20:24:08","guid":{"rendered":"https:\/\/www.moskito.cz\/produkt\/vystrelovaci-noz-kershaw-launch-4-stonewashed\/"},"modified":"2025-05-07T10:53:56","modified_gmt":"2025-05-07T09:53:56","slug":"vystrelovaci-noz-kershaw-launch-4-stonewashed","status":"publish","type":"product","link":"https:\/\/www.moskito.cz\/sk\/produkt\/vystrelovaci-noz-kershaw-launch-4-stonewashed\/","title":{"rendered":"Vystre\u013eovac\u00ed N\u00f4\u017e Kershaw Launch 4 Stonewashed"},"content":{"rendered":"<p>Vystre\u013eovac\u00ed N\u00f4\u017e Kershaw Launch 4 Stonewashed<\/p>\n<p>Pre t\u00fdch z v\u00e1s, ktor\u00ed vy\u017eaduj\u00fa men\u0161iu \u010depe\u013e je Launch 4 celkom \u0161ikovn\u00fd.<\/p>\n<p>\u010cepe\u013e je vyroben\u00e1 z vysoko v\u00fdkonnej ocele CPM-154. T\u00e1to pr\u00e1\u0161kov\u00e1 metalurgick\u00e1 oce\u013e m\u00e1 rovnomernej\u0161ie rozlo\u017eenie karbidov, tak\u017ee zaber\u00e1 a dr\u017e\u00ed vynikaj\u00face ostrie, poskytuje dobr\u00fa odolnos\u0165 proti kor\u00f3zii, odolnos\u0165 proti opotrebovaniu a h\u00fa\u017eevnatos\u0165. \u010cepe\u013e je obm\u00fdvan\u00e1 kame\u0148om, aby dobre vyzerala a skryla \u0161krabance. Aby sa zn\u00ed\u017eila hmotnos\u0165 Launch 4, Kershaw vyrobil rukov\u00e4\u0165 a integrovan\u00fa zadn\u00fa vlo\u017eku z odoln\u00e9ho hlin\u00edka, eloxovan\u00e9ho v OD zelenej.<\/p>\n<p>Launch 4 sa otv\u00e1ra pomocou tla\u010didla, zapusten\u00e9ho tak, aby bolo v rovine s plochou rukov\u00e4te. Ide o bezpe\u010dnostn\u00fd prvok, ktor\u00fd s\u0165a\u017euje n\u00e1hodn\u00e9 nasadenie no\u017eov. Pri pou\u017eit\u00ed \u013eavou rukou stla\u010dte miesto palca ukazov\u00e1kom tla\u010didlo pre uvo\u013enenie\/zaistenie \u010depele. Launch 4 m\u00e1 jednopolohov\u00fa vreckov\u00fa sponu a nesie skl\u00e1panie.<\/p>\n<p>Funkcia<br \/>\nZ\u00e1mok tla\u010didla \u2013 nach\u00e1dza sa na skladacej p\u00edle Kershaw, po\u010das pou\u017e\u00edvania uzamkne p\u00edlov\u00fd kot\u00fa\u010d v otvorenej polohe a potom sa uvo\u013en\u00ed stla\u010den\u00edm tla\u010didla.<br \/>\nVyroben\u00e9 v USA \u2013 Ke\u010f to vid\u00edte na jednom z na\u0161ich no\u017eov, znamen\u00e1 to, \u017ee n\u00f4\u017e bol vyroben\u00fd vo v\u00fdrobnom z\u00e1vode v Tualatine v Oregone sk\u00fasen\u00fdmi no\u017eiarmi Kershaw.<br \/>\nSingle Position &#8211; Vreckov\u00e1 spona je v pevnej polohe na rukov\u00e4ti no\u017ea; zvy\u010dajne je umiestnen\u00fd na nosenie v pravej ruke so \u0161pi\u010dkou dole, aj ke\u010f sa to m\u00f4\u017ee l\u00ed\u0161i\u0165.<\/p>\n<p>\u0160pecifik\u00e1cia:<br \/>\nD\u013a\u017eka \u010depele: 4,8 cm<br \/>\nD\u013a\u017eka v zatvorenom stave: 8,1 cm<br \/>\nCelkov\u00e1 d\u013a\u017eka: 13 cm<br \/>\nMateri\u00e1l \u010depele: CPM-154 Nerezov\u00e1 oce\u013e<br \/>\n\u0160t\u00fdl \u010depele: Spear Point<br \/>\nPovrchov\u00e1 \u00faprava \u010depele: Stonewash<br \/>\nMateri\u00e1l rukov\u00e4te: OD zelen\u00fd eloxovan\u00fd hlin\u00edk<br \/>\nUzamykac\u00ed mechanizmus: Tla\u010didlo<br \/>\nVreckov\u00fd klip: Vykl\u00e1pacie, prav\u00e9 nosenie<br \/>\nHmotnos\u0165: 1,8 oz. (51 g)<br \/>\nVyroben\u00e9 v USA<\/p>\n","protected":false},"excerpt":{"rendered":"<p>Pre t\u00fdch z v\u00e1s, ktor\u00ed vy\u017eaduj\u00fa men\u0161iu \u010depe\u013e je Launch 4 celkom \u0161ikovn\u00fd.<\/p>\n","protected":false},"featured_media":259083,"comment_status":"open","ping_status":"closed","template":"","meta":[],"pwb-brand":[3770],"product_brand":[],"product_cat":[3186,3197],"product_tag":[],"class_list":{"0":"post-259094","1":"product","2":"type-product","3":"status-publish","4":"has-post-thumbnail","6":"pwb-brand-kershaw-sk","7":"product_cat-noze-sk","8":"product_cat-vystrelovacie-noze-sk","10":"first","11":"outofstock","12":"taxable","13":"shipping-taxable","14":"purchasable","15":"product-type-simple"},"brands":[{"id":3770,"name":"Kershaw","slug":"kershaw-sk"}],"_links":{"self":[{"href":"https:\/\/www.moskito.cz\/sk\/wp-json\/wp\/v2\/product\/259094","targetHints":{"allow":["GET"]}}],"collection":[{"href":"https:\/\/www.moskito.cz\/sk\/wp-json\/wp\/v2\/product"}],"about":[{"href":"https:\/\/www.moskito.cz\/sk\/wp-json\/wp\/v2\/types\/product"}],"replies":[{"embeddable":true,"href":"https:\/\/www.moskito.cz\/sk\/wp-json\/wp\/v2\/comments?post=259094"}],"wp:featuredmedia":[{"embeddable":true,"href":"https:\/\/www.moskito.cz\/sk\/wp-json\/wp\/v2\/media\/259083"}],"wp:attachment":[{"href":"https:\/\/www.moskito.cz\/sk\/wp-json\/wp\/v2\/media?parent=259094"}],"wp:term":[{"taxonomy":"pwb-brand","embeddable":true,"href":"https:\/\/www.moskito.cz\/sk\/wp-json\/wp\/v2\/pwb-brand?post=259094"},{"taxonomy":"product_brand","embeddable":true,"href":"https:\/\/www.moskito.cz\/sk\/wp-json\/wp\/v2\/product_brand?post=259094"},{"taxonomy":"product_cat","embeddable":true,"href":"https:\/\/www.moskito.cz\/sk\/wp-json\/wp\/v2\/product_cat?post=259094"},{"taxonomy":"product_tag","embeddable":true,"href":"https:\/\/www.moskito.cz\/sk\/wp-json\/wp\/v2\/product_tag?post=259094"}],"curies":[{"name":"wp","href":"https:\/\/api.w.org\/{rel}","templated":true}]}}