{"id":259129,"date":"2023-11-02T22:21:42","date_gmt":"2023-11-02T21:21:42","guid":{"rendered":"https:\/\/www.moskito.cz\/produkt\/vystrelovaci-noz-kershaw-launch-11\/"},"modified":"2025-05-07T10:53:56","modified_gmt":"2025-05-07T09:53:56","slug":"vystrelovaci-noz-kershaw-launch-11","status":"publish","type":"product","link":"https:\/\/www.moskito.cz\/sk\/produkt\/vystrelovaci-noz-kershaw-launch-11\/","title":{"rendered":"Vystre\u013eovac\u00ed N\u00f4\u017e KERSHAW LAUNCH 11"},"content":{"rendered":"<p>Vystre\u013eovac\u00ed N\u00f4\u017e KERSHAW LAUNCH 11<\/p>\n<p>\u013dahk\u00fd, vzdu\u0161n\u00fd a bleskur\u00fdchly Launch 11 je predur\u010den\u00fd na to, aby bol vysoko na va\u0161om zozname prian\u00ed. Zdie\u013ea vysoko v\u00fdkonn\u00fa oce\u013e CPM-154 a hlin\u00edkov\u00fa rukov\u00e4\u0165 so zvy\u0161kom radu Launch. Ale pre Launch 11 Kershaw dal no\u017eu rovn\u00fd profil a pridal prvky, ako je bronzovo eloxovan\u00fd tit\u00e1nov\u00fd oto\u010dn\u00fd ozdobn\u00fd kr\u00fa\u017eok, atrakt\u00edvny v\u00fdrez rukov\u00e4te a integrovan\u00fd backspacer. Obojstrann\u00e1, \u0161t\u00edhla vreckov\u00e1 spona e\u0161te viac u\u013eah\u010duje EDC tohto \u013eahk\u00e9ho no\u017ea.<\/p>\n<p>Z\u00e1mok tla\u010didla \u2013 Nach\u00e1dza sa na skladacej p\u00edle Kershaw, po\u010das pou\u017e\u00edvania uzamkne \u010depe\u013e v otvorenej polohe a potom sa uvo\u013en\u00ed stla\u010den\u00edm tla\u010didla na ulo\u017eenie.<br \/>\nObojstrann\u00e9 &#8211; Predv\u0155tan\u00e9 otvory v rukov\u00e4ti umo\u017e\u0148uj\u00fa u\u017e\u00edvate\u013eovi zmeni\u0165 polohu hrotu alebo stranu, na ktorej n\u00f4\u017e nesie.<br \/>\nVyroben\u00e9 v USA \u2013 Ke\u010f to vid\u00edte na jednom z no\u017eov Kershaw, znamen\u00e1 to, \u017ee n\u00f4\u017e bol vyroben\u00fd v ich v\u00fdrobnom z\u00e1vode v Tualatine v Oregone sk\u00fasen\u00fdmi no\u017eiarmi Kershaw.<\/p>\n<p>&nbsp;<\/p>\n<p>\u0160pecifik\u00e1cia<br \/>\nD\u013a\u017eka \u010depele: 7,0 cm<br \/>\nD\u013a\u017eka v zatvorenom stave: 9,9 cm<br \/>\nCelkov\u00e1 d\u013a\u017eka: 16,6 cm<br \/>\nMateri\u00e1l \u010depele: CPM-154 Nerezov\u00e1 oce\u013e<br \/>\n\u0160t\u00fdl \u010depele: Reverse Tanto<br \/>\nPovrchov\u00e1 \u00faprava \u010depele: Stonewash<br \/>\nMateri\u00e1l rukov\u00e4te: Surov\u00fd hlin\u00edk 6061-T6<br \/>\nUzamykac\u00ed mechanizmus: Tla\u010didlo AUTO<br \/>\nVreckov\u00e1 spona: Vykl\u00e1pacie, prav\u00e9\/\u013eav\u00e9 nosenie<br \/>\nHmotnos\u0165: 2,1 oz. (60 g)<br \/>\nVyroben\u00e9 v USA<\/p>\n","protected":false},"excerpt":{"rendered":"<p>\u013dahk\u00fd, vzdu\u0161n\u00fd a bleskur\u00fdchly Launch 11 je predur\u010den\u00fd na to, aby bol vysoko na va\u0161om zozname prian\u00ed.<\/p>\n","protected":false},"featured_media":259115,"comment_status":"open","ping_status":"closed","template":"","meta":[],"pwb-brand":[3770],"product_brand":[],"product_cat":[3186,3197],"product_tag":[],"class_list":{"0":"post-259129","1":"product","2":"type-product","3":"status-publish","4":"has-post-thumbnail","6":"pwb-brand-kershaw-sk","7":"product_cat-noze-sk","8":"product_cat-vystrelovacie-noze-sk","10":"first","11":"outofstock","12":"taxable","13":"shipping-taxable","14":"purchasable","15":"product-type-simple"},"brands":[{"id":3770,"name":"Kershaw","slug":"kershaw-sk"}],"_links":{"self":[{"href":"https:\/\/www.moskito.cz\/sk\/wp-json\/wp\/v2\/product\/259129","targetHints":{"allow":["GET"]}}],"collection":[{"href":"https:\/\/www.moskito.cz\/sk\/wp-json\/wp\/v2\/product"}],"about":[{"href":"https:\/\/www.moskito.cz\/sk\/wp-json\/wp\/v2\/types\/product"}],"replies":[{"embeddable":true,"href":"https:\/\/www.moskito.cz\/sk\/wp-json\/wp\/v2\/comments?post=259129"}],"wp:featuredmedia":[{"embeddable":true,"href":"https:\/\/www.moskito.cz\/sk\/wp-json\/wp\/v2\/media\/259115"}],"wp:attachment":[{"href":"https:\/\/www.moskito.cz\/sk\/wp-json\/wp\/v2\/media?parent=259129"}],"wp:term":[{"taxonomy":"pwb-brand","embeddable":true,"href":"https:\/\/www.moskito.cz\/sk\/wp-json\/wp\/v2\/pwb-brand?post=259129"},{"taxonomy":"product_brand","embeddable":true,"href":"https:\/\/www.moskito.cz\/sk\/wp-json\/wp\/v2\/product_brand?post=259129"},{"taxonomy":"product_cat","embeddable":true,"href":"https:\/\/www.moskito.cz\/sk\/wp-json\/wp\/v2\/product_cat?post=259129"},{"taxonomy":"product_tag","embeddable":true,"href":"https:\/\/www.moskito.cz\/sk\/wp-json\/wp\/v2\/product_tag?post=259129"}],"curies":[{"name":"wp","href":"https:\/\/api.w.org\/{rel}","templated":true}]}}