{"id":259192,"date":"2023-11-04T18:59:53","date_gmt":"2023-11-04T17:59:53","guid":{"rendered":"https:\/\/www.moskito.cz\/produkt\/vystrelovaci-noz-kershaw-launch-8-stonewashed-7150raw\/"},"modified":"2025-05-07T10:53:58","modified_gmt":"2025-05-07T09:53:58","slug":"vystrelovaci-noz-kershaw-launch-8-stonewashed-7150raw","status":"publish","type":"product","link":"https:\/\/www.moskito.cz\/sk\/produkt\/vystrelovaci-noz-kershaw-launch-8-stonewashed-7150raw\/","title":{"rendered":"Vystre\u013eovac\u00ed N\u00f4\u017e Kershaw Launch 8 Stonewashed 7150RAW"},"content":{"rendered":"<p>Vystre\u013eovac\u00ed N\u00f4\u017e Kershaw Launch 8 Stonewashed 7150RAW<\/p>\n<p>Kershaw Launch 8, in\u0161pirovan\u00fd vzh\u013eadom klasick\u00fdch talianskych ihlov\u00fdch no\u017eov, modernizuje tento tradi\u010dn\u00fd design pre nov\u00fa gener\u00e1ciu nad\u0161encov.<\/p>\n<p>Launch 8 sa vyzna\u010duje elegantn\u00fdmi, symetrick\u00fdmi l\u00edniami stiletto v tla\u010didlovom no\u017ei, ktor\u00fd je \u013eahk\u00fd \u2013 iba 2,4 unca \u2013 a \u013eahko sa pren\u00e1\u0161a. \u010cepe\u013e je CPM-154 s povrchovou \u00fapravou Stonewashed. T\u00e1to pr\u00e1\u0161kov\u00e1 metalurgick\u00e1 oce\u013e m\u00e1 rovnomernej\u0161ie rozlo\u017eenie karbidov, tak\u017ee zaber\u00e1 a dr\u017e\u00ed vynikaj\u00face ostrie. Pon\u00faka tie\u017e dobr\u00fa odolnos\u0165 proti kor\u00f3zii, odolnos\u0165 proti opotrebovaniu a h\u00fa\u017eevnatos\u0165. Tenk\u00e1 \u010depe\u013e je na jednej strane nabr\u00fasen\u00e1 a m\u00e1 hlbok\u00e9 horn\u00e9 br\u00fasenie, ktor\u00e9 od\u013eah\u010d\u00ed v\u00e1hu a prid\u00e1 \u0161t\u00fdl ihlov\u00e9ho \u0161t\u00fdlu.<\/p>\n<p>Rukov\u00e4\u0165 je zo surov\u00e9ho hlin\u00edka s poh\u013eadnou vlo\u017ekou z uhl\u00edkov\u00fdch vl\u00e1kien. Na zachovanie symetrick\u00e9ho vzh\u013eadu Launch 8 je \u010dap zapusten\u00fd hlboko v rukov\u00e4ti a zakryt\u00fd vlo\u017ekou. Integrovan\u00e9 chr\u00e1ni\u010de prstov na hornej aj spodnej strane rukov\u00e4te chr\u00e1nia prsty pred nebezpe\u010denstvom. Launch 8 m\u00e1 tie\u017e obojstrann\u00fd vreckov\u00fd klip (prav\u00fd\/\u013eav\u00fd, sklopn\u00fd) pre pohodln\u00e9 pren\u00e1\u0161anie.<\/p>\n<p>Z\u00e1mok tla\u010didla \u2013 Nach\u00e1dza sa na skladacej p\u00edle Kershaw, po\u010das pou\u017e\u00edvania uzamkne \u010depe\u013e v otvorenej polohe a potom sa uvo\u013en\u00ed stla\u010den\u00edm tla\u010didla na ulo\u017eenie.<br \/>\nObojstrann\u00e9 &#8211; Predv\u0155tan\u00e9 otvory v rukov\u00e4ti umo\u017e\u0148uj\u00fa u\u017e\u00edvate\u013eovi zmeni\u0165 polohu hrotu alebo stranu, na ktorej n\u00f4\u017e nesie.<br \/>\nVyroben\u00e9 v USA \u2013 Ke\u010f to vid\u00edte na jednom z no\u017eov Kershaw, znamen\u00e1 to, \u017ee n\u00f4\u017e bol vyroben\u00fd v ich v\u00fdrobnom z\u00e1vode v Tualatine v Oregone sk\u00fasen\u00fdmi no\u017eiarmi Kershaw.<\/p>\n<p>\u0160pecifik\u00e1cia<br \/>\nD\u013a\u017eka \u010depele: 9 cm<br \/>\nD\u013a\u017eka v zatvorenom stave: 12,2 cm<br \/>\nCelkov\u00e1 d\u013a\u017eka: 21 cm<br \/>\n\u010cepe\u013e Oce\u013e: CPM-154 Nerezov\u00e1 oce\u013e<br \/>\nHr\u00fabka \u010depele: 0,3 cm<br \/>\n\u0160t\u00fdl \u010depele: Spear Point<br \/>\nPovrchov\u00e1 \u00faprava \u010depele: Povrchov\u00e1 \u00faprava Stonewashed<br \/>\nMateri\u00e1l rukov\u00e4te: 6061-T6 surov\u00fd hlin\u00edk s vlo\u017ekami z uhl\u00edkov\u00fdch vl\u00e1kien<br \/>\nUzamykac\u00ed mechanizmus: Tla\u010didlo<br \/>\nVreckov\u00fd klip: obojstrann\u00fd (prav\u00fd\/\u013eav\u00fd sklopn\u00fd)<br \/>\nHmotnos\u0165: 2,4 oz. (69 g)<br \/>\nVyroben\u00e9 v USA<\/p>\n","protected":false},"excerpt":{"rendered":"<p>Kershaw Launch 8, in\u0161pirovan\u00fd vzh\u013eadom klasick\u00fdch talianskych ihlov\u00fdch no\u017eov, modernizuje tento tradi\u010dn\u00fd design pre nov\u00fa gener\u00e1ciu nad\u0161encov.<\/p>\n<p>&nbsp;<\/p>\n","protected":false},"featured_media":259178,"comment_status":"open","ping_status":"closed","template":"","meta":[],"pwb-brand":[3770],"product_brand":[],"product_cat":[3186,3197],"product_tag":[],"class_list":{"0":"post-259192","1":"product","2":"type-product","3":"status-publish","4":"has-post-thumbnail","6":"pwb-brand-kershaw-sk","7":"product_cat-noze-sk","8":"product_cat-vystrelovacie-noze-sk","10":"first","11":"instock","12":"taxable","13":"shipping-taxable","14":"purchasable","15":"product-type-simple"},"brands":[{"id":3770,"name":"Kershaw","slug":"kershaw-sk"}],"_links":{"self":[{"href":"https:\/\/www.moskito.cz\/sk\/wp-json\/wp\/v2\/product\/259192","targetHints":{"allow":["GET"]}}],"collection":[{"href":"https:\/\/www.moskito.cz\/sk\/wp-json\/wp\/v2\/product"}],"about":[{"href":"https:\/\/www.moskito.cz\/sk\/wp-json\/wp\/v2\/types\/product"}],"replies":[{"embeddable":true,"href":"https:\/\/www.moskito.cz\/sk\/wp-json\/wp\/v2\/comments?post=259192"}],"wp:featuredmedia":[{"embeddable":true,"href":"https:\/\/www.moskito.cz\/sk\/wp-json\/wp\/v2\/media\/259178"}],"wp:attachment":[{"href":"https:\/\/www.moskito.cz\/sk\/wp-json\/wp\/v2\/media?parent=259192"}],"wp:term":[{"taxonomy":"pwb-brand","embeddable":true,"href":"https:\/\/www.moskito.cz\/sk\/wp-json\/wp\/v2\/pwb-brand?post=259192"},{"taxonomy":"product_brand","embeddable":true,"href":"https:\/\/www.moskito.cz\/sk\/wp-json\/wp\/v2\/product_brand?post=259192"},{"taxonomy":"product_cat","embeddable":true,"href":"https:\/\/www.moskito.cz\/sk\/wp-json\/wp\/v2\/product_cat?post=259192"},{"taxonomy":"product_tag","embeddable":true,"href":"https:\/\/www.moskito.cz\/sk\/wp-json\/wp\/v2\/product_tag?post=259192"}],"curies":[{"name":"wp","href":"https:\/\/api.w.org\/{rel}","templated":true}]}}