{"id":259207,"date":"2023-11-04T19:23:16","date_gmt":"2023-11-04T18:23:16","guid":{"rendered":"https:\/\/www.moskito.cz\/produkt\/vystrelovaci-noz-kershaw-launch-8-7150tealblk\/"},"modified":"2025-05-07T10:53:58","modified_gmt":"2025-05-07T09:53:58","slug":"vystrelovaci-noz-kershaw-launch-8-7150tealblk","status":"publish","type":"product","link":"https:\/\/www.moskito.cz\/sk\/produkt\/vystrelovaci-noz-kershaw-launch-8-7150tealblk\/","title":{"rendered":"Vystre\u013eovac\u00ed N\u00f4\u017e Kershaw Launch 8 7150TEALBLK"},"content":{"rendered":"<p>T\u00e1to pr\u00e1\u0161kov\u00e1 metalurgick\u00e1 oce\u013e m\u00e1 rovnomernej\u0161ie rozlo\u017eenie karbidov, tak\u017ee zaber\u00e1 a dr\u017e\u00ed vynikaj\u00face ostrie. Pon\u00faka tie\u017e dobr\u00fa odolnos\u0165 proti kor\u00f3zii, odolnos\u0165 proti opotrebovaniu a h\u00fa\u017eevnatos\u0165. Tenk\u00e1 \u010depe\u013e je na jednej strane nabr\u00fasen\u00e1 a m\u00e1 hlbok\u00e9 horn\u00e9 br\u00fasenie, ktor\u00e9 od\u013eah\u010d\u00ed v\u00e1hu a prid\u00e1 \u0161t\u00fdl ihlov\u00e9ho \u0161t\u00fdlu.<\/p>\n<p>Rukov\u00e4\u0165 je zo surov\u00e9ho hlin\u00edka s poh\u013eadnou vlo\u017ekou z uhl\u00edkov\u00fdch vl\u00e1kien. Na zachovanie symetrick\u00e9ho vzh\u013eadu Launch 8 je \u010dap zapusten\u00fd hlboko v rukov\u00e4ti a zakryt\u00fd vlo\u017ekou. Integrovan\u00e9 chr\u00e1ni\u010de prstov na hornej aj spodnej strane rukov\u00e4te chr\u00e1nia prsty pred nebezpe\u010denstvom. Launch 8 m\u00e1 tie\u017e obojstrann\u00fd vreckov\u00fd klip (prav\u00fd\/\u013eav\u00fd, sklopn\u00fd) pre pohodln\u00e9 pren\u00e1\u0161anie.<\/p>\n<p>Z\u00e1mok tla\u010didla \u2013 Nach\u00e1dza sa na skladacej p\u00edle Kershaw, po\u010das pou\u017e\u00edvania uzamkne \u010depe\u013e v otvorenej polohe a potom sa uvo\u013en\u00ed stla\u010den\u00edm tla\u010didla na ulo\u017eenie.<br \/>\nObojstrann\u00e9 \u2013 Predv\u0155tan\u00e9 otvory v rukov\u00e4ti umo\u017e\u0148uj\u00fa u\u017e\u00edvate\u013eovi zmeni\u0165 polohu hrotu alebo stranu, na ktorej n\u00f4\u017e nesie.<br \/>\nVyroben\u00e9 v USA \u2013 Ke\u010f to vid\u00edte na jednom z no\u017eov Kershaw, znamen\u00e1 to, \u017ee n\u00f4\u017e bol vyroben\u00fd v ich v\u00fdrobnom z\u00e1vode v Tualatine v Oregone sk\u00fasen\u00fdmi no\u017eiarmi Kershaw.<\/p>\n<p>Z\u00e1mok tla\u010didla \u2013 Nach\u00e1dza sa na skladacej p\u00edle Kershaw, po\u010das pou\u017e\u00edvania uzamkne \u010depe\u013e v otvorenej polohe a potom sa uvo\u013en\u00ed stla\u010den\u00edm tla\u010didla na ulo\u017eenie.<br \/>\nObojstrann\u00e9 &#8211; Predv\u0155tan\u00e9 otvory v rukov\u00e4ti umo\u017e\u0148uj\u00fa u\u017e\u00edvate\u013eovi zmeni\u0165 polohu hrotu alebo stranu, na ktorej n\u00f4\u017e nesie.<br \/>\nVyroben\u00e9 v USA \u2013 Ke\u010f to vid\u00edte na jednom z no\u017eov Kershaw, znamen\u00e1 to, \u017ee n\u00f4\u017e bol vyroben\u00fd v ich v\u00fdrobnom z\u00e1vode v Tualatine v Oregone sk\u00fasen\u00fdmi no\u017eiarmi Kershaw.<br \/>\n\u0160pecifik\u00e1cia<br \/>\nD\u013a\u017eka \u010depele: 9 cm<br \/>\nD\u013a\u017eka v zatvorenom stave: 12,2 cm<br \/>\nCelkov\u00e1 d\u013a\u017eka: 21 cm<br \/>\nOtvorenie tla\u010didlom<br \/>\nUvo\u013enenie z\u00e1mku tla\u010didlom<br \/>\nObojstrann\u00fd vreckov\u00fd klip (prav\u00fd\/\u013eav\u00fd klopn\u00fd)<br \/>\nOce\u013e: CPM-154, \u010dierna povrchov\u00e1 \u00faprava<br \/>\nRukov\u00e4\u0165: hlin\u00edk 6061-T6, \u0161edozelen\u00fd elox, vlo\u017eky z uhl\u00edkov\u00fdch vl\u00e1kien<br \/>\nHmotnos\u0165: 2,4 oz. (69 g)<br \/>\nVyroben\u00e9 v USA<\/p>\n","protected":false},"excerpt":{"rendered":"<pre id=\"tw-target-text\" class=\"tw-data-text tw-text-large tw-ta\" dir=\"ltr\" data-placeholder=\"P\u0159eklad\" data-ved=\"2ahUKEwjX9oa6jvGBAxUe_7sIHTmNBJoQ3ewLegQIBhAQ\">Kershaw Launch 8, in\u0161pirovan\u00fd vzh\u013eadom klasick\u00fdch talianskych ihlov\u00fdch no\u017eov, modernizuje tento tradi\u010dn\u00fd design pre nov\u00fa gener\u00e1ciu nad\u0161encov.<\/pre>\n","protected":false},"featured_media":259196,"comment_status":"open","ping_status":"closed","template":"","meta":[],"pwb-brand":[3770],"product_brand":[],"product_cat":[3197,3186],"product_tag":[],"class_list":{"0":"post-259207","1":"product","2":"type-product","3":"status-publish","4":"has-post-thumbnail","6":"pwb-brand-kershaw-sk","7":"product_cat-vystrelovacie-noze-sk","8":"product_cat-noze-sk","10":"first","11":"instock","12":"taxable","13":"shipping-taxable","14":"purchasable","15":"product-type-simple"},"brands":[{"id":3770,"name":"Kershaw","slug":"kershaw-sk"}],"_links":{"self":[{"href":"https:\/\/www.moskito.cz\/sk\/wp-json\/wp\/v2\/product\/259207","targetHints":{"allow":["GET"]}}],"collection":[{"href":"https:\/\/www.moskito.cz\/sk\/wp-json\/wp\/v2\/product"}],"about":[{"href":"https:\/\/www.moskito.cz\/sk\/wp-json\/wp\/v2\/types\/product"}],"replies":[{"embeddable":true,"href":"https:\/\/www.moskito.cz\/sk\/wp-json\/wp\/v2\/comments?post=259207"}],"wp:featuredmedia":[{"embeddable":true,"href":"https:\/\/www.moskito.cz\/sk\/wp-json\/wp\/v2\/media\/259196"}],"wp:attachment":[{"href":"https:\/\/www.moskito.cz\/sk\/wp-json\/wp\/v2\/media?parent=259207"}],"wp:term":[{"taxonomy":"pwb-brand","embeddable":true,"href":"https:\/\/www.moskito.cz\/sk\/wp-json\/wp\/v2\/pwb-brand?post=259207"},{"taxonomy":"product_brand","embeddable":true,"href":"https:\/\/www.moskito.cz\/sk\/wp-json\/wp\/v2\/product_brand?post=259207"},{"taxonomy":"product_cat","embeddable":true,"href":"https:\/\/www.moskito.cz\/sk\/wp-json\/wp\/v2\/product_cat?post=259207"},{"taxonomy":"product_tag","embeddable":true,"href":"https:\/\/www.moskito.cz\/sk\/wp-json\/wp\/v2\/product_tag?post=259207"}],"curies":[{"name":"wp","href":"https:\/\/api.w.org\/{rel}","templated":true}]}}