{"id":259237,"date":"2023-11-04T20:12:56","date_gmt":"2023-11-04T19:12:56","guid":{"rendered":"https:\/\/www.moskito.cz\/produkt\/vystrelovaci-noz-kershaw-launch-9-stonewashed-7250olsw\/"},"modified":"2025-05-07T10:53:59","modified_gmt":"2025-05-07T09:53:59","slug":"vystrelovaci-noz-kershaw-launch-9-stonewashed-7250olsw","status":"publish","type":"product","link":"https:\/\/www.moskito.cz\/sk\/produkt\/vystrelovaci-noz-kershaw-launch-9-stonewashed-7250olsw\/","title":{"rendered":"Vystre\u013eovac\u00ed N\u00f4\u017e Kershaw Launch 9 Stonewashed 7250OLSW"},"content":{"rendered":"<p>Vystre\u013eovac\u00ed N\u00f4\u017e Kershaw Launch 9 Stonewashed 7250OLSW<\/p>\n<p>Popularita Launch 4 spustila nieko\u013eko men\u0161\u00edch automatov od Kershaw Knives.<\/p>\n<p>Toto je Launch 9. A aj ke\u010f to m\u00f4\u017ee vyzera\u0165 ako men\u0161ia verzia najpred\u00e1vanej\u0161ieho Launch 2 od Kershaw, Launch 9 m\u00e1 svoju zvl\u00e1\u0161tnu pr\u00ed\u0165a\u017elivos\u0165. V\u010faka kompaktnej ve\u013ekosti sa \u013eahko pren\u00e1\u0161a \u2013 a hod\u00ed sa v r\u00f4znych situ\u00e1ci\u00e1ch, kedy by ste agres\u00edvnej\u0161ie vyzeraj\u00faci n\u00f4\u017e nevytiahli. Pon\u00faka rafinovan\u00fd vzh\u013ead; takmer gentlemansk\u00e1 automatika.<\/p>\n<p>Ale len \u201eskoro\u201c. \u010cepe\u013e Launch 9 je CPM-154 s hlbok\u00fdm kamenn\u00fdm povrchom. Oce\u013e CPM-154 m\u00e1 a dr\u017e\u00ed vynikaj\u00face ostrie, pon\u00faka dobr\u00fa odolnos\u0165 proti kor\u00f3zii, odolnos\u0165 proti opotrebovaniu a h\u00fa\u017eevnatos\u0165.<\/p>\n<p>Rovnako ako zvy\u0161ok s\u00e9rie Launch je rukov\u00e4\u0165 Launch 9 z eloxovan\u00e9ho hlin\u00edka. V tomto pr\u00edpade je eloxovan\u00fd do olivov\u00e9ho odtie\u0148a pre ka\u017edodenn\u00fd dobr\u00fd vzh\u013ead. Tla\u010didlo na rukov\u00e4ti n\u00f4\u017e r\u00fdchlo otvor\u00ed. Op\u00e4tovn\u00fdm stla\u010den\u00edm tla\u010didla uvo\u013en\u00edte \u010depe\u013e a zlo\u017e\u00edte ju sp\u00e4\u0165 do rukov\u00e4te.<\/p>\n<p>Launch 9 je vybaven\u00fd integrovanou backspacer s otvorom pre \u0161n\u00farku &#8211; ide\u00e1lny pre pripevnenie paracordu &#8211; a obojstrann\u00fa (\u013eav\u00e1 \/ prav\u00e1, sklopn\u00e1) vreckovou sponou.<\/p>\n<p>Z\u00e1mok tla\u010didla \u2013 Nach\u00e1dza sa na skladacej p\u00edle Kershaw, po\u010das pou\u017e\u00edvania uzamkne \u010depe\u013e v otvorenej polohe a potom sa uvo\u013en\u00ed stla\u010den\u00edm tla\u010didla na ulo\u017eenie.<br \/>\nObojstrann\u00e9 &#8211; Predv\u0155tan\u00e9 otvory v rukov\u00e4ti umo\u017e\u0148uj\u00fa u\u017e\u00edvate\u013eovi zmeni\u0165 polohu hrotu alebo stranu, na ktorej n\u00f4\u017e nesie.<br \/>\nVyroben\u00e9 v USA &#8211; Ke\u010f to vid\u00edte na jednom z no\u017eov Kershaw, znamen\u00e1 to, \u017ee n\u00f4\u017e bol vyroben\u00fd v ich v\u00fdrobnom z\u00e1vode v Tualatine v Oregone sk\u00fasen\u00fdmi no\u017eiarmi Kershaw.<\/p>\n<p>\u0160pecifik\u00e1cia<br \/>\nVyroben\u00e9 v USA<br \/>\nIntegrovan\u00fd backspacer s otvorom pre \u0161n\u00farku<br \/>\nOtvorenie tla\u010didlom<br \/>\nUvo\u013enenie z\u00e1mku tla\u010didlom<br \/>\nObojstrann\u00e1 spona na hlbok\u00fa kapsu (prav\u00e1\/\u013eav\u00e1, sklopn\u00e1)<br \/>\nOce\u013e: CPM 154, povrchov\u00e1 \u00faprava stonewash<br \/>\nRukov\u00e4\u0165: hlin\u00edk 6061-T6, olivovo eloxovan\u00fd<br \/>\nD\u013a\u017eka \u010depele: 4,6 cm<br \/>\nD\u013a\u017eka v zatvorenom stave: 8,3 cm<br \/>\nCelkov\u00e1 d\u013a\u017eka: 12,7 cm<br \/>\nHmotnos\u0165: 45 g<\/p>\n","protected":false},"excerpt":{"rendered":"<p>Popularita Launch 4 spustila nieko\u013eko men\u0161\u00edch automatov od Kershaw Knives.<\/p>\n","protected":false},"featured_media":259226,"comment_status":"open","ping_status":"closed","template":"","meta":[],"pwb-brand":[3770],"product_brand":[],"product_cat":[3186,3197],"product_tag":[],"class_list":{"0":"post-259237","1":"product","2":"type-product","3":"status-publish","4":"has-post-thumbnail","6":"pwb-brand-kershaw-sk","7":"product_cat-noze-sk","8":"product_cat-vystrelovacie-noze-sk","10":"first","11":"outofstock","12":"taxable","13":"shipping-taxable","14":"purchasable","15":"product-type-simple"},"brands":[{"id":3770,"name":"Kershaw","slug":"kershaw-sk"}],"_links":{"self":[{"href":"https:\/\/www.moskito.cz\/sk\/wp-json\/wp\/v2\/product\/259237","targetHints":{"allow":["GET"]}}],"collection":[{"href":"https:\/\/www.moskito.cz\/sk\/wp-json\/wp\/v2\/product"}],"about":[{"href":"https:\/\/www.moskito.cz\/sk\/wp-json\/wp\/v2\/types\/product"}],"replies":[{"embeddable":true,"href":"https:\/\/www.moskito.cz\/sk\/wp-json\/wp\/v2\/comments?post=259237"}],"wp:featuredmedia":[{"embeddable":true,"href":"https:\/\/www.moskito.cz\/sk\/wp-json\/wp\/v2\/media\/259226"}],"wp:attachment":[{"href":"https:\/\/www.moskito.cz\/sk\/wp-json\/wp\/v2\/media?parent=259237"}],"wp:term":[{"taxonomy":"pwb-brand","embeddable":true,"href":"https:\/\/www.moskito.cz\/sk\/wp-json\/wp\/v2\/pwb-brand?post=259237"},{"taxonomy":"product_brand","embeddable":true,"href":"https:\/\/www.moskito.cz\/sk\/wp-json\/wp\/v2\/product_brand?post=259237"},{"taxonomy":"product_cat","embeddable":true,"href":"https:\/\/www.moskito.cz\/sk\/wp-json\/wp\/v2\/product_cat?post=259237"},{"taxonomy":"product_tag","embeddable":true,"href":"https:\/\/www.moskito.cz\/sk\/wp-json\/wp\/v2\/product_tag?post=259237"}],"curies":[{"name":"wp","href":"https:\/\/api.w.org\/{rel}","templated":true}]}}