{"id":259314,"date":"2023-11-05T17:12:29","date_gmt":"2023-11-05T16:12:29","guid":{"rendered":"https:\/\/www.moskito.cz\/produkt\/zatvaraci-noz-kershaw-moonsault-balisong-butterfly-5050\/"},"modified":"2025-05-07T10:54:01","modified_gmt":"2025-05-07T09:54:01","slug":"zatvaraci-noz-kershaw-moonsault-balisong-butterfly-5050","status":"publish","type":"product","link":"https:\/\/www.moskito.cz\/sk\/produkt\/zatvaraci-noz-kershaw-moonsault-balisong-butterfly-5050\/","title":{"rendered":"Zatv\u00e1rac\u00ed N\u00f4\u017e Kershaw Moonsault Balisong Butterfly 5050"},"content":{"rendered":"<p>Zatv\u00e1rac\u00ed N\u00f4\u017e Kershaw Moonsault Balisong Butterfly 5050<\/p>\n<p>Ako oslniv\u00fd luchador lieta Moonsault z horn\u00e9ho lana s gr\u00e1ciou a \u0161t\u00fdlom. Moonsault, navrhnut\u00fd ako sestersk\u00fd produkt ob\u013e\u00faben\u00e9ho produktu Lucha, prin\u00e1\u0161a svie\u017ei vzh\u013ead v\u010faka pohodliu a \u0161t\u00fdlu zakriven\u00fdch rukov\u00e4t\u00ed a asymetrick\u00fdch vzorov otvorov, ktor\u00e9 prech\u00e1dzaj\u00fa zo strany na stranu. Je to v\u0161ak viac ne\u017e len pekn\u00e1 tv\u00e1ri\u010dka; rovnako ako jeho star\u0161\u00ed brat je Moonsault vyv\u00e1\u017een\u00fd a pohodln\u00fd na prekl\u00e1panie. N\u00f4\u017e sa vyzna\u010duje pevnou oce\u013eovou kon\u0161trukciou rukov\u00e4te, hladk\u00fdm pocitom podlo\u017eiek lo\u017e\u00edsk a rovnako skvelou kvalitou Kershaw, ktor\u00fa ste si ob\u013e\u00fabili u Lucha. \u010cepe\u013e s hrotom kopije obsahuje prepichovac\u00ed hrot a ploch\u00e9 br\u00fasenie v plnej \u0161\u00edrke pre vyv\u00e1\u017eenie pri prekl\u00e1pan\u00ed a vynikaj\u00faci rezn\u00fd v\u00fdkon. A \u201epracovn\u00fd povrch\u201c na \u010depeli a rukov\u00e4ti skryje e\u0161te viac \u0161krabancov ako kamene, \u010do pom\u00e1ha Moonsault vyzera\u0165 \u010do najlep\u0161ie. \u010ci u\u017e obraciate alebo re\u017eete, ozna\u010dte Moonsault ako svoj \u010fal\u0161\u00ed mot\u00fdl\u00ed n\u00f4\u017e.<\/p>\n<p>Mot\u00fdl\u00ed n\u00f4\u017e vyroben\u00fd v USA, symetricky zakriven\u00e9 rukov\u00e4te<br \/>\n\u010cepe\u013e z nerezovej ocele 14C28N; zv\u00fd\u0161en\u00fd obsah dus\u00edka v zlo\u017een\u00ed poskytuje vynikaj\u00facu odolnos\u0165 proti kor\u00f3zii a prekalite\u013enos\u0165; \u010depe\u013e s hrotom kopije s \u201epracovnou \u00fapravou\u201c, ktor\u00e1 skr\u00fdva \u0161krabance<br \/>\nDvojit\u00e9 \u010dapy s guli\u010dkov\u00fdmi lo\u017eiskami KVT pre mimoriadne hladk\u00e9 prekl\u00e1panie<br \/>\nVyv\u00e1\u017een\u00e1 ve\u013ekos\u0165, hmotnos\u0165 a dizajn na prekl\u00e1panie<\/p>\n<p>\u0160pecifik\u00e1cia<br \/>\nD\u013a\u017eka \u010depele: 11,7 cm<br \/>\nD\u013a\u017eka v zatvorenom stave: 15,0 cm<br \/>\nCelkov\u00e1 d\u013a\u017eka: 126,0 cm<br \/>\nMateri\u00e1l \u010depele: Sandvik 14C28N Nerezov\u00e1 oce\u013e<br \/>\n\u0160t\u00fdl \u010depele: Spear Point<br \/>\nPovrchov\u00e1 \u00faprava \u010depele: funk\u010dn\u00e1<br \/>\nMateri\u00e1l rukov\u00e4te: Nerezov\u00e1 oce\u013e<br \/>\nUzamykac\u00ed mechanizmus: Z\u00e1padka<br \/>\nZostava \u010dapu: Dvojit\u00e9 lo\u017eisk\u00e1 KVT<br \/>\nVreckov\u00fd klip: \u017diadny<br \/>\nHmotnos\u0165: 173 g<br \/>\nVyroben\u00e9 v USA<\/p>\n","protected":false},"excerpt":{"rendered":"<p>Moonsault, navrhnut\u00fd ako sestersk\u00fd produkt ob\u013e\u00faben\u00e9ho produktu Lucha, prin\u00e1\u0161a svie\u017ei vzh\u013ead v\u010faka pohodliu a \u0161t\u00fdlu zakriven\u00fdch rukov\u00e4t\u00ed a asymetrick\u00fdch vzorov otvorov, ktor\u00e9 prech\u00e1dzaj\u00fa zo strany na stranu.<\/p>\n<p>Doprava zadarmo.<\/p>\n","protected":false},"featured_media":259297,"comment_status":"open","ping_status":"closed","template":"","meta":[],"pwb-brand":[3770],"product_brand":[],"product_cat":[3546,3186],"product_tag":[],"class_list":{"0":"post-259314","1":"product","2":"type-product","3":"status-publish","4":"has-post-thumbnail","6":"pwb-brand-kershaw-sk","7":"product_cat-motyliky","8":"product_cat-noze-sk","10":"first","11":"outofstock","12":"taxable","13":"shipping-taxable","14":"purchasable","15":"product-type-simple"},"brands":[{"id":3770,"name":"Kershaw","slug":"kershaw-sk"}],"_links":{"self":[{"href":"https:\/\/www.moskito.cz\/sk\/wp-json\/wp\/v2\/product\/259314","targetHints":{"allow":["GET"]}}],"collection":[{"href":"https:\/\/www.moskito.cz\/sk\/wp-json\/wp\/v2\/product"}],"about":[{"href":"https:\/\/www.moskito.cz\/sk\/wp-json\/wp\/v2\/types\/product"}],"replies":[{"embeddable":true,"href":"https:\/\/www.moskito.cz\/sk\/wp-json\/wp\/v2\/comments?post=259314"}],"wp:featuredmedia":[{"embeddable":true,"href":"https:\/\/www.moskito.cz\/sk\/wp-json\/wp\/v2\/media\/259297"}],"wp:attachment":[{"href":"https:\/\/www.moskito.cz\/sk\/wp-json\/wp\/v2\/media?parent=259314"}],"wp:term":[{"taxonomy":"pwb-brand","embeddable":true,"href":"https:\/\/www.moskito.cz\/sk\/wp-json\/wp\/v2\/pwb-brand?post=259314"},{"taxonomy":"product_brand","embeddable":true,"href":"https:\/\/www.moskito.cz\/sk\/wp-json\/wp\/v2\/product_brand?post=259314"},{"taxonomy":"product_cat","embeddable":true,"href":"https:\/\/www.moskito.cz\/sk\/wp-json\/wp\/v2\/product_cat?post=259314"},{"taxonomy":"product_tag","embeddable":true,"href":"https:\/\/www.moskito.cz\/sk\/wp-json\/wp\/v2\/product_tag?post=259314"}],"curies":[{"name":"wp","href":"https:\/\/api.w.org\/{rel}","templated":true}]}}