{"id":259501,"date":"2023-11-09T19:35:43","date_gmt":"2023-11-09T18:35:43","guid":{"rendered":"https:\/\/www.moskito.cz\/produkt\/vystrelovaci-noz-kershaw-launch-6-7800gryblk\/"},"modified":"2025-05-07T10:54:04","modified_gmt":"2025-05-07T09:54:04","slug":"vystrelovaci-noz-kershaw-launch-6-7800gryblk","status":"publish","type":"product","link":"https:\/\/www.moskito.cz\/sk\/produkt\/vystrelovaci-noz-kershaw-launch-6-7800gryblk\/","title":{"rendered":"Vystre\u013eovac\u00ed N\u00f4\u017e Kershaw Launch 6 7800GRYBLK"},"content":{"rendered":"<p>Vystre\u013eovac\u00ed N\u00f4\u017e Kershaw Launch 6 7800GRYBLK<\/p>\n<p>Z\u00edskajte temn\u00fd taktick\u00fd vzh\u013ead s automatick\u00fdm no\u017eom Launch 6 od Kershaw.<\/p>\n<p>Tento tenk\u00fd \u2013 a v\u017edy tak trochu zlomyse\u013ene vyzeraj\u00faci \u2013 n\u00f4\u017e je vyroben\u00fd z prvotriednej ocele CPM-154. T\u00e1to pr\u00e1\u0161kov\u00e1 metalurgick\u00e1 oce\u013e pon\u00faka rovnomernej\u0161ie rozlo\u017eenie karbidov, tak\u017ee zaber\u00e1 a dr\u017e\u00ed vynikaj\u00face ostrie. Poskytuje tie\u017e dobr\u00fa odolnos\u0165 proti kor\u00f3zii, odolnos\u0165 proti opotrebovaniu a h\u00fa\u017eevnatos\u0165. \u010cierna DLC vrstva dod\u00e1va nereflexn\u00e9 vlastnosti a zvy\u0161uje v\u00fdkon.<\/p>\n<p>Odoln\u00e9 rukov\u00e4te z eloxovan\u00e9ho hlin\u00edka zni\u017euj\u00fa hmotnos\u0165 Launch 6 a Kershaw ich opracov\u00e1va tak, aby poskytovali bezpe\u010dn\u00e9 uchopenie. Tento automatick\u00fd n\u00f4\u017e sa otv\u00e1ra zapusten\u00fdm tla\u010didlom. Kershaw zarovnal tla\u010didlo s plochou rukov\u00e4te ako bezpe\u010dnostn\u00fd prvok, ktor\u00fd s\u0165a\u017euje n\u00e1hodn\u00e9 nasadenie no\u017eov. \u013dav\u00e1ci m\u00f4\u017eu namiesto palca stla\u010di\u0165 tla\u010didlo na uvo\u013enenie\/uzamykanie \u010depele pomocou ukazov\u00e1ka. Launch 6 m\u00e1 tie\u017e obojstrann\u00fd vreckov\u00fd klip a predv\u0155tan\u00fd otvor na uchytenie \u0161n\u00farky.<\/p>\n<p>Vyroben\u00e9 v USA \u2013 Ke\u010f to vid\u00edte na jednom z no\u017eov Kershaw, znamen\u00e1 to, \u017ee n\u00f4\u017e bol vyroben\u00fd vo v\u00fdrobnom z\u00e1vode Kershaw&#8217;s Tualatin v Oregone sk\u00fasen\u00fdmi no\u017eiarmi Kershaw.<br \/>\nObojstrann\u00e9 &#8211; Predv\u0155tan\u00e9 otvory v rukov\u00e4ti umo\u017e\u0148uj\u00fa u\u017e\u00edvate\u013eovi zmeni\u0165 polohu hrotu alebo stranu, na ktorej n\u00f4\u017e nesie.<br \/>\n\u0160pecifik\u00e1cia<br \/>\nD\u013a\u017eka \u010depele: 9 cm<br \/>\nD\u013a\u017eka v zatvorenom stave: 12,4 cm<br \/>\nCelkov\u00e1 d\u013a\u017eka: 22 cm<br \/>\nMateri\u00e1l \u010depele: CPM-154 Nerezov\u00e1 oce\u013e<br \/>\n\u0160t\u00fdl \u010depele: Drop Point<br \/>\nPovrchov\u00e1 \u00faprava \u010depele: Black DLC<br \/>\nMateri\u00e1l rukov\u00e4te: \u0161ed\u00fd eloxovan\u00fd hlin\u00edk<br \/>\nUzamykac\u00ed mechanizmus: Tla\u010didlo<br \/>\nVreckov\u00e1 spona: Vykl\u00e1pacie, prav\u00e9\/\u013eav\u00e9 nosenie<br \/>\nHmotnos\u0165: 107,7 g<br \/>\nVyroben\u00e9 v USA<\/p>\n","protected":false},"excerpt":{"rendered":"<p>Z\u00edskajte temn\u00fd taktick\u00fd vzh\u013ead s automatick\u00fdm no\u017eom Launch 6 od Kershaw.<\/p>\n<p>&nbsp;<\/p>\n","protected":false},"featured_media":259490,"comment_status":"open","ping_status":"closed","template":"","meta":[],"pwb-brand":[3770],"product_brand":[],"product_cat":[3186,3197],"product_tag":[],"class_list":{"0":"post-259501","1":"product","2":"type-product","3":"status-publish","4":"has-post-thumbnail","6":"pwb-brand-kershaw-sk","7":"product_cat-noze-sk","8":"product_cat-vystrelovacie-noze-sk","10":"first","11":"outofstock","12":"taxable","13":"shipping-taxable","14":"purchasable","15":"product-type-simple"},"brands":[{"id":3770,"name":"Kershaw","slug":"kershaw-sk"}],"_links":{"self":[{"href":"https:\/\/www.moskito.cz\/sk\/wp-json\/wp\/v2\/product\/259501","targetHints":{"allow":["GET"]}}],"collection":[{"href":"https:\/\/www.moskito.cz\/sk\/wp-json\/wp\/v2\/product"}],"about":[{"href":"https:\/\/www.moskito.cz\/sk\/wp-json\/wp\/v2\/types\/product"}],"replies":[{"embeddable":true,"href":"https:\/\/www.moskito.cz\/sk\/wp-json\/wp\/v2\/comments?post=259501"}],"wp:featuredmedia":[{"embeddable":true,"href":"https:\/\/www.moskito.cz\/sk\/wp-json\/wp\/v2\/media\/259490"}],"wp:attachment":[{"href":"https:\/\/www.moskito.cz\/sk\/wp-json\/wp\/v2\/media?parent=259501"}],"wp:term":[{"taxonomy":"pwb-brand","embeddable":true,"href":"https:\/\/www.moskito.cz\/sk\/wp-json\/wp\/v2\/pwb-brand?post=259501"},{"taxonomy":"product_brand","embeddable":true,"href":"https:\/\/www.moskito.cz\/sk\/wp-json\/wp\/v2\/product_brand?post=259501"},{"taxonomy":"product_cat","embeddable":true,"href":"https:\/\/www.moskito.cz\/sk\/wp-json\/wp\/v2\/product_cat?post=259501"},{"taxonomy":"product_tag","embeddable":true,"href":"https:\/\/www.moskito.cz\/sk\/wp-json\/wp\/v2\/product_tag?post=259501"}],"curies":[{"name":"wp","href":"https:\/\/api.w.org\/{rel}","templated":true}]}}