{"id":259516,"date":"2023-11-09T20:24:59","date_gmt":"2023-11-09T19:24:59","guid":{"rendered":"https:\/\/www.moskito.cz\/produkt\/vystrelovaci-noz-kershaw-launch-7-7900blublk\/"},"modified":"2025-05-07T10:54:04","modified_gmt":"2025-05-07T09:54:04","slug":"vystrelovaci-noz-kershaw-launch-7-7900blublk","status":"publish","type":"product","link":"https:\/\/www.moskito.cz\/sk\/produkt\/vystrelovaci-noz-kershaw-launch-7-7900blublk\/","title":{"rendered":"Vystre\u013eovac\u00ed N\u00f4\u017e Kershaw Launch 7 7900BLUBLK"},"content":{"rendered":"<p>Vystre\u013eovac\u00ed N\u00f4\u017e Kershaw Launch 7 7900BLUBLK<\/p>\n<p>V\u010faka svojej opracovanej rukov\u00e4ti a integrovan\u00e9mu backspaceru m\u00e1 Launch 7, navrhnut\u00fd Timom Galyeanom, industri\u00e1lny vzh\u013ead.<\/p>\n<p>S dlhou 9,5 cm \u010depe\u013eou CPM-154 pon\u00faka Launch 7 dlh\u00fd, \u0161t\u00edhly profil. Oce\u013e je pr\u00e1\u0161kovou metalurgickou verziou ob\u013e\u00fabenej no\u017eiarskej ocele 154CM. T\u00e1to verzia pon\u00faka zlep\u0161en\u00fa h\u00fa\u017eevnatos\u0165, br\u00fasite\u013enos\u0165 a le\u0161tite\u013enos\u0165, rovnako ako poskytuje vynikaj\u00facu odolnos\u0165 proti kor\u00f3zii a zachovaniu hr\u00e1n. Rukov\u00e4\u0165 je vysoko tvarovan\u00e1 na up\u00fatanie pozornosti. Obroben\u00e9 obrysy na hornej aj spodnej strane rukov\u00e4te dod\u00e1vaj\u00fa Launch 7 jej modern\u00fa, priemyseln\u00fa estetiku a z\u00e1rove\u0148 zais\u0165uj\u00fa pevn\u00e9 uchopenie. Backspacer je plne integrovan\u00fd do rukov\u00e4te, \u010do prispieva k pevn\u00e9mu pocitu a skvel\u00e9mu vzh\u013eadu Launch 7. Rukov\u00e4\u0165 je vyroben\u00e1 z hlin\u00edka pre ni\u017e\u0161iu hmotnos\u0165 a je eloxovan\u00e1 v modrej farbe, v\u010faka \u010domu sa odli\u0161uje od zvy\u0161ku automatick\u00e9ho radu Kershaw.<\/p>\n<p>Launch 7 sa otvor\u00ed stla\u010den\u00edm tla\u010didla a \u010depe\u013e zapadne na miesto, pripraven\u00e1 na pou\u017eitie. Ak chcete z\u00e1mok uvo\u013eni\u0165, znovu stla\u010dte tla\u010didlo a sklopte \u010depe\u013e sp\u00e4\u0165 do rukov\u00e4te. Vreckov\u00e1 spona je obojstrann\u00e1 v\u013eavo\/vpravo pre pohodln\u00e9 nosenie vo vrecku.<\/p>\n<p>\u0160pecifik\u00e1cia<br \/>\nD\u013a\u017eka \u010depele: 9,5 cm<br \/>\nD\u013a\u017eka v zatvorenom stave: 12,5 cm<br \/>\nCelkov\u00e1 d\u013a\u017eka: 22 cm<br \/>\nMateri\u00e1l \u010depele: CPM154 Nerezov\u00e1 oce\u013e<br \/>\n\u0160t\u00fdl \u010depele: Clip Point<br \/>\nPovrchov\u00e1 \u00faprava \u010depele: Black DLC<br \/>\nMateri\u00e1l rukov\u00e4te: Modr\u00fd eloxovan\u00fd hlin\u00edk<br \/>\nUzamykac\u00ed mechanizmus: Tla\u010didlo<br \/>\nVreckov\u00e1 spona: Vykl\u00e1pacie, prav\u00e9\/\u013eav\u00e9 nosenie<br \/>\nHmotnos\u0165: 91 g<br \/>\nDizajn\u00e9r: Tim Galyean<br \/>\nVyroben\u00e9 v USA<\/p>\n","protected":false},"excerpt":{"rendered":"<p>V\u010faka svojej opracovanej rukov\u00e4ti a integrovan\u00e9mu backspaceru m\u00e1 Launch 7, navrhnut\u00fd Timom Galyeanom, industri\u00e1lny vzh\u013ead.<\/p>\n","protected":false},"featured_media":259505,"comment_status":"open","ping_status":"closed","template":"","meta":[],"pwb-brand":[3770],"product_brand":[],"product_cat":[3186,3197],"product_tag":[],"class_list":{"0":"post-259516","1":"product","2":"type-product","3":"status-publish","4":"has-post-thumbnail","6":"pwb-brand-kershaw-sk","7":"product_cat-noze-sk","8":"product_cat-vystrelovacie-noze-sk","10":"first","11":"outofstock","12":"taxable","13":"shipping-taxable","14":"purchasable","15":"product-type-simple"},"brands":[{"id":3770,"name":"Kershaw","slug":"kershaw-sk"}],"_links":{"self":[{"href":"https:\/\/www.moskito.cz\/sk\/wp-json\/wp\/v2\/product\/259516","targetHints":{"allow":["GET"]}}],"collection":[{"href":"https:\/\/www.moskito.cz\/sk\/wp-json\/wp\/v2\/product"}],"about":[{"href":"https:\/\/www.moskito.cz\/sk\/wp-json\/wp\/v2\/types\/product"}],"replies":[{"embeddable":true,"href":"https:\/\/www.moskito.cz\/sk\/wp-json\/wp\/v2\/comments?post=259516"}],"wp:featuredmedia":[{"embeddable":true,"href":"https:\/\/www.moskito.cz\/sk\/wp-json\/wp\/v2\/media\/259505"}],"wp:attachment":[{"href":"https:\/\/www.moskito.cz\/sk\/wp-json\/wp\/v2\/media?parent=259516"}],"wp:term":[{"taxonomy":"pwb-brand","embeddable":true,"href":"https:\/\/www.moskito.cz\/sk\/wp-json\/wp\/v2\/pwb-brand?post=259516"},{"taxonomy":"product_brand","embeddable":true,"href":"https:\/\/www.moskito.cz\/sk\/wp-json\/wp\/v2\/product_brand?post=259516"},{"taxonomy":"product_cat","embeddable":true,"href":"https:\/\/www.moskito.cz\/sk\/wp-json\/wp\/v2\/product_cat?post=259516"},{"taxonomy":"product_tag","embeddable":true,"href":"https:\/\/www.moskito.cz\/sk\/wp-json\/wp\/v2\/product_tag?post=259516"}],"curies":[{"name":"wp","href":"https:\/\/api.w.org\/{rel}","templated":true}]}}