{"id":260004,"date":"2023-11-17T19:29:44","date_gmt":"2023-11-17T18:29:44","guid":{"rendered":"https:\/\/www.moskito.cz\/produkt\/vystrelovaci-noz-microtech-dirac-delta-dark-tungesten-227-3cdt\/"},"modified":"2025-05-07T10:54:12","modified_gmt":"2025-05-07T09:54:12","slug":"vystrelovaci-noz-microtech-dirac-delta-dark-tungesten-227-3cdt","status":"publish","type":"product","link":"https:\/\/www.moskito.cz\/sk\/produkt\/vystrelovaci-noz-microtech-dirac-delta-dark-tungesten-227-3cdt\/","title":{"rendered":"Vystre\u013eovac\u00ed N\u00f4\u017e Microtech Dirac Delta Dark Tungesten 227-3CDT"},"content":{"rendered":"<p>Vystre\u013eovac\u00ed N\u00f4\u017e Microtech Dirac Delta Dark Tungesten 227-3CDT<\/p>\n<p>Dirac Delta je v\u00e4\u010d\u0161ia verzia Diracu od Microtechu. Navrhnut\u00e9 s ergonomick\u00fdm podvozkom a zakriven\u00fdmi l\u00edniami podobn\u00fdmi HALO. Dirac Delta m\u00e1 in\u00fd pocit ako ich ostatn\u00e9 rukov\u00e4te. Po presk\u00faman\u00ed tohto konkr\u00e9tneho dizajnu OTF Microtech aplikoval svoje charakteristick\u00e9 vlastnosti s ultra vysokou toleranciou, ako je propriet\u00e1rny hardv\u00e9r, inovat\u00edvny vn\u00fatorn\u00fd mechanizmus a rozb\u00edja\u010d skla.<\/p>\n<p>Celkov\u00e1 d\u013a\u017eka: 23.9 cm<br \/>\nD\u013a\u017eka v zatvorenom stave: 14.2 cm<br \/>\nD\u013a\u017eka \u010depele: 9.6 cm<br \/>\nPovrchov\u00e1 \u00faprava \u010depele: Tmav\u00fd tungesten<br \/>\n\u0160t\u00fdl okraja: Plne vr\u00fabkovan\u00fd<br \/>\nMateri\u00e1l rukov\u00e4te: Dark Tungesten Cerakote Aluminium<br \/>\nHr\u00fabka rukov\u00e4te: 1.1 cm<br \/>\nVreckov\u00fd klip: Tip-Down<br \/>\nHmotnos\u0165: 130,41 g<br \/>\nV\u00fdrobca Ref. #: 227-3CDT<br \/>\nKrajina p\u00f4vodu: USA<\/p>\n","protected":false},"excerpt":{"rendered":"<p>V priebehu rokov Microtech\u00ae Knives naplnil v\u00e1\u0161\u0148ou a zru\u010dnos\u0165ou v\u00fdrobu no\u017eov, a\u017e z nich vytvoril takmer umeleck\u00e9 diela, ktor\u00e9 s\u00fa vrcholom funk\u010dnosti. V\u0161etky diely s\u00fa vyroben\u00e9 v USA.<br \/>\nNa v\u0161etky no\u017ee Microtech je do\u017eivotn\u00e1 z\u00e1ruka (min. 80 000 cyklov, otvorenie a zatvorenie)<\/p>\n","protected":false},"featured_media":259993,"comment_status":"open","ping_status":"closed","template":"","meta":[],"pwb-brand":[3200],"product_brand":[],"product_cat":[3186,3197],"product_tag":[3668],"class_list":{"0":"post-260004","1":"product","2":"type-product","3":"status-publish","4":"has-post-thumbnail","6":"pwb-brand-microtech-sk","7":"product_cat-noze-sk","8":"product_cat-vystrelovacie-noze-sk","9":"product_tag-b2b-sk","11":"first","12":"outofstock","13":"taxable","14":"shipping-taxable","15":"purchasable","16":"product-type-simple"},"brands":[{"id":3200,"name":"Microtech","slug":"microtech-sk"}],"_links":{"self":[{"href":"https:\/\/www.moskito.cz\/sk\/wp-json\/wp\/v2\/product\/260004","targetHints":{"allow":["GET"]}}],"collection":[{"href":"https:\/\/www.moskito.cz\/sk\/wp-json\/wp\/v2\/product"}],"about":[{"href":"https:\/\/www.moskito.cz\/sk\/wp-json\/wp\/v2\/types\/product"}],"replies":[{"embeddable":true,"href":"https:\/\/www.moskito.cz\/sk\/wp-json\/wp\/v2\/comments?post=260004"}],"wp:featuredmedia":[{"embeddable":true,"href":"https:\/\/www.moskito.cz\/sk\/wp-json\/wp\/v2\/media\/259993"}],"wp:attachment":[{"href":"https:\/\/www.moskito.cz\/sk\/wp-json\/wp\/v2\/media?parent=260004"}],"wp:term":[{"taxonomy":"pwb-brand","embeddable":true,"href":"https:\/\/www.moskito.cz\/sk\/wp-json\/wp\/v2\/pwb-brand?post=260004"},{"taxonomy":"product_brand","embeddable":true,"href":"https:\/\/www.moskito.cz\/sk\/wp-json\/wp\/v2\/product_brand?post=260004"},{"taxonomy":"product_cat","embeddable":true,"href":"https:\/\/www.moskito.cz\/sk\/wp-json\/wp\/v2\/product_cat?post=260004"},{"taxonomy":"product_tag","embeddable":true,"href":"https:\/\/www.moskito.cz\/sk\/wp-json\/wp\/v2\/product_tag?post=260004"}],"curies":[{"name":"wp","href":"https:\/\/api.w.org\/{rel}","templated":true}]}}