{"id":260036,"date":"2023-11-18T10:04:02","date_gmt":"2023-11-18T09:04:02","guid":{"rendered":"https:\/\/www.moskito.cz\/produkt\/vystrelovaci-noz-microtech-combat-troodon-fluted-ultom-143-1dlctuls\/"},"modified":"2025-05-07T10:54:13","modified_gmt":"2025-05-07T09:54:13","slug":"vystrelovaci-noz-microtech-combat-troodon-fluted-ultom-143-1dlctuls","status":"publish","type":"product","link":"https:\/\/www.moskito.cz\/sk\/produkt\/vystrelovaci-noz-microtech-combat-troodon-fluted-ultom-143-1dlctuls\/","title":{"rendered":"Vystre\u013eovac\u00ed N\u00f4\u017e Microtech Combat Troodon Fluted Ultom 143-1DLCTULS"},"content":{"rendered":"<p>Vystre\u013eovac\u00ed N\u00f4\u017e Microtech Combat Troodon Fluted Ultom 143-1DLCTULS<\/p>\n<p>Microtech knives najv\u00e4\u010d\u0161\u00ed produk\u010dn\u00fd n\u00f4\u017e OTF je pomenovan\u00fd po dinosaurovi Troodonovi. Combat Troodon je skuto\u010dne ve\u013ek\u00e1 verzia popul\u00e1rneho Troodona. Napriek ve\u013ekosti p\u00f4sob\u00ed rukov\u00e4\u0165 \u0161t\u00edhle a pohodlne.<\/p>\n<p>Tento model je vybaven\u00fd \u010diernou eloxovanou hlin\u00edkovou rukov\u00e4\u0165ou 6061-T6 s ultom top a tla\u010didlom. Jednobrit\u00e1 \u010depe\u013e z nerezovej ocele Magnacut s povrchovou \u00fapravou DLC so \u0161tandardn\u00fdm ostr\u00edm. Rozb\u00edja\u010d skla z nerezovej ocele s \u00fapravou DLC, obojstrann\u00fd vreckov\u00fd klip a hardv\u00e9r. Vreckov\u00e1 spona obsahuje paz\u00far Microtech, logo Signature Series a d\u00e1tum v\u00fdroby.<\/p>\n<p>Krajina p\u00f4vodu: USA<br \/>\nD\u00e1tum p\u00f4vodu: 2023<br \/>\nStav: \u00daplne nov\u00fd<br \/>\nMateri\u00e1l rukov\u00e4te: Hlin\u00edk\/Ultom<br \/>\nMateri\u00e1l \u010depele: Magnacut<br \/>\n\u0160t\u00fdl \u010depele: Drop Point<br \/>\nPovrchov\u00e1 \u00faprava \u010depele: DLC<br \/>\nTyp okraja: \u0160tandard<br \/>\nModel\/Vzor: Bojov\u00fd Troodon<br \/>\nTyp no\u017ea: Dvoj\u010dinn\u00e9 automatick\u00e9 OTF<br \/>\nTyp z\u00e1mku: Vpredu<br \/>\n\u010cepe\u013e D\u013a\u017eka \u010depele: 9.5 cm<br \/>\nTvrdos\u0165 \u010depele (HRC): 61-62<br \/>\nHr\u00fabka \u010depele: 0.24 cm<\/p>\n","protected":false},"excerpt":{"rendered":"<p>V priebehu rokov Microtech\u00ae Knives naplnil v\u00e1\u0161\u0148ou a zru\u010dnos\u0165ou v\u00fdrobu no\u017eov, a\u017e z nich vytvoril takmer umeleck\u00e9 diela, ktor\u00e9 s\u00fa vrcholom funk\u010dnosti. V\u0161etky diely s\u00fa vyroben\u00e9 v USA.<br \/>\nNa v\u0161etky no\u017ee Microtech je do\u017eivotn\u00e1 z\u00e1ruka (min. 80 000 cyklov, otvorenie a zatvorenie)<\/p>\n","protected":false},"featured_media":260028,"comment_status":"open","ping_status":"closed","template":"","meta":[],"pwb-brand":[3200],"product_brand":[],"product_cat":[3186,3197],"product_tag":[3668],"class_list":{"0":"post-260036","1":"product","2":"type-product","3":"status-publish","4":"has-post-thumbnail","6":"pwb-brand-microtech-sk","7":"product_cat-noze-sk","8":"product_cat-vystrelovacie-noze-sk","9":"product_tag-b2b-sk","11":"first","12":"outofstock","13":"taxable","14":"shipping-taxable","15":"purchasable","16":"product-type-simple"},"brands":[{"id":3200,"name":"Microtech","slug":"microtech-sk"}],"_links":{"self":[{"href":"https:\/\/www.moskito.cz\/sk\/wp-json\/wp\/v2\/product\/260036","targetHints":{"allow":["GET"]}}],"collection":[{"href":"https:\/\/www.moskito.cz\/sk\/wp-json\/wp\/v2\/product"}],"about":[{"href":"https:\/\/www.moskito.cz\/sk\/wp-json\/wp\/v2\/types\/product"}],"replies":[{"embeddable":true,"href":"https:\/\/www.moskito.cz\/sk\/wp-json\/wp\/v2\/comments?post=260036"}],"wp:featuredmedia":[{"embeddable":true,"href":"https:\/\/www.moskito.cz\/sk\/wp-json\/wp\/v2\/media\/260028"}],"wp:attachment":[{"href":"https:\/\/www.moskito.cz\/sk\/wp-json\/wp\/v2\/media?parent=260036"}],"wp:term":[{"taxonomy":"pwb-brand","embeddable":true,"href":"https:\/\/www.moskito.cz\/sk\/wp-json\/wp\/v2\/pwb-brand?post=260036"},{"taxonomy":"product_brand","embeddable":true,"href":"https:\/\/www.moskito.cz\/sk\/wp-json\/wp\/v2\/product_brand?post=260036"},{"taxonomy":"product_cat","embeddable":true,"href":"https:\/\/www.moskito.cz\/sk\/wp-json\/wp\/v2\/product_cat?post=260036"},{"taxonomy":"product_tag","embeddable":true,"href":"https:\/\/www.moskito.cz\/sk\/wp-json\/wp\/v2\/product_tag?post=260036"}],"curies":[{"name":"wp","href":"https:\/\/api.w.org\/{rel}","templated":true}]}}